{"id":960,"date":"2020-03-27T19:50:56","date_gmt":"2020-03-27T19:50:56","guid":{"rendered":"https:\/\/www.radiomotorola.cl\/tienda\/producto\/a13960507-mh-45b4b-microfono-de-altavoz-con-cancelacion-de-ruido\/"},"modified":"2026-03-06T10:03:16","modified_gmt":"2026-03-06T14:03:16","slug":"a13960507-mh-45b4b-microfono-de-altavoz-con-cancelacion-de-ruido","status":"publish","type":"product","link":"https:\/\/www.radiospro.cl\/tienda\/producto\/a13960507-mh-45b4b-microfono-de-altavoz-con-cancelacion-de-ruido\/","title":{"rendered":"A13960507 &#8211; MH-45B4B Micr\u00f3fono de altavoz con cancelaci\u00f3n de ruido"},"content":{"rendered":"<p>Micr\u00f3fono Compatible con: VX261 VX264<\/p>\n","protected":false},"excerpt":{"rendered":"<p>Micr\u00f3fono Compatible con: VX261 VX264<\/p>\n","protected":false},"featured_media":1609,"comment_status":"open","ping_status":"closed","template":"","meta":[],"product_brand":[],"product_cat":[56],"product_tag":[],"class_list":{"0":"post-960","1":"product","2":"type-product","3":"status-publish","4":"has-post-thumbnail","6":"product_cat-microfonos","8":"first","9":"outofstock","10":"sale","11":"taxable","12":"shipping-taxable","13":"purchasable","14":"product-type-simple"},"_links":{"self":[{"href":"https:\/\/www.radiospro.cl\/tienda\/wp-json\/wp\/v2\/product\/960","targetHints":{"allow":["GET"]}}],"collection":[{"href":"https:\/\/www.radiospro.cl\/tienda\/wp-json\/wp\/v2\/product"}],"about":[{"href":"https:\/\/www.radiospro.cl\/tienda\/wp-json\/wp\/v2\/types\/product"}],"replies":[{"embeddable":true,"href":"https:\/\/www.radiospro.cl\/tienda\/wp-json\/wp\/v2\/comments?post=960"}],"wp:featuredmedia":[{"embeddable":true,"href":"https:\/\/www.radiospro.cl\/tienda\/wp-json\/wp\/v2\/media\/1609"}],"wp:attachment":[{"href":"https:\/\/www.radiospro.cl\/tienda\/wp-json\/wp\/v2\/media?parent=960"}],"wp:term":[{"taxonomy":"product_brand","embeddable":true,"href":"https:\/\/www.radiospro.cl\/tienda\/wp-json\/wp\/v2\/product_brand?post=960"},{"taxonomy":"product_cat","embeddable":true,"href":"https:\/\/www.radiospro.cl\/tienda\/wp-json\/wp\/v2\/product_cat?post=960"},{"taxonomy":"product_tag","embeddable":true,"href":"https:\/\/www.radiospro.cl\/tienda\/wp-json\/wp\/v2\/product_tag?post=960"}],"curies":[{"name":"wp","href":"https:\/\/api.w.org\/{rel}","templated":true}]}}