{"id":96,"date":"2020-03-20T23:03:10","date_gmt":"2020-03-20T23:03:10","guid":{"rendered":"https:\/\/www.radiomotorola.cl\/tienda\/?post_type=product&#038;p=96"},"modified":"2025-11-07T17:06:28","modified_gmt":"2025-11-07T21:06:28","slug":"dgp5050e","status":"publish","type":"product","link":"https:\/\/www.radiospro.cl\/tienda\/producto\/dgp5050e\/","title":{"rendered":"DGP5050e VHF UHF"},"content":{"rendered":"<p>Los radios Motorola <strong>DGP5050<\/strong>\u00a0integran voz y datos sin limitaci\u00f3n; ofrecen funciones optimizadas f\u00e1ciles de usar, y aportan beneficios de operaciones empresariales cr\u00edticas, como Bluetooth\u00ae integrado y Audio Inteligente.<\/p>\n<p>Desde el trabajador de f\u00e1brica que produce componentes al personal en ruta que realiza reparaciones, las soluciones escalables MOTOTRBO pueden transformar su empresa y lograr que las comunicaciones entre los empleados sean m\u00e1s inteligentes y seguras. Nuestro audio de la mejor calidad y las capacidades inigualables de datos transforman al trabajador m\u00f3vil como nunca antes se vio.<\/p>\n<p>El radio port\u00e1til\u00a0<strong>DGP5050<\/strong>\u00a0ofrece comunicaciones de voz y datos inigualables con audio y datos por Bluetooth\u00ae integrado, GPS integrado y audio de la mejor calidad que incluye Audio Inteligente y anuncio de voz personalizable.<\/p>\n<p>El radio\u00a0<strong>DGP5050<\/strong>\u00a0est\u00e1 disponible en bandas de frecuencia UHF y VHF e incluye soporte para hasta 32 canales, tres botones programables, bot\u00f3n de emergencia, especificaciones IP57 para sumergibilidad y opci\u00f3n de seguridad intr\u00ednseca FM.<\/p>\n<p>&nbsp;<\/p>\n<h3>CONECTIVIDAD<\/h3>\n<p>Los radios MOTOTRBO Series <strong>DGP5050e<\/strong>\u00a0pertenecen a una familia de radios digitales est\u00e1ndar DMR que ofrece voz y datos de operaci\u00f3n cr\u00edtica. La funcionalidad de audio Bluetooth\u00ae le permite hablar sin cables, la funci\u00f3n Wi-Fi integrada posibilita la administraci\u00f3n remota y las capacidades de ubicaci\u00f3n y seguimiento tanto para interiores como para exteriores le proporcionan un inmejorable nivel de visibilidad de sus recursos. Su compatibilidad con soluciones de troncalizaci\u00f3n y tecnolog\u00eda anal\u00f3gica existente le permite mantener a su organizaci\u00f3n conectada a medida que se expande.<\/p>\n<h3>SEGURIDAD<\/h3>\n<p>Proteja a su personal con tecnolog\u00eda PTT receptiva. El bot\u00f3n de emergencia saliente de los radios de las Series DGP5050 permite pedir ayuda con solo un toque; emplea Transmit Interrupt para interrumpir la comunicaci\u00f3n de otros trabajadores si fuese necesario. Adem\u00e1s, cuenta con un aceler\u00f3metro integrado que puede detectar si usted se cae y pedir ayuda autom\u00e1ticamente. El radio es sometido a pruebas de conformidad con los est\u00e1ndares militares y cuenta con certificaci\u00f3n de impermeabilidad IP68&#8230; no le fallar\u00e1 nunca.<\/p>\n<h3>PRODUCTIVIDAD<\/h3>\n<p>La mensajer\u00eda de texto y la administraci\u00f3n de \u00f3rdenes de trabajo simplifican las comunicaciones m\u00e1s complejas, y las capacidades de datos admiten aplicaciones avanzadas. Con amplificador de audio redise\u00f1ado, estos radios permiten o\u00edr la voz m\u00e1s fuerte y con mayor claridad, con cancelaci\u00f3n de ruido industrial que mejora la inteligibilidad. Adem\u00e1s, lo \u00faltimo en tecnolog\u00eda de administraci\u00f3n de energ\u00eda ofrece hasta 27 horas de autonom\u00eda de bater\u00eda para tres turnos de trabajo completos, y el receptor mejorado extiende el alcance en hasta un 8%.<\/p>\n<p>&nbsp;<\/p>\n<h2>\u00bfQU\u00c9 TIENEN DE NUEVO ESTOS RADIOS DE PR\u00d3XIMA GENERACI\u00d3N?<\/h2>\n<h3>M\u00c1S SEGUROS<\/h3>\n<p>\u2022 Aceler\u00f3metro integrado para la funci\u00f3n Trabajador Accidentado opcional<br \/>\n\u2022 Bluetooth\u00ae 4.0 con capacidad de ubicaci\u00f3n y seguimiento para interiores<\/p>\n<h3>M\u00c1S EFICIENTES<\/h3>\n<p>\u2022 Wi-Fi integrado con capacidad de actualizaci\u00f3n de firmware por aire<br \/>\n\u2022 Audio optimizado para mayor claridad con volumen alto<br \/>\n\u2022 Capacidad de ampliaci\u00f3n mejorada para funciones futuras<\/p>\n<h3>M\u00c1S EFICACES<\/h3>\n<p>\u2022 Nueva tecnolog\u00eda de administraci\u00f3n de energ\u00eda para un total de hasta 27 horas de autonom\u00eda de bater\u00eda<br \/>\n\u2022 Receptor mejorado para alcance extendido en hasta un 8%<br \/>\n\u2022 Clasificaci\u00f3n IP68 (2 metros, 2 horas) contra polvo y agua<\/p>\n","protected":false},"excerpt":{"rendered":"<h2>Caracter\u00edsticas<strong> DGP5050e<\/strong><\/h2>\n<ul>\n<li>Canales: 32<\/li>\n<li>Ergon\u00f3mico y ligero<\/li>\n<li>Frecuencia: VHF 136-174 MHz, UHF 403-512 MHz<\/li>\n<li>Potencia: en VHF 5 watts, VHF 4 watts<\/li>\n<li>Audio y datos v\u00eda Bluetooth\u2122<\/li>\n<li>Certificado como intr\u00ednsecamente<\/li>\n<li>Seguro con bater\u00eda FM<\/li>\n<li>Conector IP57 para accesorios<\/li>\n<li>Conectividad v\u00eda Bluetooth V2.1, EDR, 10mts.<\/li>\n<li>Eliminaci\u00f3n de canal no deseado o ruidoso<\/li>\n<li>Potencia de audio de 500 mWatts<\/li>\n<li>Alarma de bater\u00eda baja<\/li>\n<li>Prueba de vida acelerada Motorola ALTTM: lluvia, polvo, salitre, choque de temperaturas, impacto,vibraci\u00f3n, radiaci\u00f3n solar<\/li>\n<li>Cumple con 11 est\u00e1ndares militares MIL-STD-810 C\/D\/E\/F\/G<\/li>\n<\/ul>\n<p>&nbsp;<\/p>\n<h2><strong>DGP5050e Certificada como intr\u00ednsecamente segura<\/strong><\/h2>\n<p>Certificada como intr\u00ednsecamente segura mediante la aprobaci\u00f3n FM cuando se compra y equipa con una\u00a0bater\u00eda FM\u00a0para el uso en ambientes peligrosos.<\/p>\n<p><strong><span style=\"color: #ff0000;\">\u00a0<\/span><\/strong><\/p>\n","protected":false},"featured_media":92,"comment_status":"open","ping_status":"closed","template":"","meta":[],"product_brand":[],"product_cat":[16],"product_tag":[],"class_list":{"0":"post-96","1":"product","2":"type-product","3":"status-publish","4":"has-post-thumbnail","6":"product_cat-portatiles","8":"first","9":"outofstock","10":"taxable","11":"shipping-taxable","12":"product-type-simple"},"_links":{"self":[{"href":"https:\/\/www.radiospro.cl\/tienda\/wp-json\/wp\/v2\/product\/96","targetHints":{"allow":["GET"]}}],"collection":[{"href":"https:\/\/www.radiospro.cl\/tienda\/wp-json\/wp\/v2\/product"}],"about":[{"href":"https:\/\/www.radiospro.cl\/tienda\/wp-json\/wp\/v2\/types\/product"}],"replies":[{"embeddable":true,"href":"https:\/\/www.radiospro.cl\/tienda\/wp-json\/wp\/v2\/comments?post=96"}],"wp:featuredmedia":[{"embeddable":true,"href":"https:\/\/www.radiospro.cl\/tienda\/wp-json\/wp\/v2\/media\/92"}],"wp:attachment":[{"href":"https:\/\/www.radiospro.cl\/tienda\/wp-json\/wp\/v2\/media?parent=96"}],"wp:term":[{"taxonomy":"product_brand","embeddable":true,"href":"https:\/\/www.radiospro.cl\/tienda\/wp-json\/wp\/v2\/product_brand?post=96"},{"taxonomy":"product_cat","embeddable":true,"href":"https:\/\/www.radiospro.cl\/tienda\/wp-json\/wp\/v2\/product_cat?post=96"},{"taxonomy":"product_tag","embeddable":true,"href":"https:\/\/www.radiospro.cl\/tienda\/wp-json\/wp\/v2\/product_tag?post=96"}],"curies":[{"name":"wp","href":"https:\/\/api.w.org\/{rel}","templated":true}]}}