{"id":90,"date":"2020-03-20T22:56:51","date_gmt":"2020-03-20T22:56:51","guid":{"rendered":"https:\/\/www.radiomotorola.cl\/tienda\/?post_type=product&#038;p=90"},"modified":"2025-11-07T17:06:37","modified_gmt":"2025-11-07T21:06:37","slug":"dep570e","status":"publish","type":"product","link":"https:\/\/www.radiospro.cl\/tienda\/producto\/dep570e\/","title":{"rendered":"DEP570e VHF UHF"},"content":{"rendered":"<p>El radio <strong>DEP570e<\/strong>\u00a0ofrece audio de la mejor calidad en una soluci\u00f3n escalable que permite que los usuarios migren a su propio ritmo. Las caracter\u00edsticas de audio inteligente y anuncio por voz permiten comunicarse f\u00e1cilmente en entornos de trabajo dif\u00edciles. Gracias a la interoperabilidad anal\u00f3gica\/digital y la capacidad de expansi\u00f3n de caracter\u00edsticas mediante una simple licencia de software, la transici\u00f3n a las comunicaciones digitales se puede hacer a su propio ritmo y seg\u00fan su presupuesto.<\/p>\n<p>El radio <strong>DEP570e<\/strong>\u00a0est\u00e1 disponible en bandas de frecuencia UHF y VHF e incluye una pantalla de dos l\u00edneas y un teclado limitado para facilitar la navegaci\u00f3n por los men\u00fas, con capacidad de 128 canales, tres botones programables y especificaciones IP55 para protecci\u00f3n contra el agua.<\/p>\n<h3>Caracter\u00edsticas<\/h3>\n<p>&nbsp;<\/p>\n<p><b>Audio l\u00edder en la industria<\/b><br \/>\nSi se trata de brindar una excepcional claridad en el audio, la calidad de las comunicaciones digitales no se puede negar. Los radios port\u00e1tiles de la serie <strong>DEP570e<\/strong>\u00a0ofrecen calidad a trav\u00e9s de su \u00e1rea de cobertura, adem\u00e1s de brindar caracter\u00edsticas \u00fanicas para proporcionar a los empleados la posibilidad de escuchar y hablar claramente, cualquiera sea su lugar de trabajo. En los radios equipados con audio inteligente, el volumen se ajusta autom\u00e1ticamente para compensar el ruido de fondo y, de esta forma, evitar que los trabajadores deban ajustar el volumen de su radio para evitar perder llamadas en condiciones de mucho ruido y molestar a otros cuando se alejan a lugares menos ruidosos.<\/p>\n<p><b>Interoperabilidad anal\u00f3gica y digital<\/b><br \/>\nOpera en modo anal\u00f3gico y digital. Las caracter\u00edsticas como el repetidor din\u00e1mico en modo mixto optimizan el modo de alternar entre llamadas anal\u00f3gicas y digitales. Por lo tanto, solo necesita un repetidor para operar en los dos modos.<\/p>\n<p><b>Transmit Interrupt (se puede obtener con una licencia adicional)<\/b><br \/>\nPermite que el usuario interrumpa la conversaci\u00f3n de otro radio para transmitir una comunicaci\u00f3n cr\u00edtica en el momento y lugar justos y necesarios.<\/p>\n<p><b>Privacidad b\u00e1sica o mejorada (la privacidad mejorada se puede obtener con una licencia adicional)<\/b><br \/>\nCodificaci\u00f3n integrada para mayor seguridad.<\/p>\n<p><b>Dise\u00f1o resistente<\/b><br \/>\nSellado en forma resistente para combatir el viento y el polvo, y con calificaci\u00f3n de protecci\u00f3n contra el agua de IP55.<\/p>\n","protected":false},"excerpt":{"rendered":"<p>Esta evoluci\u00f3n din\u00e1mica de los radios digitales de dos v\u00edas MOTOTRBO lo ayuda a mejorar su conectividad, seguridad y<br \/>\neficiencia. La Serie <strong>DEP570e<\/strong>\u00a0est\u00e1 dise\u00f1ada para el trabajador com\u00fan que siempre necesita comunicaciones eficientes. Con soporte de sistemas y un audio fuerte y claro, estos radios de pr\u00f3xima generaci\u00f3n ofrecen conectividad rentable para su organizaci\u00f3n.<\/p>\n<p>Vea las nuevas caracter\u00edsticas de estos radios de pr\u00f3xima generaci\u00f3n:<\/p>\n<ul>\n<li>Wi-Fi integrado<\/li>\n<li>Actualizaciones de software por aire<\/li>\n<li>Bluetooth\u00ae 4.0*<\/li>\n<li>Calidad de audio mejorada<\/li>\n<li>Capacidad de ampliaci\u00f3n mejorada<\/li>\n<li>Bater\u00eda de mayor duraci\u00f3n (hasta 29 horas)<\/li>\n<li>Mayor alcance (hasta un 8%)<\/li>\n<li>Mayor resistencia al agua (IP67)<\/li>\n<li>Modelos HazLoc disponibles<\/li>\n<\/ul>\n<p>&nbsp;<\/p>\n<h2><strong>DEP570e Certificada como intr\u00ednsecamente segura<\/strong><\/h2>\n<p>Certificada como intr\u00ednsecamente segura mediante la aprobaci\u00f3n FM cuando se compra y equipa con una bater\u00eda FM \u00a0modelo <a href=\"https:\/\/www.radiospro.cl\/tienda\/producto\/pmnn4490-tia-impres-volt-bajo-2900-mah-tia4950-ul\/\">PMNN4490<\/a><\/p>\n<p>para el uso en ambientes peligrosos.<\/p>\n<p>&nbsp;<\/p>\n","protected":false},"featured_media":89,"comment_status":"closed","ping_status":"closed","template":"","meta":[],"product_brand":[],"product_cat":[16],"product_tag":[],"class_list":{"0":"post-90","1":"product","2":"type-product","3":"status-publish","4":"has-post-thumbnail","6":"product_cat-portatiles","8":"first","9":"outofstock","10":"taxable","11":"shipping-taxable","12":"product-type-simple"},"_links":{"self":[{"href":"https:\/\/www.radiospro.cl\/tienda\/wp-json\/wp\/v2\/product\/90","targetHints":{"allow":["GET"]}}],"collection":[{"href":"https:\/\/www.radiospro.cl\/tienda\/wp-json\/wp\/v2\/product"}],"about":[{"href":"https:\/\/www.radiospro.cl\/tienda\/wp-json\/wp\/v2\/types\/product"}],"replies":[{"embeddable":true,"href":"https:\/\/www.radiospro.cl\/tienda\/wp-json\/wp\/v2\/comments?post=90"}],"wp:featuredmedia":[{"embeddable":true,"href":"https:\/\/www.radiospro.cl\/tienda\/wp-json\/wp\/v2\/media\/89"}],"wp:attachment":[{"href":"https:\/\/www.radiospro.cl\/tienda\/wp-json\/wp\/v2\/media?parent=90"}],"wp:term":[{"taxonomy":"product_brand","embeddable":true,"href":"https:\/\/www.radiospro.cl\/tienda\/wp-json\/wp\/v2\/product_brand?post=90"},{"taxonomy":"product_cat","embeddable":true,"href":"https:\/\/www.radiospro.cl\/tienda\/wp-json\/wp\/v2\/product_cat?post=90"},{"taxonomy":"product_tag","embeddable":true,"href":"https:\/\/www.radiospro.cl\/tienda\/wp-json\/wp\/v2\/product_tag?post=90"}],"curies":[{"name":"wp","href":"https:\/\/api.w.org\/{rel}","templated":true}]}}