{"id":87,"date":"2020-03-20T22:50:21","date_gmt":"2020-03-20T22:50:21","guid":{"rendered":"https:\/\/www.radiomotorola.cl\/tienda\/?post_type=product&#038;p=87"},"modified":"2025-11-07T17:06:46","modified_gmt":"2025-11-07T21:06:46","slug":"dep550e","status":"publish","type":"product","link":"https:\/\/www.radiospro.cl\/tienda\/producto\/dep550e\/","title":{"rendered":"DEP550e VHF UHF"},"content":{"rendered":"<p>Vers\u00e1til y potente, MOTOTRBO combina lo mejor de la funcionalidad de radio de dos v\u00edas con los \u00faltimos avances en tecnolog\u00eda digital. Los radios de la serie <strong>DEP550e<\/strong>ofrecen la mejor calidad de audio de su clase en una soluci\u00f3n escalable para satisfacer sus necesidades comunicacionales. El hecho de que tambi\u00e9n sean compatibles con soluciones anal\u00f3gicas hace que usted pueda migrar a digital a su propio ritmo y seg\u00fan se lo permita su presupuesto.<\/p>\n<p>Los radios Motorola vienen a reinventar su lugar de trabajo y la manera en la que la gente colabora para ayudarlo a incrementar sus niveles de productividad, seguridad y rentabilidad.<\/p>\n<p>Compatible con la familia de radios MOTOTRBO\u2122 <a href=\"https:\/\/www.radiospro.cl\/tienda\/producto\/dep570e\/\">DEP570e<\/a>, el <strong>DEP550e<\/strong>\u00a0tiene calidad de audio superior, cobertura sobresaliente, bater\u00eda de larga duraci\u00f3n, operan en sistemas IP Site Connect y<a href=\"https:\/\/www.procomit.cl\/radios-motorola\/\" rel=\"noopener\"> Capacity Plus<\/a>. Ofrece una excelente cobertura con bater\u00eda de larga duraci\u00f3n. El radio admite tanto modo anal\u00f3gico como digital y se complementa con una amplia gama de accesorios innovadores.<\/p>\n<ul>\n<li>Recordatorio de canal principal.<\/li>\n<li>Audio inteligente.<\/li>\n<li>Cancelaci\u00f3n de ruido SINC+(opcional).<\/li>\n<li>Supresor de realimentaci\u00f3n ac\u00fastica.<\/li>\n<li>Perfiles de audio seleccionables por usuario.<\/li>\n<li>El software de cancelaci\u00f3n de ruido digital.<\/li>\n<li>Compatible con repetidor.<\/li>\n<li>Anal\u00f3gico \/ Digital.<\/li>\n<li>Duraci\u00f3n de la carga de la bater\u00eda (basada en un ciclo de trabajo de 5% transmisi\u00f3n, 5% recepci\u00f3n, 90% Stand By 5\/5\/90), para una bater\u00eda de 1600 mAh: 11.5 hrs en Anal\u00f3gico \/ 16.5 hrs en Digital.<\/li>\n<li>Espaciado de canal 12.5 KHz y 25 KHz.<\/li>\n<li>Especificaciones militares; 810 C, 810 D, 810 E, 810 F, 810 G.<\/li>\n<li>2 botones programables.<\/li>\n<li>Carga eficiente.<\/li>\n<li>programacion por PC.<\/li>\n<\/ul>\n<p>&nbsp;<\/p>\n<p>&nbsp;<\/p>\n","protected":false},"excerpt":{"rendered":"<h2><b>Caracter\u00edsticas<\/b><strong> DEP550e<\/strong><\/h2>\n<ul>\n<li>Frecuencia: VHF 136-174 MHz, UHF, 403-512 MHz<\/li>\n<li>Canales: 16 Canales<\/li>\n<li>H\u00edbrido opera tanto en modo an\u00e1logo como digital<\/li>\n<li>Ergon\u00f3mico y ligero.<\/li>\n<li>Potencia: VHF 5 watts\u00a0 UHF 4 watts<\/li>\n<li>Bloqueo de canal ocupado<\/li>\n<li>Bot\u00f3n para emergencias<\/li>\n<li>Conector IP55 para accesorios<\/li>\n<li>Llamada privada, grupo y todo el canal<\/li>\n<li>Conectividad v\u00eda Bluetooth V2.1, EDR, 10mts.<\/li>\n<li>Eliminaci\u00f3n de canal no deseado o ruidoso<\/li>\n<li>Llamada de alerta (Escalert)<\/li>\n<li>Alarma de bater\u00eda baja<\/li>\n<li>Prueba de vida acelerada Motorola ALTTM: lluvia, polvo, salitre, choque de temperaturas, impacto, vibraci\u00f3n, radiaci\u00f3n solar<\/li>\n<li>Cumple con 11 est\u00e1ndares militares MIL-STD-810 C\/D\/E\/F\/G<\/li>\n<\/ul>\n<p>&nbsp;<\/p>\n<h2><strong>DEP550e Certificada como intr\u00ednsecamente segura<\/strong><\/h2>\n<p>Certificada como intr\u00ednsecamente segura mediante la aprobaci\u00f3n FM cuando se compra y equipa con una\u00a0bater\u00eda FM\u00a0para el uso en ambientes peligrosos.<\/p>\n","protected":false},"featured_media":86,"comment_status":"open","ping_status":"closed","template":"","meta":[],"product_brand":[],"product_cat":[16],"product_tag":[],"class_list":{"0":"post-87","1":"product","2":"type-product","3":"status-publish","4":"has-post-thumbnail","6":"product_cat-portatiles","8":"first","9":"outofstock","10":"taxable","11":"shipping-taxable","12":"product-type-simple"},"_links":{"self":[{"href":"https:\/\/www.radiospro.cl\/tienda\/wp-json\/wp\/v2\/product\/87","targetHints":{"allow":["GET"]}}],"collection":[{"href":"https:\/\/www.radiospro.cl\/tienda\/wp-json\/wp\/v2\/product"}],"about":[{"href":"https:\/\/www.radiospro.cl\/tienda\/wp-json\/wp\/v2\/types\/product"}],"replies":[{"embeddable":true,"href":"https:\/\/www.radiospro.cl\/tienda\/wp-json\/wp\/v2\/comments?post=87"}],"wp:featuredmedia":[{"embeddable":true,"href":"https:\/\/www.radiospro.cl\/tienda\/wp-json\/wp\/v2\/media\/86"}],"wp:attachment":[{"href":"https:\/\/www.radiospro.cl\/tienda\/wp-json\/wp\/v2\/media?parent=87"}],"wp:term":[{"taxonomy":"product_brand","embeddable":true,"href":"https:\/\/www.radiospro.cl\/tienda\/wp-json\/wp\/v2\/product_brand?post=87"},{"taxonomy":"product_cat","embeddable":true,"href":"https:\/\/www.radiospro.cl\/tienda\/wp-json\/wp\/v2\/product_cat?post=87"},{"taxonomy":"product_tag","embeddable":true,"href":"https:\/\/www.radiospro.cl\/tienda\/wp-json\/wp\/v2\/product_tag?post=87"}],"curies":[{"name":"wp","href":"https:\/\/api.w.org\/{rel}","templated":true}]}}