{"id":83,"date":"2020-03-20T22:42:47","date_gmt":"2020-03-20T22:42:47","guid":{"rendered":"https:\/\/www.radiomotorola.cl\/tienda\/?post_type=product&#038;p=83"},"modified":"2025-02-24T12:40:33","modified_gmt":"2025-02-24T16:40:33","slug":"dem400","status":"publish","type":"product","link":"https:\/\/www.radiospro.cl\/tienda\/producto\/dem400\/","title":{"rendered":"DEM400 VHF en ANALOGO y DIGITAL"},"content":{"rendered":"<h2>Radio DEM400 MOTOTRBO ANALOGO DIGITAL<\/h2>\n<p>Permanezca conectado con sus trabajadores, ya sea que est\u00e9n entregando la carga, despachando los camiones o manejando un bus escolar. El radio Motorola <strong>DEM400<\/strong> MOTOTRBO es una soluci\u00f3n confiable y rentable para mantener al equipo en contacto, de manera que se puedan comunicar, coordinar y colaborar para obtener una eficiencia y una seguridad m\u00e1xima. El Radio <strong>DEM400<\/strong> est\u00e1 dise\u00f1ado para el conductor habitual, para que se puedan conectar sin distracciones.<\/p>\n<p>Este radio m\u00f3vil anal\u00f3gico\/digital ofrece todos los beneficios de la \u00faltima tecnolog\u00eda, desde calidad superior de audio hasta mayor cobertura. Adem\u00e1s, es compatible con las funciones MOTOTRBO avanzadas esenciales para la empresa, como interrupci\u00f3n de transmisi\u00f3n (solo decodificaci\u00f3n) para priorizar la comunicaci\u00f3n esencial.<\/p>\n<p>El modelo solo anal\u00f3gico del <strong>DEM400<\/strong> le permite actualizarse a digital con un paquete de software simple, cuando le acomode. El <strong>DEM400<\/strong> es f\u00e1cil de usar y entrega una comunicaci\u00f3n clara para una m\u00e1xima eficiencia de funcionamiento. Motorola ofrece adem\u00e1s el radio m\u00f3vil <strong>DEM400<\/strong> MOTOTRBO con pantalla alfanum\u00e9rica.<\/p>\n","protected":false},"excerpt":{"rendered":"<p><b>Capacidad de interrupci\u00f3n de transmisi\u00f3n<\/b>: permite que un usuario interrumpa la conversaci\u00f3n de otro radio para transmitir una comunicaci\u00f3n esencial, exactamente en el momento y lugar necesarios.<\/p>\n<p><b>Compatible con el conjunto de aplicaciones de administraci\u00f3n del radio<\/b>: programa sus radios r\u00e1pidamente y de manera eficaz, mediante la herramienta de administraci\u00f3n de radios. Los radios se pueden programar por lotes seg\u00fan una plantilla estandarizada, lo que evita errores y obtiene mejor rendimiento.<\/p>\n<p><b>Clasificado IP57<\/b>: resistente al polvo y derrames, as\u00ed que puede trabajar con confianza en entornos desafiantes.<\/p>\n<p><strong>Caracter\u00edsticas<\/strong><\/p>\n<p>\u2022 Radio movil DIGITAL<br \/>\n\u2022 Interrupci\u00f3n de transmisi\u00f3n<br \/>\n\u2022 Anuncio de voz<br \/>\n\u2022 Carga eficiente y f\u00e1cil programaci\u00f3n<\/p>\n<p><strong>Especificaciones t\u00e9cnicas:<\/strong><\/p>\n<ul>\n<li>Banda VHF : Frecuencia 136-174 MHZ.<\/li>\n<li>Canales : 64 canales alfanum\u00e9ricos<\/li>\n<li>Potencia : 25W<\/li>\n<li>Medidas : 44 x 169 x 134 mm<\/li>\n<li>Peso : 1,3 kilos<\/li>\n<li>Garant\u00eda : 24 meses<\/li>\n<li>Certificaci\u00f3n : IP54<\/li>\n<\/ul>\n<p>&nbsp;<\/p>\n","protected":false},"featured_media":63,"comment_status":"open","ping_status":"closed","template":"","meta":[],"product_brand":[],"product_cat":[27],"product_tag":[35,28,26],"class_list":{"0":"post-83","1":"product","2":"type-product","3":"status-publish","4":"has-post-thumbnail","6":"product_cat-moviles","7":"product_tag-45w","8":"product_tag-dem400","9":"product_tag-digital","11":"first","12":"outofstock","13":"taxable","14":"shipping-taxable","15":"product-type-simple"},"_links":{"self":[{"href":"https:\/\/www.radiospro.cl\/tienda\/wp-json\/wp\/v2\/product\/83","targetHints":{"allow":["GET"]}}],"collection":[{"href":"https:\/\/www.radiospro.cl\/tienda\/wp-json\/wp\/v2\/product"}],"about":[{"href":"https:\/\/www.radiospro.cl\/tienda\/wp-json\/wp\/v2\/types\/product"}],"replies":[{"embeddable":true,"href":"https:\/\/www.radiospro.cl\/tienda\/wp-json\/wp\/v2\/comments?post=83"}],"wp:featuredmedia":[{"embeddable":true,"href":"https:\/\/www.radiospro.cl\/tienda\/wp-json\/wp\/v2\/media\/63"}],"wp:attachment":[{"href":"https:\/\/www.radiospro.cl\/tienda\/wp-json\/wp\/v2\/media?parent=83"}],"wp:term":[{"taxonomy":"product_brand","embeddable":true,"href":"https:\/\/www.radiospro.cl\/tienda\/wp-json\/wp\/v2\/product_brand?post=83"},{"taxonomy":"product_cat","embeddable":true,"href":"https:\/\/www.radiospro.cl\/tienda\/wp-json\/wp\/v2\/product_cat?post=83"},{"taxonomy":"product_tag","embeddable":true,"href":"https:\/\/www.radiospro.cl\/tienda\/wp-json\/wp\/v2\/product_tag?post=83"}],"curies":[{"name":"wp","href":"https:\/\/api.w.org\/{rel}","templated":true}]}}