{"id":81,"date":"2020-03-20T19:57:29","date_gmt":"2020-03-20T19:57:29","guid":{"rendered":"https:\/\/www.radiomotorola.cl\/tienda\/?post_type=product&#038;p=81"},"modified":"2026-03-06T09:57:54","modified_gmt":"2026-03-06T13:57:54","slug":"dem300","status":"publish","type":"product","link":"https:\/\/www.radiospro.cl\/tienda\/producto\/dem300\/","title":{"rendered":"DEM300 VHF UHF"},"content":{"rendered":"<p>Los radios MOTOTRBO <strong>DEM300<\/strong> est\u00e1n disponibles como radios m\u00f3viles anal\u00f3gicos\/digitales, con todos los beneficios de la tecnolog\u00eda m\u00e1s moderna, desde una calidad de audio extra fuerte hasta mayor cobertura.<\/p>\n<p>Estos dispositivos asequibles son compatibles con las funciones avanzadas de MOTOTRBO esenciales para su empresa; por ejemplo, la posibilidad de interrumpir una transmisi\u00f3n para priorizar comunicaciones cr\u00edticas.<\/p>\n<p>Los radios <strong>DEM300<\/strong> son f\u00e1ciles de usar y ofrecen comunicaciones de voz tan claras que se sorprender\u00e1 de lo eficiente que puede ser su operaci\u00f3n.<\/p>\n","protected":false},"excerpt":{"rendered":"<h2><b>Caracter\u00edsticas<\/b><strong>\u00a0DEM300<\/strong><\/h2>\n<ul>\n<li>Frecuencia: vhf 136-174 mhz. \/ uhf 403-470 mhz.<\/li>\n<li>Pantalla num\u00e9rica.<\/li>\n<li>Canales: 16<\/li>\n<li>Potencia: 25 w.<\/li>\n<li>Espaciamiento de canal: 12.5 \/ 25 khz<\/li>\n<li>Est\u00e1ndares ip54<\/li>\n<\/ul>\n","protected":false},"featured_media":60,"comment_status":"open","ping_status":"closed","template":"","meta":[],"product_brand":[],"product_cat":[27],"product_tag":[],"class_list":{"0":"post-81","1":"product","2":"type-product","3":"status-publish","4":"has-post-thumbnail","6":"product_cat-moviles","8":"first","9":"instock","10":"sale","11":"taxable","12":"shipping-taxable","13":"purchasable","14":"product-type-variable"},"_links":{"self":[{"href":"https:\/\/www.radiospro.cl\/tienda\/wp-json\/wp\/v2\/product\/81","targetHints":{"allow":["GET"]}}],"collection":[{"href":"https:\/\/www.radiospro.cl\/tienda\/wp-json\/wp\/v2\/product"}],"about":[{"href":"https:\/\/www.radiospro.cl\/tienda\/wp-json\/wp\/v2\/types\/product"}],"replies":[{"embeddable":true,"href":"https:\/\/www.radiospro.cl\/tienda\/wp-json\/wp\/v2\/comments?post=81"}],"wp:featuredmedia":[{"embeddable":true,"href":"https:\/\/www.radiospro.cl\/tienda\/wp-json\/wp\/v2\/media\/60"}],"wp:attachment":[{"href":"https:\/\/www.radiospro.cl\/tienda\/wp-json\/wp\/v2\/media?parent=81"}],"wp:term":[{"taxonomy":"product_brand","embeddable":true,"href":"https:\/\/www.radiospro.cl\/tienda\/wp-json\/wp\/v2\/product_brand?post=81"},{"taxonomy":"product_cat","embeddable":true,"href":"https:\/\/www.radiospro.cl\/tienda\/wp-json\/wp\/v2\/product_cat?post=81"},{"taxonomy":"product_tag","embeddable":true,"href":"https:\/\/www.radiospro.cl\/tienda\/wp-json\/wp\/v2\/product_tag?post=81"}],"curies":[{"name":"wp","href":"https:\/\/api.w.org\/{rel}","templated":true}]}}