{"id":79,"date":"2020-03-20T19:48:21","date_gmt":"2020-03-20T19:48:21","guid":{"rendered":"https:\/\/www.radiomotorola.cl\/tienda\/?post_type=product&#038;p=79"},"modified":"2021-09-21T15:17:15","modified_gmt":"2021-09-21T15:17:15","slug":"sl500e","status":"publish","type":"product","link":"https:\/\/www.radiospro.cl\/tienda\/producto\/sl500e\/","title":{"rendered":"SL500e VHF UHF"},"content":{"rendered":"","protected":false},"excerpt":{"rendered":"<p>Ahora, su empresa puede obtener el poder de la comunicaci\u00f3n de dos v\u00edas instant\u00e1nea sin comprometer su estilo.<\/p>\n<p>Con su dise\u00f1o delgado y liviano, el radio port\u00e1til de dos v\u00edas MOTOTRBO SL500e es elegante y discreto. Combina perfectamente con atuendo ejecutivo y le permite moverse con total libertad. Adem\u00e1s, es resistente y est\u00e1 construido para durar.<\/p>\n<p>Obtenga acceso r\u00e1pido a funciones esenciales de radio y a la informaci\u00f3n con solo un vistazo. Con\u00e9ctese con discreci\u00f3n v\u00eda sensores y auriculares Bluetooth\u00ae. Acceda a redes Wi-Fi para actualizaciones de software a trav\u00e9s del aire. Use tambi\u00e9n los sistemas troncalizados del SL500e habilitados para voz y datos.<\/p>\n","protected":false},"featured_media":78,"comment_status":"open","ping_status":"closed","template":"","meta":[],"product_brand":[],"product_cat":[16],"product_tag":[],"class_list":{"0":"post-79","1":"product","2":"type-product","3":"status-publish","4":"has-post-thumbnail","6":"product_cat-portatiles","8":"first","9":"outofstock","10":"taxable","11":"shipping-taxable","12":"product-type-simple"},"_links":{"self":[{"href":"https:\/\/www.radiospro.cl\/tienda\/wp-json\/wp\/v2\/product\/79","targetHints":{"allow":["GET"]}}],"collection":[{"href":"https:\/\/www.radiospro.cl\/tienda\/wp-json\/wp\/v2\/product"}],"about":[{"href":"https:\/\/www.radiospro.cl\/tienda\/wp-json\/wp\/v2\/types\/product"}],"replies":[{"embeddable":true,"href":"https:\/\/www.radiospro.cl\/tienda\/wp-json\/wp\/v2\/comments?post=79"}],"wp:featuredmedia":[{"embeddable":true,"href":"https:\/\/www.radiospro.cl\/tienda\/wp-json\/wp\/v2\/media\/78"}],"wp:attachment":[{"href":"https:\/\/www.radiospro.cl\/tienda\/wp-json\/wp\/v2\/media?parent=79"}],"wp:term":[{"taxonomy":"product_brand","embeddable":true,"href":"https:\/\/www.radiospro.cl\/tienda\/wp-json\/wp\/v2\/product_brand?post=79"},{"taxonomy":"product_cat","embeddable":true,"href":"https:\/\/www.radiospro.cl\/tienda\/wp-json\/wp\/v2\/product_cat?post=79"},{"taxonomy":"product_tag","embeddable":true,"href":"https:\/\/www.radiospro.cl\/tienda\/wp-json\/wp\/v2\/product_tag?post=79"}],"curies":[{"name":"wp","href":"https:\/\/api.w.org\/{rel}","templated":true}]}}