{"id":755,"date":"2020-03-26T23:56:26","date_gmt":"2020-03-26T23:56:26","guid":{"rendered":"https:\/\/www.radiomotorola.cl\/tienda\/producto\/rln6544-microfono-inalambrico-de-largo-alcance-con-bateria-y-clip\/"},"modified":"2025-01-13T12:20:33","modified_gmt":"2025-01-13T16:20:33","slug":"rln6544-microfono-inalambrico-de-largo-alcance-con-bateria-y-clip","status":"publish","type":"product","link":"https:\/\/www.radiospro.cl\/tienda\/producto\/rln6544-microfono-inalambrico-de-largo-alcance-con-bateria-y-clip\/","title":{"rendered":"RLN6544 &#8211; Micr\u00f3fono inal\u00e1mbrico de largo alcance con bater\u00eda y clip"},"content":{"rendered":"<p>Accesorio inalambrico Compatible con: DGM4100 DGM6100 DGM4100+ DGM5000e DGM5500e<\/p>\n","protected":false},"excerpt":{"rendered":"<p>Accesorio inalambrico Compatible con: DGM4100 DGM6100 DGM4100+ DGM5000e DGM5500e<\/p>\n","protected":false},"featured_media":1535,"comment_status":"open","ping_status":"closed","template":"","meta":[],"product_brand":[],"product_cat":[71],"product_tag":[],"class_list":{"0":"post-755","1":"product","2":"type-product","3":"status-publish","4":"has-post-thumbnail","6":"product_cat-bluetooth","8":"first","9":"outofstock","10":"sale","11":"taxable","12":"shipping-taxable","13":"purchasable","14":"product-type-simple"},"_links":{"self":[{"href":"https:\/\/www.radiospro.cl\/tienda\/wp-json\/wp\/v2\/product\/755","targetHints":{"allow":["GET"]}}],"collection":[{"href":"https:\/\/www.radiospro.cl\/tienda\/wp-json\/wp\/v2\/product"}],"about":[{"href":"https:\/\/www.radiospro.cl\/tienda\/wp-json\/wp\/v2\/types\/product"}],"replies":[{"embeddable":true,"href":"https:\/\/www.radiospro.cl\/tienda\/wp-json\/wp\/v2\/comments?post=755"}],"wp:featuredmedia":[{"embeddable":true,"href":"https:\/\/www.radiospro.cl\/tienda\/wp-json\/wp\/v2\/media\/1535"}],"wp:attachment":[{"href":"https:\/\/www.radiospro.cl\/tienda\/wp-json\/wp\/v2\/media?parent=755"}],"wp:term":[{"taxonomy":"product_brand","embeddable":true,"href":"https:\/\/www.radiospro.cl\/tienda\/wp-json\/wp\/v2\/product_brand?post=755"},{"taxonomy":"product_cat","embeddable":true,"href":"https:\/\/www.radiospro.cl\/tienda\/wp-json\/wp\/v2\/product_cat?post=755"},{"taxonomy":"product_tag","embeddable":true,"href":"https:\/\/www.radiospro.cl\/tienda\/wp-json\/wp\/v2\/product_tag?post=755"}],"curies":[{"name":"wp","href":"https:\/\/api.w.org\/{rel}","templated":true}]}}