{"id":752,"date":"2020-03-26T23:56:26","date_gmt":"2020-03-26T23:56:26","guid":{"rendered":"https:\/\/www.radiomotorola.cl\/tienda\/producto\/pmln7052-kit-de-vigilancia-inalambrica-de-1-cable-de-operaciones-criticas-con-tubo-translucido\/"},"modified":"2024-11-08T11:24:45","modified_gmt":"2024-11-08T15:24:45","slug":"pmln7052-kit-de-vigilancia-inalambrica-de-1-cable-de-operaciones-criticas-con-tubo-translucido","status":"publish","type":"product","link":"https:\/\/www.radiospro.cl\/tienda\/producto\/pmln7052-kit-de-vigilancia-inalambrica-de-1-cable-de-operaciones-criticas-con-tubo-translucido\/","title":{"rendered":"PMLN7052 &#8211; Kit de vigilancia inal\u00e1mbrica de 1 cable de operaciones cr\u00edticas con tubo transl\u00facido"},"content":{"rendered":"<p>Accesorio inalambrico Compatible con: DGM5000e DGM5500e DGM8000e DGM8500e<\/p>\n","protected":false},"excerpt":{"rendered":"<p>Accesorio inalambrico Compatible con: DGM5000e DGM5500e DGM8000e DGM8500e<\/p>\n","protected":false},"featured_media":1071,"comment_status":"open","ping_status":"closed","template":"","meta":[],"product_brand":[],"product_cat":[71],"product_tag":[],"class_list":{"0":"post-752","1":"product","2":"type-product","3":"status-publish","4":"has-post-thumbnail","6":"product_cat-bluetooth","8":"first","9":"outofstock","10":"sale","11":"taxable","12":"shipping-taxable","13":"purchasable","14":"product-type-simple"},"_links":{"self":[{"href":"https:\/\/www.radiospro.cl\/tienda\/wp-json\/wp\/v2\/product\/752","targetHints":{"allow":["GET"]}}],"collection":[{"href":"https:\/\/www.radiospro.cl\/tienda\/wp-json\/wp\/v2\/product"}],"about":[{"href":"https:\/\/www.radiospro.cl\/tienda\/wp-json\/wp\/v2\/types\/product"}],"replies":[{"embeddable":true,"href":"https:\/\/www.radiospro.cl\/tienda\/wp-json\/wp\/v2\/comments?post=752"}],"wp:featuredmedia":[{"embeddable":true,"href":"https:\/\/www.radiospro.cl\/tienda\/wp-json\/wp\/v2\/media\/1071"}],"wp:attachment":[{"href":"https:\/\/www.radiospro.cl\/tienda\/wp-json\/wp\/v2\/media?parent=752"}],"wp:term":[{"taxonomy":"product_brand","embeddable":true,"href":"https:\/\/www.radiospro.cl\/tienda\/wp-json\/wp\/v2\/product_brand?post=752"},{"taxonomy":"product_cat","embeddable":true,"href":"https:\/\/www.radiospro.cl\/tienda\/wp-json\/wp\/v2\/product_cat?post=752"},{"taxonomy":"product_tag","embeddable":true,"href":"https:\/\/www.radiospro.cl\/tienda\/wp-json\/wp\/v2\/product_tag?post=752"}],"curies":[{"name":"wp","href":"https:\/\/api.w.org\/{rel}","templated":true}]}}