{"id":70,"date":"2020-03-20T19:26:09","date_gmt":"2020-03-20T19:26:09","guid":{"rendered":"https:\/\/www.radiomotorola.cl\/tienda\/?post_type=product&#038;p=70"},"modified":"2021-09-21T15:17:10","modified_gmt":"2021-09-21T15:17:10","slug":"sl500","status":"publish","type":"product","link":"https:\/\/www.radiospro.cl\/tienda\/producto\/sl500\/","title":{"rendered":"SL500 VHF"},"content":{"rendered":"","protected":false},"excerpt":{"rendered":"<p>El MOTOTRBO\u2122 SL500 proporciona comunicaci\u00f3n pulsar para hablar confiable para el usuario m\u00f3vil diario en un perfil resistente y ultra delgado. Ya sea que est\u00e9 coordinando un evento o trabajando en campo, el SL500 est\u00e1 dise\u00f1ado para mantenerlo eficientemente conectado. La m\u00e1s avanzada tecnolog\u00eda hace con que el manejo del SL500 sea simple y directo. El dise\u00f1o ergon\u00f3mico permite la operaci\u00f3n del radio con una sola mano, y un vers\u00e1til portafolio de accesorios le proporciona libertad para enfocarse en su tarea.<\/p>\n<p>El SL500 es compatible con las funcionalidades MOTOTRBO esenciales para los negocios; por ejemplo, una transmisi\u00f3n puede ser interrumpida para priorizar las comunicaciones cr\u00edticas. Adem\u00e1s, el SL500 utiliza tecnolog\u00eda de radio digital y anal\u00f3gica al mismo tiempo para adaptarse sin inconvenientes a su sistema de comunicaciones existente.<\/p>\n","protected":false},"featured_media":71,"comment_status":"open","ping_status":"closed","template":"","meta":[],"product_brand":[],"product_cat":[16],"product_tag":[],"class_list":{"0":"post-70","1":"product","2":"type-product","3":"status-publish","4":"has-post-thumbnail","6":"product_cat-portatiles","8":"first","9":"outofstock","10":"taxable","11":"shipping-taxable","12":"product-type-simple"},"_links":{"self":[{"href":"https:\/\/www.radiospro.cl\/tienda\/wp-json\/wp\/v2\/product\/70","targetHints":{"allow":["GET"]}}],"collection":[{"href":"https:\/\/www.radiospro.cl\/tienda\/wp-json\/wp\/v2\/product"}],"about":[{"href":"https:\/\/www.radiospro.cl\/tienda\/wp-json\/wp\/v2\/types\/product"}],"replies":[{"embeddable":true,"href":"https:\/\/www.radiospro.cl\/tienda\/wp-json\/wp\/v2\/comments?post=70"}],"wp:featuredmedia":[{"embeddable":true,"href":"https:\/\/www.radiospro.cl\/tienda\/wp-json\/wp\/v2\/media\/71"}],"wp:attachment":[{"href":"https:\/\/www.radiospro.cl\/tienda\/wp-json\/wp\/v2\/media?parent=70"}],"wp:term":[{"taxonomy":"product_brand","embeddable":true,"href":"https:\/\/www.radiospro.cl\/tienda\/wp-json\/wp\/v2\/product_brand?post=70"},{"taxonomy":"product_cat","embeddable":true,"href":"https:\/\/www.radiospro.cl\/tienda\/wp-json\/wp\/v2\/product_cat?post=70"},{"taxonomy":"product_tag","embeddable":true,"href":"https:\/\/www.radiospro.cl\/tienda\/wp-json\/wp\/v2\/product_tag?post=70"}],"curies":[{"name":"wp","href":"https:\/\/api.w.org\/{rel}","templated":true}]}}