{"id":517,"date":"2020-03-25T23:17:05","date_gmt":"2020-03-25T23:17:05","guid":{"rendered":"https:\/\/www.radiomotorola.cl\/tienda\/producto\/rln6562-mpr-inalambrico-para-operaciones-criticas-con-bateria-clip-y-cargador-dual\/"},"modified":"2026-03-06T10:00:21","modified_gmt":"2026-03-06T14:00:21","slug":"rln6562-mpr-inalambrico-para-operaciones-criticas-con-bateria-clip-y-cargador-dual","status":"publish","type":"product","link":"https:\/\/www.radiospro.cl\/tienda\/producto\/rln6562-mpr-inalambrico-para-operaciones-criticas-con-bateria-clip-y-cargador-dual\/","title":{"rendered":"RLN6562 &#8211; MPR inal\u00e1mbrico para operaciones cr\u00edticas con bater\u00eda, clip y cargador dual"},"content":{"rendered":"<p>Microfono Compatible con: DGP4100 DGP6100 DG6100+ DGP5050e, DGP5550e DGP8050e, DGP8550e<\/p>\n","protected":false},"excerpt":{"rendered":"<p>Microfono Compatible con: DGP4100 DGP6100 DG6100+ DGP5050e, DGP5550e DGP8050e, DGP8550e<\/p>\n","protected":false},"featured_media":1109,"comment_status":"open","ping_status":"closed","template":"","meta":[],"product_brand":[],"product_cat":[56],"product_tag":[],"class_list":{"0":"post-517","1":"product","2":"type-product","3":"status-publish","4":"has-post-thumbnail","6":"product_cat-microfonos","8":"first","9":"outofstock","10":"sale","11":"taxable","12":"shipping-taxable","13":"purchasable","14":"product-type-simple"},"_links":{"self":[{"href":"https:\/\/www.radiospro.cl\/tienda\/wp-json\/wp\/v2\/product\/517","targetHints":{"allow":["GET"]}}],"collection":[{"href":"https:\/\/www.radiospro.cl\/tienda\/wp-json\/wp\/v2\/product"}],"about":[{"href":"https:\/\/www.radiospro.cl\/tienda\/wp-json\/wp\/v2\/types\/product"}],"replies":[{"embeddable":true,"href":"https:\/\/www.radiospro.cl\/tienda\/wp-json\/wp\/v2\/comments?post=517"}],"wp:featuredmedia":[{"embeddable":true,"href":"https:\/\/www.radiospro.cl\/tienda\/wp-json\/wp\/v2\/media\/1109"}],"wp:attachment":[{"href":"https:\/\/www.radiospro.cl\/tienda\/wp-json\/wp\/v2\/media?parent=517"}],"wp:term":[{"taxonomy":"product_brand","embeddable":true,"href":"https:\/\/www.radiospro.cl\/tienda\/wp-json\/wp\/v2\/product_brand?post=517"},{"taxonomy":"product_cat","embeddable":true,"href":"https:\/\/www.radiospro.cl\/tienda\/wp-json\/wp\/v2\/product_cat?post=517"},{"taxonomy":"product_tag","embeddable":true,"href":"https:\/\/www.radiospro.cl\/tienda\/wp-json\/wp\/v2\/product_tag?post=517"}],"curies":[{"name":"wp","href":"https:\/\/api.w.org\/{rel}","templated":true}]}}