{"id":4808,"date":"2025-11-07T16:52:52","date_gmt":"2025-11-07T20:52:52","guid":{"rendered":"https:\/\/www.radiospro.cl\/tienda\/?post_type=product&#038;p=4808"},"modified":"2025-11-07T17:27:10","modified_gmt":"2025-11-07T21:27:10","slug":"xtl-2500","status":"publish","type":"product","link":"https:\/\/www.radiospro.cl\/tienda\/producto\/xtl-2500\/","title":{"rendered":"Radio Motorola XTL 2500"},"content":{"rendered":"","protected":false},"excerpt":{"rendered":"<div class=\"elementor-element elementor-element-34895c6 elementor-widget elementor-widget-shortcode\" data-id=\"34895c6\" data-element_type=\"widget\" data-widget_type=\"shortcode.default\">\n<div class=\"elementor-widget-container\">\n<div class=\"elementor-shortcode\"><\/div>\n<\/div>\n<\/div>\n<div class=\"elementor-element elementor-element-6112c2a elementor-widget elementor-widget-woocommerce-product-content\" data-id=\"6112c2a\" data-element_type=\"widget\" data-widget_type=\"woocommerce-product-content.default\">\n<div class=\"elementor-widget-container\">\n<p>El radio m\u00f3vil Motorola \u00a0XTL 2500 es sumamente efectivo en situaciones exigentes. Ideal para operaciones de misi\u00f3n cr\u00edtica, este dispositivo combina tecnolog\u00eda visionaria.<br \/>\nPosee funciones de avanzada y la calidad Motorola para garantizar una comunicaci\u00f3n clara y uniforme. El transceptor de alta calidad y la elegante interfaz de usuario ofrecen excelentes resultados en todo momento, ya sea que busque interoperabilidad de P25, datos o funciones de encriptaci\u00f3n.<\/p>\n<\/div>\n<p><strong>Dise\u00f1o ergon\u00f3mico robusto<br \/>\n<\/strong>Puede soportar el mal tiempo y los choques.<\/p>\n<p><strong>Interfaz XTL<br \/>\n<\/strong>Ofrece una interfaz de usuario com\u00fan en todos los niveles, para agilizar la capacitaci\u00f3n.<\/p>\n<p><strong>Se\u00f1alizaci\u00f3n de voz interoperable<br \/>\n<\/strong>Cumple con los est\u00e1ndares P25.<\/p>\n<p><strong>Elecci\u00f3n de modos<br \/>\n<\/strong>Funciona en modo digital, anal\u00f3gico, trunco o convencional.<\/p>\n<p><strong>Pantalla LCD alfanum\u00e9rica de 14 d\u00edgitos<br \/>\n<\/strong>Permanece claro en todo tipo de luz.<\/p>\n<\/div>\n<h2>Utilizado en las siguientes Faenas Mineras:<\/h2>\n<ul>\n<li>Codelco \u2013 Teniente<\/li>\n<li>Codelco \u2013 Los Andes<\/li>\n<li>Codelco \u2013 Ministro Hales<\/li>\n<li>Codelco \u2013 Radomiro Tomic<\/li>\n<li>Codelco \u2013 Chuquicamata Mina<\/li>\n<li>Codelco \u2013 Chuquicamata Subterraneo<\/li>\n<li>Codelco \u2013 Gabriela Mistral<\/li>\n<li>BHP \u2013 Spence<\/li>\n<li>BHP \u2013 Escondida<\/li>\n<li>Collahuasi<\/li>\n<li>Minera Los Pelambres<\/li>\n<\/ul>\n<p>&nbsp;<\/p>\n","protected":false},"featured_media":4809,"comment_status":"open","ping_status":"closed","template":"","meta":[],"product_brand":[],"product_cat":[27],"product_tag":[],"class_list":{"0":"post-4808","1":"product","2":"type-product","3":"status-publish","4":"has-post-thumbnail","6":"product_cat-moviles","8":"first","9":"outofstock","10":"taxable","11":"shipping-taxable","12":"product-type-simple"},"_links":{"self":[{"href":"https:\/\/www.radiospro.cl\/tienda\/wp-json\/wp\/v2\/product\/4808","targetHints":{"allow":["GET"]}}],"collection":[{"href":"https:\/\/www.radiospro.cl\/tienda\/wp-json\/wp\/v2\/product"}],"about":[{"href":"https:\/\/www.radiospro.cl\/tienda\/wp-json\/wp\/v2\/types\/product"}],"replies":[{"embeddable":true,"href":"https:\/\/www.radiospro.cl\/tienda\/wp-json\/wp\/v2\/comments?post=4808"}],"wp:featuredmedia":[{"embeddable":true,"href":"https:\/\/www.radiospro.cl\/tienda\/wp-json\/wp\/v2\/media\/4809"}],"wp:attachment":[{"href":"https:\/\/www.radiospro.cl\/tienda\/wp-json\/wp\/v2\/media?parent=4808"}],"wp:term":[{"taxonomy":"product_brand","embeddable":true,"href":"https:\/\/www.radiospro.cl\/tienda\/wp-json\/wp\/v2\/product_brand?post=4808"},{"taxonomy":"product_cat","embeddable":true,"href":"https:\/\/www.radiospro.cl\/tienda\/wp-json\/wp\/v2\/product_cat?post=4808"},{"taxonomy":"product_tag","embeddable":true,"href":"https:\/\/www.radiospro.cl\/tienda\/wp-json\/wp\/v2\/product_tag?post=4808"}],"curies":[{"name":"wp","href":"https:\/\/api.w.org\/{rel}","templated":true}]}}