{"id":4802,"date":"2025-11-07T16:05:14","date_gmt":"2025-11-07T20:05:14","guid":{"rendered":"https:\/\/www.radiospro.cl\/tienda\/?post_type=product&#038;p=4802"},"modified":"2025-11-07T17:03:35","modified_gmt":"2025-11-07T21:03:35","slug":"xts-2500","status":"publish","type":"product","link":"https:\/\/www.radiospro.cl\/tienda\/producto\/xts-2500\/","title":{"rendered":"Radio Port\u00e1til Motorola XTS 2500"},"content":{"rendered":"","protected":false},"excerpt":{"rendered":"<p>El radio port\u00e1til Motorola XTS 2500 ofrece una soluci\u00f3n excepcional para necesidades de coordinaci\u00f3n y comunicaci\u00f3n. El software de reducci\u00f3n de ruidos elimina la interferencia de fondo, lo cual garantiza una se\u00f1al clara y n\u00edtida. El cumplimiento con los est\u00e1ndares P25 significa transmisi\u00f3n y recepci\u00f3n confiables en todas las entidades y jurisdicciones.<\/p>\n<p>El dise\u00f1o resistente soporta temperaturas extremas, golpes y mal tiempo. El modelo XTS 2500I\u00a0puede sumergirse en agua.<\/p>\n<p>&nbsp;<\/p>\n<p><strong>Se\u00f1al de voz interoperable<br \/>\n<\/strong>Funciona con sistemas de concentraci\u00f3n de enlaces anal\u00f3gicos y digitales P25.<\/p>\n<p><strong>Dise\u00f1o resistente<br \/>\n<\/strong>Cumple con las especificaciones militares 810 C, 810 D, 810 E y 810 F, en cuanto a resistencia a golpes y a condiciones meteorol\u00f3gicas extremas.<\/p>\n<p><strong>Software de programaci\u00f3n cliente<br \/>\n<\/strong>Admite funcionalidades USB y RS-232.<\/p>\n<p><strong>Cifrado de hardware y software<br \/>\n<\/strong>Impide la interferencia de lectores, oyentes indeseables y otro tipo de interferencias.<\/p>\n<p><strong>Audio mejorado<\/strong><br \/>\nProporciona una se\u00f1al clara a trav\u00e9s de un software de reducci\u00f3n de ruidos y control de ampliaci\u00f3n de audio.<\/p>\n<p><strong>Compatibilidad con otros modelos de dos v\u00edas<br \/>\n<\/strong>Usa los mismos accesorios que algunas unidades XTS, HT, MT o MTS.<\/p>\n<p><strong>Compatibilidad con FLASHport<sup><small>T<\/small><\/sup>\u00a0integrada<\/strong><br \/>\nPermite que los usuarios personalicen con el software.<\/p>\n<h2>Utilizado en las siguientes Faenas Mineras:<\/h2>\n<ul>\n<li>Codelco \u2013 Teniente<\/li>\n<li>Codelco \u2013 Los Andes<\/li>\n<li>Codelco \u2013 Ministro Hales<\/li>\n<li>Codelco \u2013 Radomiro Tomic<\/li>\n<li>Codelco \u2013 Chuquicamata Mina<\/li>\n<li>Codelco \u2013 Chuquicamata Subterraneo<\/li>\n<li>Codelco \u2013 Gabriela Mistral<\/li>\n<li>BHP \u2013 Spence<\/li>\n<li>BHP \u2013 Escondida<\/li>\n<li>Collahuasi<\/li>\n<li>Minera Los Pelambres<\/li>\n<\/ul>\n<p>&nbsp;<\/p>\n","protected":false},"featured_media":4804,"comment_status":"open","ping_status":"closed","template":"","meta":[],"product_brand":[],"product_cat":[16],"product_tag":[],"class_list":{"0":"post-4802","1":"product","2":"type-product","3":"status-publish","4":"has-post-thumbnail","6":"product_cat-portatiles","8":"first","9":"outofstock","10":"taxable","11":"shipping-taxable","12":"product-type-simple"},"_links":{"self":[{"href":"https:\/\/www.radiospro.cl\/tienda\/wp-json\/wp\/v2\/product\/4802","targetHints":{"allow":["GET"]}}],"collection":[{"href":"https:\/\/www.radiospro.cl\/tienda\/wp-json\/wp\/v2\/product"}],"about":[{"href":"https:\/\/www.radiospro.cl\/tienda\/wp-json\/wp\/v2\/types\/product"}],"replies":[{"embeddable":true,"href":"https:\/\/www.radiospro.cl\/tienda\/wp-json\/wp\/v2\/comments?post=4802"}],"wp:featuredmedia":[{"embeddable":true,"href":"https:\/\/www.radiospro.cl\/tienda\/wp-json\/wp\/v2\/media\/4804"}],"wp:attachment":[{"href":"https:\/\/www.radiospro.cl\/tienda\/wp-json\/wp\/v2\/media?parent=4802"}],"wp:term":[{"taxonomy":"product_brand","embeddable":true,"href":"https:\/\/www.radiospro.cl\/tienda\/wp-json\/wp\/v2\/product_brand?post=4802"},{"taxonomy":"product_cat","embeddable":true,"href":"https:\/\/www.radiospro.cl\/tienda\/wp-json\/wp\/v2\/product_cat?post=4802"},{"taxonomy":"product_tag","embeddable":true,"href":"https:\/\/www.radiospro.cl\/tienda\/wp-json\/wp\/v2\/product_tag?post=4802"}],"curies":[{"name":"wp","href":"https:\/\/api.w.org\/{rel}","templated":true}]}}