{"id":4793,"date":"2025-11-07T14:34:12","date_gmt":"2025-11-07T18:34:12","guid":{"rendered":"https:\/\/www.radiospro.cl\/tienda\/?post_type=product&#038;p=4793"},"modified":"2025-11-07T15:04:08","modified_gmt":"2025-11-07T19:04:08","slug":"apx-n30","status":"publish","type":"product","link":"https:\/\/www.radiospro.cl\/tienda\/producto\/apx-n30\/","title":{"rendered":"APX N30"},"content":{"rendered":"<h2>Descubre el nuevo APX N30<\/h2>\n<p class=\"p1\">Con\u00e9ctese y colabore sin complejidad. El <strong>APX N30<\/strong> es un radio P25 que tiene lo necesario para proporcionar comunicaciones s\u00f3lidas de una forma f\u00e1cil de dominar.<\/p>\n<h3><\/h3>\n<h3>Agilice la operaci\u00f3n del radio<\/h3>\n<p>Un dise\u00f1o que agiliza la operaci\u00f3n del radio en terreno. Grandes controles t\u00e1ctiles cl\u00e1sicos, botones programables para un acceso r\u00e1pido a las preselecciones favoritas, una pantalla frontal de 2,4&#8243; con men\u00fas intuitivos y un teclado grande que prioriza el conocimiento de la situaci\u00f3n y la respuesta r\u00e1pida.<\/p>\n<h3>Control de voz<\/h3>\n<p>Con el control de voz b\u00e1sico de ViQi1, cambiar la configuraci\u00f3n del radio es tan sencillo como hablar, con solo presionar un bot\u00f3n y usar comandos de voz espec\u00edficos. Cambie f\u00e1cilmente al canal principal o a sus preajustes favoritos. Ajuste el volumen, cambie un perfil de audio, compruebe la bater\u00eda o explore varios canales sin quitar la vista del entorno.<\/p>\n<h3>Opere en condiciones dif\u00edciles<\/h3>\n<p>A pesar de su tama\u00f1o y simplicidad, el APX N30 sigue conservando la resistencia integrada de la<br \/>\nl\u00ednea APX con un moderno dise\u00f1o industrial que incluye la ubicaci\u00f3n habitual de los controles y un agarre en forma de T para sujetarlo con facilidad en condiciones de humedad. Con una clasificaci\u00f3n de IP68, sumergible en hasta 2 metros de agua durante 2 horas y un dise\u00f1o probado seg\u00fan los est\u00e1ndares militares, est\u00e1 listo para funcionar de forma segura y confiable en entornos cotidianos.<br \/>\nTrabaje con confianza<br \/>\nEl audio fuerte y claro garantiza que los mensajes importantes se escuchen. La alerta de ca\u00edda\/hombre ca\u00eddo, da tranquilidad a los trabajadores que cumplen tareas en condiciones aisladas y un conjunto de accesorios satisface una variedad de necesidades del usuario y entornos de trabajo.<\/p>\n","protected":false},"excerpt":{"rendered":"<p class=\"p1\">El APX N30 es un peque\u00f1o y estilizado radio P25 que es f\u00e1cil de transportar y simple de usar.<\/p>\n<p>F\u00e1cil de usar; simple de administrar. El radio port\u00e1til APX\u00a0N30 de banda \u00fanica P25 conecta a sus equipos con redes confiables de radio P25 que tienen todas las funciones esenciales que necesitan. La soluci\u00f3n de radio para trabajadores m\u00f3viles en obras p\u00fablicas y otras funciones municipales que buscan rendimiento de APX en un paquete reducido y rentable.<\/p>\n<h2><\/h2>\n<h2>Utilizado en las siguientes Faenas Mineras:<\/h2>\n<ul>\n<li>Codelco \u2013 Teniente<\/li>\n<li>Codelco \u2013 Los Andes<\/li>\n<li>Codelco \u2013 Ministro Hales<\/li>\n<li>Codelco \u2013 Radomiro Tomic<\/li>\n<li>Codelco \u2013 Chuquicamata Mina<\/li>\n<li>Codelco \u2013 Chuquicamata Subterraneo<\/li>\n<li>Codelco \u2013 Gabriela Mistral<\/li>\n<li>BHP \u2013 Spence<\/li>\n<li>BHP \u2013 Escondida<\/li>\n<li>Collahuasi<\/li>\n<li>Minera Los Pelambres<\/li>\n<\/ul>\n<p>&nbsp;<\/p>\n","protected":false},"featured_media":4794,"comment_status":"open","ping_status":"closed","template":"","meta":[],"product_brand":[],"product_cat":[16],"product_tag":[],"class_list":{"0":"post-4793","1":"product","2":"type-product","3":"status-publish","4":"has-post-thumbnail","6":"product_cat-portatiles","8":"first","9":"outofstock","10":"taxable","11":"shipping-taxable","12":"product-type-variable"},"_links":{"self":[{"href":"https:\/\/www.radiospro.cl\/tienda\/wp-json\/wp\/v2\/product\/4793","targetHints":{"allow":["GET"]}}],"collection":[{"href":"https:\/\/www.radiospro.cl\/tienda\/wp-json\/wp\/v2\/product"}],"about":[{"href":"https:\/\/www.radiospro.cl\/tienda\/wp-json\/wp\/v2\/types\/product"}],"replies":[{"embeddable":true,"href":"https:\/\/www.radiospro.cl\/tienda\/wp-json\/wp\/v2\/comments?post=4793"}],"wp:featuredmedia":[{"embeddable":true,"href":"https:\/\/www.radiospro.cl\/tienda\/wp-json\/wp\/v2\/media\/4794"}],"wp:attachment":[{"href":"https:\/\/www.radiospro.cl\/tienda\/wp-json\/wp\/v2\/media?parent=4793"}],"wp:term":[{"taxonomy":"product_brand","embeddable":true,"href":"https:\/\/www.radiospro.cl\/tienda\/wp-json\/wp\/v2\/product_brand?post=4793"},{"taxonomy":"product_cat","embeddable":true,"href":"https:\/\/www.radiospro.cl\/tienda\/wp-json\/wp\/v2\/product_cat?post=4793"},{"taxonomy":"product_tag","embeddable":true,"href":"https:\/\/www.radiospro.cl\/tienda\/wp-json\/wp\/v2\/product_tag?post=4793"}],"curies":[{"name":"wp","href":"https:\/\/api.w.org\/{rel}","templated":true}]}}