{"id":422,"date":"2020-03-25T22:25:34","date_gmt":"2020-03-25T22:25:34","guid":{"rendered":"https:\/\/www.radiomotorola.cl\/tienda\/producto\/pmln7465-diadema-atras-de-la-cabeza-heavy-duty-con-microfono-de-pluma-con-cancelacion-de-ruido-tia-4950\/"},"modified":"2026-03-06T09:59:34","modified_gmt":"2026-03-06T13:59:34","slug":"pmln7465-diadema-atras-de-la-cabeza-heavy-duty-con-microfono-de-pluma-con-cancelacion-de-ruido-tia-4950","status":"publish","type":"product","link":"https:\/\/www.radiospro.cl\/tienda\/producto\/pmln7465-diadema-atras-de-la-cabeza-heavy-duty-con-microfono-de-pluma-con-cancelacion-de-ruido-tia-4950\/","title":{"rendered":"PMLN7465 &#8211; Diadema atr\u00e1s de la cabeza heavy duty, con micr\u00f3fono de pluma con cancelaci\u00f3n de ruido. TIA-4950"},"content":{"rendered":"<p>Diadema Compatible con: DEP550e, DEP570              <\/p>\n","protected":false},"excerpt":{"rendered":"<p>Diadema Compatible con: DEP550e, DEP570<\/p>\n","protected":false},"featured_media":640,"comment_status":"open","ping_status":"closed","template":"","meta":[],"product_brand":[],"product_cat":[73],"product_tag":[],"class_list":{"0":"post-422","1":"product","2":"type-product","3":"status-publish","4":"has-post-thumbnail","6":"product_cat-audifonos","8":"first","9":"outofstock","10":"sale","11":"taxable","12":"shipping-taxable","13":"purchasable","14":"product-type-simple"},"_links":{"self":[{"href":"https:\/\/www.radiospro.cl\/tienda\/wp-json\/wp\/v2\/product\/422","targetHints":{"allow":["GET"]}}],"collection":[{"href":"https:\/\/www.radiospro.cl\/tienda\/wp-json\/wp\/v2\/product"}],"about":[{"href":"https:\/\/www.radiospro.cl\/tienda\/wp-json\/wp\/v2\/types\/product"}],"replies":[{"embeddable":true,"href":"https:\/\/www.radiospro.cl\/tienda\/wp-json\/wp\/v2\/comments?post=422"}],"wp:featuredmedia":[{"embeddable":true,"href":"https:\/\/www.radiospro.cl\/tienda\/wp-json\/wp\/v2\/media\/640"}],"wp:attachment":[{"href":"https:\/\/www.radiospro.cl\/tienda\/wp-json\/wp\/v2\/media?parent=422"}],"wp:term":[{"taxonomy":"product_brand","embeddable":true,"href":"https:\/\/www.radiospro.cl\/tienda\/wp-json\/wp\/v2\/product_brand?post=422"},{"taxonomy":"product_cat","embeddable":true,"href":"https:\/\/www.radiospro.cl\/tienda\/wp-json\/wp\/v2\/product_cat?post=422"},{"taxonomy":"product_tag","embeddable":true,"href":"https:\/\/www.radiospro.cl\/tienda\/wp-json\/wp\/v2\/product_tag?post=422"}],"curies":[{"name":"wp","href":"https:\/\/api.w.org\/{rel}","templated":true}]}}