{"id":4212,"date":"2025-05-31T22:18:11","date_gmt":"2025-06-01T02:18:11","guid":{"rendered":"https:\/\/www.radiospro.cl\/tienda\/?post_type=product&#038;p=4212"},"modified":"2026-03-06T09:57:53","modified_gmt":"2026-03-06T13:57:53","slug":"motorola-x10d","status":"publish","type":"product","link":"https:\/\/www.radiospro.cl\/tienda\/producto\/motorola-x10d\/","title":{"rendered":"Radio Motorola X10d"},"content":{"rendered":"<p><em>El X10d es un complemento vers\u00e1til y de alto rendimiento para el personal de su empresa. Ya sea que administre una tienda minorista, coordine eventos o supervise actividades en centros de ense\u00f1anza, el X10d conecta a su equipo con una comunicaci\u00f3n confiable y sin est\u00e1tica en un mundo en el que cada segundo cuenta.<\/em><\/p>\n<p><img decoding=\"async\" class=\"aligncenter wp-image-4356 size-full\" src=\"https:\/\/www.radiospro.cl\/tienda\/wp-content\/uploads\/2025\/05\/mm-1024x602.jpg.webp\" alt=\"Radio Motorola x10d\" width=\"1024\" height=\"602\" srcset=\"https:\/\/www.radiospro.cl\/tienda\/wp-content\/uploads\/2025\/05\/mm-1024x602.jpg.webp 1024w, https:\/\/www.radiospro.cl\/tienda\/wp-content\/uploads\/2025\/05\/mm-1024x602.jpg-300x176.webp 300w, https:\/\/www.radiospro.cl\/tienda\/wp-content\/uploads\/2025\/05\/mm-1024x602.jpg-768x452.webp 768w, https:\/\/www.radiospro.cl\/tienda\/wp-content\/uploads\/2025\/05\/mm-1024x602.jpg-600x353.webp 600w\" sizes=\"(max-width: 1024px) 100vw, 1024px\" \/><\/p>\n","protected":false},"excerpt":{"rendered":"<p>Radio port\u00e1til Motorola x10d de dos v\u00edas dise\u00f1ado para garantizar un rendimiento excepcional, que combina la simplicidad del Push-to-Talk con la versatilidad de operar tanto en modos anal\u00f3gicos como digitales.<\/p>\n","protected":false},"featured_media":4353,"comment_status":"open","ping_status":"closed","template":"","meta":[],"product_brand":[],"product_cat":[16],"product_tag":[],"class_list":{"0":"post-4212","1":"product","2":"type-product","3":"status-publish","4":"has-post-thumbnail","6":"product_cat-portatiles","8":"first","9":"instock","10":"sale","11":"taxable","12":"shipping-taxable","13":"purchasable","14":"product-type-variable"},"_links":{"self":[{"href":"https:\/\/www.radiospro.cl\/tienda\/wp-json\/wp\/v2\/product\/4212","targetHints":{"allow":["GET"]}}],"collection":[{"href":"https:\/\/www.radiospro.cl\/tienda\/wp-json\/wp\/v2\/product"}],"about":[{"href":"https:\/\/www.radiospro.cl\/tienda\/wp-json\/wp\/v2\/types\/product"}],"replies":[{"embeddable":true,"href":"https:\/\/www.radiospro.cl\/tienda\/wp-json\/wp\/v2\/comments?post=4212"}],"wp:featuredmedia":[{"embeddable":true,"href":"https:\/\/www.radiospro.cl\/tienda\/wp-json\/wp\/v2\/media\/4353"}],"wp:attachment":[{"href":"https:\/\/www.radiospro.cl\/tienda\/wp-json\/wp\/v2\/media?parent=4212"}],"wp:term":[{"taxonomy":"product_brand","embeddable":true,"href":"https:\/\/www.radiospro.cl\/tienda\/wp-json\/wp\/v2\/product_brand?post=4212"},{"taxonomy":"product_cat","embeddable":true,"href":"https:\/\/www.radiospro.cl\/tienda\/wp-json\/wp\/v2\/product_cat?post=4212"},{"taxonomy":"product_tag","embeddable":true,"href":"https:\/\/www.radiospro.cl\/tienda\/wp-json\/wp\/v2\/product_tag?post=4212"}],"curies":[{"name":"wp","href":"https:\/\/api.w.org\/{rel}","templated":true}]}}