{"id":4075,"date":"2025-05-13T21:08:49","date_gmt":"2025-05-14T01:08:49","guid":{"rendered":"https:\/\/www.radiospro.cl\/tienda\/?post_type=product&#038;p=4075"},"modified":"2026-03-06T09:57:58","modified_gmt":"2026-03-06T13:57:58","slug":"mototrbo-r5","status":"publish","type":"product","link":"https:\/\/www.radiospro.cl\/tienda\/producto\/mototrbo-r5\/","title":{"rendered":"MOTOTRBO R5"},"content":{"rendered":"<p class=\"p1\">El audio fuerte y claro del R5 ayuda a transmitir el mensaje al primer intento, sin importar si las condiciones son ruidosas o no.<\/p>\n<h3><strong>Reducci\u00f3n de ruido<\/strong><\/h3>\n<p>R5 est\u00e1 dise\u00f1ado para funcionar en una amplia gama de entornos de trabajo y perfiles de trabajadores. Su alto nivel de audio, la supresi\u00f3n de ruido entrenada por inteligencia artificial, la tecnolog\u00eda IMPRES y la nivelaci\u00f3n de audio recibido ajustan autom\u00e1ticamente los niveles de sonido para ayudar a ofrecer comunicaciones coherentes, de modo que los mensajes se oigan con claridad en distintos entornos de trabajo.<\/p>\n<h3><strong>F\u00e1cil e intuitivo<\/strong><\/h3>\n<p>Los controles optimizados, los botones t\u00e1ctiles y la bater\u00eda de larga duraci\u00f3n hacen que MOTOTRBO R5 sea f\u00e1cil e intuitivo de usar durante todo el d\u00eda, para que los trabajadores puedan centrarse en su trabajo, no en la radio. Con una amplia gama de accesorios, como RSM, auriculares, cascos y maletines de transporte, los usuarios pueden personalizar su radio para adaptarla a las necesidades espec\u00edficas de su lugar de trabajo.<\/p>\n<h3><strong>Resistente y duradero<\/strong><\/h3>\n<p>R5 se ha dise\u00f1ado para resistir los golpes y ca\u00eddas que puede conllevar el trabajo. Los usuarios no tienen que preocuparse de que la radio se moje o se ensucie; su clasificaci\u00f3n IP67 significa que resiste los da\u00f1os causados por el polvo y la inmersi\u00f3n en agua.<\/p>\n","protected":false},"excerpt":{"rendered":"<p>MOTOTRBO R5 conecta a los equipos,mientras ayuda a mejorar la eficiencia y la protecci\u00f3n con un audio fuerte y claro que reduce el ruido de fondo, adem\u00e1s de indicaciones de estado y controles intuitivos para que los trabajadores puedan concentrarse en sus tareas, todo en un dispositivo compacto y resistente que est\u00e1 dise\u00f1ado para durar.<\/p>\n<h3><strong>R5, M\u00e1s rendimiento para el 2025<\/strong><\/h3>\n<ul>\n<li>Audio potente y claro con tecnolog\u00eda IA de supresi\u00f3n de ruido.<\/li>\n<li>Resistente al agua y al polvo con certificaci\u00f3n IP67 y MIL-STD 810H.<\/li>\n<li>Dos versiones: NKP (sin teclado num\u00e9rico) y LKP (con teclado limitado).<\/li>\n<li>Hasta 32 horas de autonom\u00eda<\/li>\n<\/ul>\n<p>&nbsp;<\/p>\n<p><strong>NOTA<\/strong>:\u00a0<span style=\"color: #ff0000;\"><strong>Este modelo reemplaza al modelo <a href=\"https:\/\/www.radiospro.cl\/tienda\/producto\/dep550e\/\">DEP550<\/a> y <a href=\"https:\/\/www.radiospro.cl\/tienda\/producto\/dep570e\/\">DEP570<\/a>.<\/strong><\/span><\/p>\n<p>&nbsp;<\/p>\n","protected":false},"featured_media":4087,"comment_status":"closed","ping_status":"closed","template":"","meta":[],"product_brand":[],"product_cat":[16],"product_tag":[],"class_list":{"0":"post-4075","1":"product","2":"type-product","3":"status-publish","4":"has-post-thumbnail","6":"product_cat-portatiles","8":"first","9":"instock","10":"sale","11":"taxable","12":"shipping-taxable","13":"purchasable","14":"product-type-variable"},"_links":{"self":[{"href":"https:\/\/www.radiospro.cl\/tienda\/wp-json\/wp\/v2\/product\/4075","targetHints":{"allow":["GET"]}}],"collection":[{"href":"https:\/\/www.radiospro.cl\/tienda\/wp-json\/wp\/v2\/product"}],"about":[{"href":"https:\/\/www.radiospro.cl\/tienda\/wp-json\/wp\/v2\/types\/product"}],"replies":[{"embeddable":true,"href":"https:\/\/www.radiospro.cl\/tienda\/wp-json\/wp\/v2\/comments?post=4075"}],"wp:featuredmedia":[{"embeddable":true,"href":"https:\/\/www.radiospro.cl\/tienda\/wp-json\/wp\/v2\/media\/4087"}],"wp:attachment":[{"href":"https:\/\/www.radiospro.cl\/tienda\/wp-json\/wp\/v2\/media?parent=4075"}],"wp:term":[{"taxonomy":"product_brand","embeddable":true,"href":"https:\/\/www.radiospro.cl\/tienda\/wp-json\/wp\/v2\/product_brand?post=4075"},{"taxonomy":"product_cat","embeddable":true,"href":"https:\/\/www.radiospro.cl\/tienda\/wp-json\/wp\/v2\/product_cat?post=4075"},{"taxonomy":"product_tag","embeddable":true,"href":"https:\/\/www.radiospro.cl\/tienda\/wp-json\/wp\/v2\/product_tag?post=4075"}],"curies":[{"name":"wp","href":"https:\/\/api.w.org\/{rel}","templated":true}]}}