{"id":3477,"date":"2024-11-08T12:08:07","date_gmt":"2024-11-08T16:08:07","guid":{"rendered":"https:\/\/www.radiospro.cl\/tienda\/?post_type=product&#038;p=3477"},"modified":"2026-03-06T09:58:12","modified_gmt":"2026-03-06T13:58:12","slug":"pmnn4807-bateria-radio-r7","status":"publish","type":"product","link":"https:\/\/www.radiospro.cl\/tienda\/producto\/pmnn4807-bateria-radio-r7\/","title":{"rendered":"PMNN4807 &#8211; Bater\u00eda para MOTOTRBO R7"},"content":{"rendered":"<p>La bater\u00eda PMNN4807 es una bater\u00eda compacta de alta calidad dise\u00f1ada para los radios <a href=\"https:\/\/www.radiospro.cl\/tienda\/producto\/mototrbo-r7\/\">MOTOTRBO R7<\/a>. Con una capacidad de 2200 mAh y certificaci\u00f3n IP68, esta bater\u00eda ofrece una larga duraci\u00f3n y resistencia a condiciones adversas. Es la opci\u00f3n ideal para garantizar un rendimiento \u00f3ptimo en comunicaciones de larga duraci\u00f3n en entornos exigentes.<\/p>\n","protected":false},"excerpt":{"rendered":"<p>Compatible con MOTOTRBO R7<\/p>\n","protected":false},"featured_media":3478,"comment_status":"open","ping_status":"closed","template":"","meta":[],"product_brand":[],"product_cat":[50],"product_tag":[],"class_list":{"0":"post-3477","1":"product","2":"type-product","3":"status-publish","4":"has-post-thumbnail","6":"product_cat-baterias","8":"first","9":"outofstock","10":"sale","11":"taxable","12":"shipping-taxable","13":"purchasable","14":"product-type-simple"},"_links":{"self":[{"href":"https:\/\/www.radiospro.cl\/tienda\/wp-json\/wp\/v2\/product\/3477","targetHints":{"allow":["GET"]}}],"collection":[{"href":"https:\/\/www.radiospro.cl\/tienda\/wp-json\/wp\/v2\/product"}],"about":[{"href":"https:\/\/www.radiospro.cl\/tienda\/wp-json\/wp\/v2\/types\/product"}],"replies":[{"embeddable":true,"href":"https:\/\/www.radiospro.cl\/tienda\/wp-json\/wp\/v2\/comments?post=3477"}],"wp:featuredmedia":[{"embeddable":true,"href":"https:\/\/www.radiospro.cl\/tienda\/wp-json\/wp\/v2\/media\/3478"}],"wp:attachment":[{"href":"https:\/\/www.radiospro.cl\/tienda\/wp-json\/wp\/v2\/media?parent=3477"}],"wp:term":[{"taxonomy":"product_brand","embeddable":true,"href":"https:\/\/www.radiospro.cl\/tienda\/wp-json\/wp\/v2\/product_brand?post=3477"},{"taxonomy":"product_cat","embeddable":true,"href":"https:\/\/www.radiospro.cl\/tienda\/wp-json\/wp\/v2\/product_cat?post=3477"},{"taxonomy":"product_tag","embeddable":true,"href":"https:\/\/www.radiospro.cl\/tienda\/wp-json\/wp\/v2\/product_tag?post=3477"}],"curies":[{"name":"wp","href":"https:\/\/api.w.org\/{rel}","templated":true}]}}