{"id":3381,"date":"2024-11-07T20:54:19","date_gmt":"2024-11-08T00:54:19","guid":{"rendered":"https:\/\/www.radiospro.cl\/tienda\/producto\/pmln8083-kit-de-supervisin-almbrica-impres-2-con-tubo-traslcido-de-audio-fuerte-gcai-mini\/"},"modified":"2024-11-08T11:28:57","modified_gmt":"2024-11-08T15:28:57","slug":"pmln8083-kit-de-supervisin-almbrica-impres-2-con-tubo-traslcido-de-audio-fuerte-gcai-mini","status":"publish","type":"product","link":"https:\/\/www.radiospro.cl\/tienda\/producto\/pmln8083-kit-de-supervisin-almbrica-impres-2-con-tubo-traslcido-de-audio-fuerte-gcai-mini\/","title":{"rendered":"PMLN8083 &#8211; Kit de Supervisi\u00f3n Al\u00e1mbrica IMPRES 2 con tubo trasl\u00facido de audio fuerte, GCAI-mini"},"content":{"rendered":"<p>Compatible con Radios MOTOTRBO ION<\/p>\n","protected":false},"excerpt":{"rendered":"<p>Compatible con Radios MOTOTRBO ION<\/p>\n","protected":false},"featured_media":3419,"comment_status":"open","ping_status":"closed","template":"","meta":[],"product_brand":[],"product_cat":[73],"product_tag":[],"class_list":{"0":"post-3381","1":"product","2":"type-product","3":"status-publish","4":"has-post-thumbnail","6":"product_cat-audifonos","8":"first","9":"outofstock","10":"sale","11":"taxable","12":"shipping-taxable","13":"purchasable","14":"product-type-simple"},"_links":{"self":[{"href":"https:\/\/www.radiospro.cl\/tienda\/wp-json\/wp\/v2\/product\/3381","targetHints":{"allow":["GET"]}}],"collection":[{"href":"https:\/\/www.radiospro.cl\/tienda\/wp-json\/wp\/v2\/product"}],"about":[{"href":"https:\/\/www.radiospro.cl\/tienda\/wp-json\/wp\/v2\/types\/product"}],"replies":[{"embeddable":true,"href":"https:\/\/www.radiospro.cl\/tienda\/wp-json\/wp\/v2\/comments?post=3381"}],"wp:featuredmedia":[{"embeddable":true,"href":"https:\/\/www.radiospro.cl\/tienda\/wp-json\/wp\/v2\/media\/3419"}],"wp:attachment":[{"href":"https:\/\/www.radiospro.cl\/tienda\/wp-json\/wp\/v2\/media?parent=3381"}],"wp:term":[{"taxonomy":"product_brand","embeddable":true,"href":"https:\/\/www.radiospro.cl\/tienda\/wp-json\/wp\/v2\/product_brand?post=3381"},{"taxonomy":"product_cat","embeddable":true,"href":"https:\/\/www.radiospro.cl\/tienda\/wp-json\/wp\/v2\/product_cat?post=3381"},{"taxonomy":"product_tag","embeddable":true,"href":"https:\/\/www.radiospro.cl\/tienda\/wp-json\/wp\/v2\/product_tag?post=3381"}],"curies":[{"name":"wp","href":"https:\/\/api.w.org\/{rel}","templated":true}]}}