{"id":32,"date":"2020-03-19T22:43:12","date_gmt":"2020-03-19T22:43:12","guid":{"rendered":"https:\/\/www.radiomotorola.cl\/tienda\/?post_type=product&#038;p=32"},"modified":"2025-11-07T17:11:31","modified_gmt":"2025-11-07T21:11:31","slug":"ep350","status":"publish","type":"product","link":"https:\/\/www.radiospro.cl\/tienda\/producto\/ep350\/","title":{"rendered":"Radio Port\u00e1til Motorola EP350 MX VHF UHF"},"content":{"rendered":"<p>El radio Motorola EP350 es una opci\u00f3n confiable y eficiente para comunicaciones de VHF y UHF. Con su dise\u00f1o robusto y duradero, el EP350 es ideal para entornos profesionales y exigentes. Este radio cuenta con una pantalla que facilita la visualizaci\u00f3n de la informaci\u00f3n, asegurando una operaci\u00f3n intuitiva y eficiente. Ya sea que necesites comunicarte a larga distancia o en \u00e1reas de dif\u00edcil acceso, el EP350 de Motorola proporciona un rendimiento excepcional. Aprovecha todas las ventajas que ofrece el radio EP350 para mejorar la comunicaci\u00f3n en tu entorno laboral.<\/p>\n<p>Los Radios Port\u00e1tiles de Dos V\u00edas Serie EP350 de Motorola son confiables y proporcionan comunicaci\u00f3n de voz en movimiento en todas sus instalaciones.<\/p>\n<p>Con un amplio conjunto de funciones y forma ergon\u00f3mica para comodidad de uso en un dise\u00f1o durable, compacto y liviano, usted puede mejorar su capacidad de comunicaci\u00f3n al mismo tiempo que aumenta su eficiencia y productividad.<\/p>\n<p>Los radios port\u00e1tiles Motorola\u00a0 le brindan las funciones de alta calidad que necesita a un precio competitivo a diferencia de otros equipos de radiocomunicaciones cuentan con un amplio conjunto de funciones y su\u00a0 forma ergon\u00f3mica para comodidad de uso en un dise\u00f1o durable, este equipo de radio es compacto y liviano, usted puede mejorar su capacidad de comunicaci\u00f3n al mismo tiempo que aumenta su eficiencia y productividad.<\/p>\n","protected":false},"excerpt":{"rendered":"<div class=\"container\">\n<div class=\"row\">\n<div class=\"col-lg-8\">\n<div class=\"card mt-4\">\n<div class=\"card-body\">\n<div class=\"row\">\n<p>Equipos de radio <strong>EP350 MX<\/strong> son la mejor opci\u00f3n para las labores diarias en tu empresa. Adquiere tu equipo y mejora la eficiencia de tu empresa.<\/p>\n<table style=\"height: 205px;\" width=\"589\">\n<tbody>\n<tr>\n<td width=\"207\">MODELO<\/td>\n<td width=\"39\">C<\/td>\n<td width=\"95\">FREC.<\/td>\n<td width=\"106\">POT.<\/td>\n<\/tr>\n<tr>\n<td>LAH03KEC8AB7AN<\/td>\n<td>16<\/td>\n<td>136-174MHz<\/td>\n<td>5 W<\/td>\n<\/tr>\n<tr>\n<td>LAH03RDC8AB7AN<\/td>\n<td>16<\/td>\n<td>435-480MHz<\/td>\n<td>4 W<\/td>\n<\/tr>\n<\/tbody>\n<\/table>\n<table style=\"height: 140px;\" width=\"589\">\n<tbody>\n<tr>\n<td width=\"207\">LAH03KEH8AB7AN<\/td>\n<td width=\"39\">99<\/td>\n<td width=\"95\">136-174MHz<\/td>\n<td width=\"106\">5 W<\/td>\n<\/tr>\n<tr>\n<td>LAH03RDH8AB7AN<\/td>\n<td>99<\/td>\n<td>435-480MHz<\/td>\n<td>4 W<\/td>\n<\/tr>\n<\/tbody>\n<\/table>\n<\/div>\n<\/div>\n<p>&nbsp;<\/p>\n<\/div>\n<\/div>\n<\/div>\n<\/div>\n","protected":false},"featured_media":12,"comment_status":"closed","ping_status":"closed","template":"","meta":[],"product_brand":[],"product_cat":[16],"product_tag":[],"class_list":{"0":"post-32","1":"product","2":"type-product","3":"status-publish","4":"has-post-thumbnail","6":"product_cat-portatiles","8":"first","9":"outofstock","10":"taxable","11":"shipping-taxable","12":"product-type-simple"},"_links":{"self":[{"href":"https:\/\/www.radiospro.cl\/tienda\/wp-json\/wp\/v2\/product\/32","targetHints":{"allow":["GET"]}}],"collection":[{"href":"https:\/\/www.radiospro.cl\/tienda\/wp-json\/wp\/v2\/product"}],"about":[{"href":"https:\/\/www.radiospro.cl\/tienda\/wp-json\/wp\/v2\/types\/product"}],"replies":[{"embeddable":true,"href":"https:\/\/www.radiospro.cl\/tienda\/wp-json\/wp\/v2\/comments?post=32"}],"wp:featuredmedia":[{"embeddable":true,"href":"https:\/\/www.radiospro.cl\/tienda\/wp-json\/wp\/v2\/media\/12"}],"wp:attachment":[{"href":"https:\/\/www.radiospro.cl\/tienda\/wp-json\/wp\/v2\/media?parent=32"}],"wp:term":[{"taxonomy":"product_brand","embeddable":true,"href":"https:\/\/www.radiospro.cl\/tienda\/wp-json\/wp\/v2\/product_brand?post=32"},{"taxonomy":"product_cat","embeddable":true,"href":"https:\/\/www.radiospro.cl\/tienda\/wp-json\/wp\/v2\/product_cat?post=32"},{"taxonomy":"product_tag","embeddable":true,"href":"https:\/\/www.radiospro.cl\/tienda\/wp-json\/wp\/v2\/product_tag?post=32"}],"curies":[{"name":"wp","href":"https:\/\/api.w.org\/{rel}","templated":true}]}}