{"id":2103,"date":"2023-08-03T10:10:18","date_gmt":"2023-08-03T14:10:18","guid":{"rendered":"https:\/\/www.radiomotorola.cl\/tienda\/?post_type=product&#038;p=2103"},"modified":"2023-08-03T10:16:21","modified_gmt":"2023-08-03T14:16:21","slug":"slr1000","status":"publish","type":"product","link":"https:\/\/www.radiospro.cl\/tienda\/producto\/slr1000\/","title":{"rendered":"Repetidora SLR1000"},"content":{"rendered":"<div class=\"page\" title=\"Page 1\">\n<div class=\"layoutArea\">\n<div class=\"column\">\n<h3><b>Protegido para instalaci\u00f3n en cualquier ambiente<\/b><\/h3>\n<div><\/div>\n<div class=\"column\">Ampl\u00ede su cobertura de la manera que m\u00e1s le convenga. Con certificaci\u00f3n IP65 para protecci\u00f3n contra agua y polvo, y su dise\u00f1o sin ventilador, puede instalarse sin problemas tanto en interiores como en exteriores.<\/div>\n<div><\/div>\n<\/div>\n<\/div>\n<h3><b>Mayor flexibilidad de implementaci\u00f3n<\/b><\/h3>\n<div>\nInstale f\u00e1cilmente el SLR 1000 en paredes o postes y aproveche esa flexibilidad de instalaci\u00f3n para mejorar su cobertura. Adem\u00e1s, su dise\u00f1o compacto sin ventilador hace que no deba preocuparse por las alternativas de calefacci\u00f3n, ventilaci\u00f3n y aire acondicionado (HVAC), lo que mejora a\u00fan m\u00e1s el nivel de flexibilidad de implementaci\u00f3n.<\/div>\n<\/div>\n<div><\/div>\n<h3><b>Cobertura de costo efectivo<\/b><\/h3>\n<div><b><br \/>\n<\/b>Ampliar la cobertura no necesariamente implica aumentar su costo de propiedad. El SLR 1000 ofrece un dise\u00f1o compacto, de bajo consumo y sin ventilador, que ayuda a ahorrar en costos de instalaci\u00f3n y energ\u00eda.<\/div>\n<div><\/div>\n<h3><b>Acompa\u00f1a su crecimiento<\/b><\/h3>\n<div>\nEl SLR 1000 funciona tanto con sistemas convencionales como troncalizados que admitan voz y datos, de modo que puede continuar utiliz\u00e1ndolo a medida que va ampliando su red. En el caso de sistemas convencionales, implemente el SLR 1000 en Modo Directo de Alcance Extendido, y extienda el alcance sin necesidad de adquirir m\u00e1s frecuencias.<\/div>\n<p>&nbsp;<\/p>\n","protected":false},"excerpt":{"rendered":"<div class=\"page\" title=\"Page 2\">\n<div class=\"layoutArea\">\n<div class=\"column\">Mantener a su equipo de trabajo conectado requiere una cobertura de radio ininterrumpida. El repetidor <strong>SLR1000<\/strong> le permite extender f\u00e1cilmente el alcance de su red a \u00abzonas muertas\u00bb y ubicaciones remotas para que nadie quede sin cobertura. El <strong>SLR1000<\/strong> cuenta con certificaci\u00f3n IP65 para protecci\u00f3n contra polvo y agua, por lo que puede ser implementado sin problemas tanto en interiores como en exteriores. Su tama\u00f1o compacto le brinda m\u00e1s opciones de instalaci\u00f3n, y su dise\u00f1o de bajo consumo, sin ventilador, requiere menos espacio y menos energ\u00eda.<\/div>\n<\/div>\n<\/div>\n","protected":false},"featured_media":2105,"comment_status":"open","ping_status":"closed","template":"","meta":[],"product_brand":[],"product_cat":[195],"product_tag":[],"class_list":{"0":"post-2103","1":"product","2":"type-product","3":"status-publish","4":"has-post-thumbnail","6":"product_cat-repetidoras","8":"first","9":"outofstock","10":"taxable","11":"shipping-taxable","12":"product-type-simple"},"_links":{"self":[{"href":"https:\/\/www.radiospro.cl\/tienda\/wp-json\/wp\/v2\/product\/2103","targetHints":{"allow":["GET"]}}],"collection":[{"href":"https:\/\/www.radiospro.cl\/tienda\/wp-json\/wp\/v2\/product"}],"about":[{"href":"https:\/\/www.radiospro.cl\/tienda\/wp-json\/wp\/v2\/types\/product"}],"replies":[{"embeddable":true,"href":"https:\/\/www.radiospro.cl\/tienda\/wp-json\/wp\/v2\/comments?post=2103"}],"wp:featuredmedia":[{"embeddable":true,"href":"https:\/\/www.radiospro.cl\/tienda\/wp-json\/wp\/v2\/media\/2105"}],"wp:attachment":[{"href":"https:\/\/www.radiospro.cl\/tienda\/wp-json\/wp\/v2\/media?parent=2103"}],"wp:term":[{"taxonomy":"product_brand","embeddable":true,"href":"https:\/\/www.radiospro.cl\/tienda\/wp-json\/wp\/v2\/product_brand?post=2103"},{"taxonomy":"product_cat","embeddable":true,"href":"https:\/\/www.radiospro.cl\/tienda\/wp-json\/wp\/v2\/product_cat?post=2103"},{"taxonomy":"product_tag","embeddable":true,"href":"https:\/\/www.radiospro.cl\/tienda\/wp-json\/wp\/v2\/product_tag?post=2103"}],"curies":[{"name":"wp","href":"https:\/\/api.w.org\/{rel}","templated":true}]}}