{"id":2089,"date":"2023-05-05T09:33:24","date_gmt":"2023-05-05T13:33:24","guid":{"rendered":"https:\/\/www.radiomotorola.cl\/tienda\/?post_type=product&#038;p=2089"},"modified":"2025-11-07T14:57:07","modified_gmt":"2025-11-07T18:57:07","slug":"apx-1500","status":"publish","type":"product","link":"https:\/\/www.radiospro.cl\/tienda\/producto\/apx-1500\/","title":{"rendered":"APX 1500 P25"},"content":{"rendered":"<h2>CONECTIVIDAD P25. PRECIO EXCEPCIONAL.<\/h2>\n<p>La infraestructura de su ciudad representa una gran inversi\u00f3n y los usuarios dependen de esa inversi\u00f3n a diario. Entonces&#8230; \u00bfPor qu\u00e9 no protegerla equipando a su equipo con las herramientas que necesitan para hacer que funcione de manera eficiente y garantizar un buen mantenimiento? Equ\u00edpelo con el <strong>radio m\u00f3vil APX 1500<\/strong>, una soluci\u00f3n asequible para que el trabajo se haga.<\/p>\n<p>El radio Motorola APX 1500 est\u00e1 pensado para comunicaciones de radio P25 confiables a un precio accesible, ideal para la tarea de todos los d\u00edas, por m\u00e1s intensiva que sea. El cabezal de control O2 es resistente y simple; incluye una pantalla color f\u00e1cil de leer y altavoz integrado de 7,5 vatios para una comunicaci\u00f3n eficiente y confiable.<\/p>\n<p>La capacidad de radio P25 favorece la interoperabilidad con oficiales de campo y dem\u00e1s usuarios de radio P25. Comun\u00edquese f\u00e1cilmente y con total confianza por un precio accesible con el radio m\u00f3vil APX 1500.<\/p>\n<p>&nbsp;<\/p>\n","protected":false},"excerpt":{"rendered":"<p>El <strong>APX 1500<\/strong> ofrece todos los beneficios de la tecnolog\u00eda TDMA en el radio port\u00e1til P25 m\u00e1s compacto de la industria. F\u00e1cil de usar, extremadamente resistente y muy dif\u00edcil de superar; conecta organismos en toda la ciudad sin limitaci\u00f3n, ofreciendo comunicaciones interoperables y r\u00e1pidas.<\/p>\n<h3>FUNCIONES<\/h3>\n<ul>\n<li><span dir=\"ltr\" role=\"presentation\">Disponible en bandas de frecuencia de 700\/800 MHz,<\/span><span dir=\"ltr\" role=\"presentation\">VHF, UHF R1 y UHF R2<\/span>\n<ul>\n<li style=\"list-style-type: none;\">\n<ul>\n<li><span dir=\"ltr\" role=\"presentation\">Canales: Est\u00e1ndar 512<\/span><\/li>\n<li><span dir=\"ltr\" role=\"presentation\">Est\u00e1ndares de troncalizaci\u00f3n admitidos:<\/span><\/li>\n<li><span dir=\"ltr\" role=\"presentation\">Funcionamiento troncalizado digital privado o en modo claro<\/span><\/li>\n<li><span dir=\"ltr\" role=\"presentation\">Anal\u00f3gico MDC-1200 y digital APCO P25<\/span><\/li>\n<li><span dir=\"ltr\" role=\"presentation\">Configuraci\u00f3n del sistema convencional<\/span><\/li>\n<li><span dir=\"ltr\" role=\"presentation\">Receptor digital de banda ancha y banda angosta <\/span><span dir=\"ltr\" role=\"presentation\">(6.25kHz\/12.5kHz\/20kHz\/25 kHz)<\/span><\/li>\n<li><span dir=\"ltr\" role=\"presentation\">Se\u00f1alizaci\u00f3n digital integrada (ASTRO y ASTRO 25)<\/span><\/li>\n<li><span dir=\"ltr\" role=\"presentation\">Iluminaci\u00f3n inteligente<\/span><\/li>\n<li><span dir=\"ltr\" role=\"presentation\">Perfiles de radio<\/span><\/li>\n<li><span dir=\"ltr\" role=\"presentation\">Lista de llamadas unificada<\/span><\/li>\n<li><span dir=\"ltr\" role=\"presentation\">Cumple con las especificaciones MIL-STD 810 C, D, E, <\/span><span dir=\"ltr\" role=\"presentation\">F y G vigentes<\/span><span dir=\"ltr\" role=\"presentation\">.<\/span><\/li>\n<\/ul>\n<\/li>\n<\/ul>\n<\/li>\n<\/ul>\n","protected":false},"featured_media":4321,"comment_status":"open","ping_status":"closed","template":"","meta":[],"product_brand":[],"product_cat":[27],"product_tag":[],"class_list":{"0":"post-2089","1":"product","2":"type-product","3":"status-publish","4":"has-post-thumbnail","6":"product_cat-moviles","8":"first","9":"outofstock","10":"taxable","11":"shipping-taxable","12":"product-type-simple"},"_links":{"self":[{"href":"https:\/\/www.radiospro.cl\/tienda\/wp-json\/wp\/v2\/product\/2089","targetHints":{"allow":["GET"]}}],"collection":[{"href":"https:\/\/www.radiospro.cl\/tienda\/wp-json\/wp\/v2\/product"}],"about":[{"href":"https:\/\/www.radiospro.cl\/tienda\/wp-json\/wp\/v2\/types\/product"}],"replies":[{"embeddable":true,"href":"https:\/\/www.radiospro.cl\/tienda\/wp-json\/wp\/v2\/comments?post=2089"}],"wp:featuredmedia":[{"embeddable":true,"href":"https:\/\/www.radiospro.cl\/tienda\/wp-json\/wp\/v2\/media\/4321"}],"wp:attachment":[{"href":"https:\/\/www.radiospro.cl\/tienda\/wp-json\/wp\/v2\/media?parent=2089"}],"wp:term":[{"taxonomy":"product_brand","embeddable":true,"href":"https:\/\/www.radiospro.cl\/tienda\/wp-json\/wp\/v2\/product_brand?post=2089"},{"taxonomy":"product_cat","embeddable":true,"href":"https:\/\/www.radiospro.cl\/tienda\/wp-json\/wp\/v2\/product_cat?post=2089"},{"taxonomy":"product_tag","embeddable":true,"href":"https:\/\/www.radiospro.cl\/tienda\/wp-json\/wp\/v2\/product_tag?post=2089"}],"curies":[{"name":"wp","href":"https:\/\/api.w.org\/{rel}","templated":true}]}}