{"id":2086,"date":"2023-05-05T09:02:14","date_gmt":"2023-05-05T13:02:14","guid":{"rendered":"https:\/\/www.radiomotorola.cl\/tienda\/?post_type=product&#038;p=2086"},"modified":"2025-11-07T16:40:59","modified_gmt":"2025-11-07T20:40:59","slug":"apx-2000","status":"publish","type":"product","link":"https:\/\/www.radiospro.cl\/tienda\/producto\/apx-2000\/","title":{"rendered":"APX 2000"},"content":{"rendered":"<h3>APX POR DONDE SE LO MIRE<\/h3>\n<p>El APX 2000 aprovecha las principales ventajas de la serie APX de dispositivos port\u00e1tiles TDMA P25. Desde su dise\u00f1o de dos micr\u00f3fonos, que reduce el ruido de fondo para que pueda hablar y escuchar con total claridad incluso por sobre el ruido proveniente de maquinaria pesada, motores di\u00e9sel y sirenas, hasta las m\u00e1s estrictas especificaciones sobre desempe\u00f1o RF, que proporcionan una inmejorable cobertura en entornos hostiles. Con su interfaz f\u00e1cil de usar, pantalla color, iluminaci\u00f3n inteligente y perfiles de radio, usted obtiene todo el poder de APX en un radio compacto. Adem\u00e1s, logra optimizar el desempe\u00f1o de su radio con un completo portafolio de accesorios de audio y ahorro de energ\u00eda inteligente IMPRES l\u00edderes en la industria.<\/p>\n<p>&nbsp;<\/p>\n<h3>COMPACTO E INFLEXIBLE<\/h3>\n<p>El Radio Motorola APX 2000 es un radio port\u00e1til P25 Fase 2 compacto; hace el trabajo sin entorpecer la tarea. Con dos perillas dedicadas para volumen ycontrol de canal, el APX 2000 est\u00e1 preparado para todo tipo de entornos de trabajo. Adem\u00e1s, suscertificacionesIP67 y MIL-STD garantizan la resistencia a polvo,calor, golpes,ca\u00eddas e inmersi\u00f3n en agua, lo que le permite confiar en sus dispositivos dondequiera que los necesite, en la l\u00ednea de producci\u00f3n, en l\u00edneas de alta tensi\u00f3n o en el foco de un incendio.<\/p>\n<h3>DESEMPE\u00d1O P25, POR DENTRO Y POR FUERA<\/h3>\n<p>Equipado con las principales funciones P25 para mayor seguridad, el APX 2000 ofrece Mission Critical Wireless, una exclusiva soluci\u00f3n Bluetooth\u00ae que ofrece un enlace encriptado con un auricular de alto desempe\u00f1o; GPS, para la r\u00e1pida localizaci\u00f3n de personal en exteriores; encriptaci\u00f3n AES, para mayor seguridad; y programaci\u00f3n por aire, para la programaci\u00f3n de radios en campo sin interrupci\u00f3n del servicio de voz.<\/p>\n<h3>MEJORE SU RESPUESTA Y REDUZCA GASTOS<\/h3>\n<p>Su compatibilidad con P25 Fase 2 permite al APX 2000 duplicar su capacidad de voz, de modo que usted puede incorporar m\u00e1s usuarios sin la necesidad de agregar m\u00e1s frecuencias o infraestructura. Y, el hecho de ser compatible con versiones anteriores y futuras de sistemas de radio esenciales de Motorola, le permite interoperar con total confianza, a la vez que reduce sus gastos operativos.<\/p>\n<ul>\n<li><\/li>\n<\/ul>\n","protected":false},"excerpt":{"rendered":"<p>El <strong>APX 2000<\/strong> ofrece todos los beneficios de la tecnolog\u00eda TDMA en el radio port\u00e1til P25 m\u00e1s compacto de la industria. F\u00e1cil de usar, extremadamente resistente y muy dif\u00edcil de superar; conecta organismos en toda la ciudad sin limitaci\u00f3n, ofreciendo comunicaciones interoperables y r\u00e1pidas.<\/p>\n<h3>FUNCIONES<\/h3>\n<ul>\n<li>Disponible en bandas de 700\/800 MHz, VHF, UHF R1 y UHF R2<\/li>\n<li>Est\u00e1ndares de troncalizaci\u00f3n admitidos:<\/li>\n<li>Funcionamiento troncalizado ASTRO\u00ae25 encriptado, despejado o digital<\/li>\n<li>Compatible con SmartZone\u00ae, SmartZone Omnilink, SmartNet \u00ae<\/li>\n<li>Anal\u00f3gico MDC-1200 y digital APCO P25 convencional<\/li>\n<li>Receptor digital de banda ancha y banda angosta<\/li>\n<li>Configuraci\u00f3n del sistema (equivale a 6.25 kHz\/12.5 kHz\/30 kHz\/25 kHz)<\/li>\n<li>Opci\u00f3n de 2 perillas de control dedicadas para cambiar volumen y canales<\/li>\n<li>Se\u00f1alizaci\u00f3n digital integrada (ASTRO y ASTRO 25)<\/li>\n<li>Disponible en 2 modelos<\/li>\n<li>Barra de iluminaci\u00f3n inteligente<\/li>\n<li>Perfiles de radio<\/li>\n<li>Lista de llamadas unificada<\/li>\n<li>Anuncio de voz programable por usuario<\/li>\n<li>Grabaci\u00f3n instant\u00e1nea<\/li>\n<li>Escaneo inteligente de prioridad<\/li>\n<li>Clave de software Est\u00e1ndar IP67 (sumergible 1 metro, 30 minutos)<\/li>\n<\/ul>\n<p>&nbsp;<\/p>\n<h2>Utilizado en las siguientes Faenas Mineras:<\/h2>\n<ul>\n<li>Codelco \u2013 Teniente<\/li>\n<li>Codelco \u2013 Los Andes<\/li>\n<li>Codelco \u2013 Ministro Hales<\/li>\n<li>Codelco \u2013 Radomiro Tomic<\/li>\n<li>Codelco \u2013 Chuquicamata Mina<\/li>\n<li>Codelco \u2013 Chuquicamata Subterraneo<\/li>\n<li>Codelco \u2013 Gabriela Mistral<\/li>\n<li>BHP \u2013 Spence<\/li>\n<li>BHP \u2013 Escondida<\/li>\n<li>Collahuasi<\/li>\n<li>Minera Los Pelambres<\/li>\n<\/ul>\n<p>&nbsp;<\/p>\n","protected":false},"featured_media":4805,"comment_status":"open","ping_status":"closed","template":"","meta":[],"product_brand":[],"product_cat":[16],"product_tag":[],"class_list":{"0":"post-2086","1":"product","2":"type-product","3":"status-publish","4":"has-post-thumbnail","6":"product_cat-portatiles","8":"first","9":"outofstock","10":"taxable","11":"shipping-taxable","12":"product-type-simple"},"_links":{"self":[{"href":"https:\/\/www.radiospro.cl\/tienda\/wp-json\/wp\/v2\/product\/2086","targetHints":{"allow":["GET"]}}],"collection":[{"href":"https:\/\/www.radiospro.cl\/tienda\/wp-json\/wp\/v2\/product"}],"about":[{"href":"https:\/\/www.radiospro.cl\/tienda\/wp-json\/wp\/v2\/types\/product"}],"replies":[{"embeddable":true,"href":"https:\/\/www.radiospro.cl\/tienda\/wp-json\/wp\/v2\/comments?post=2086"}],"wp:featuredmedia":[{"embeddable":true,"href":"https:\/\/www.radiospro.cl\/tienda\/wp-json\/wp\/v2\/media\/4805"}],"wp:attachment":[{"href":"https:\/\/www.radiospro.cl\/tienda\/wp-json\/wp\/v2\/media?parent=2086"}],"wp:term":[{"taxonomy":"product_brand","embeddable":true,"href":"https:\/\/www.radiospro.cl\/tienda\/wp-json\/wp\/v2\/product_brand?post=2086"},{"taxonomy":"product_cat","embeddable":true,"href":"https:\/\/www.radiospro.cl\/tienda\/wp-json\/wp\/v2\/product_cat?post=2086"},{"taxonomy":"product_tag","embeddable":true,"href":"https:\/\/www.radiospro.cl\/tienda\/wp-json\/wp\/v2\/product_tag?post=2086"}],"curies":[{"name":"wp","href":"https:\/\/api.w.org\/{rel}","templated":true}]}}