{"id":2083,"date":"2023-05-04T13:25:17","date_gmt":"2023-05-04T17:25:17","guid":{"rendered":"https:\/\/www.radiomotorola.cl\/tienda\/?post_type=product&#038;p=2083"},"modified":"2025-11-07T17:35:58","modified_gmt":"2025-11-07T21:35:58","slug":"apx-900","status":"publish","type":"product","link":"https:\/\/www.radiospro.cl\/tienda\/producto\/apx-900\/","title":{"rendered":"APX 900 800Mhz &#8211; VHF"},"content":{"rendered":"<p>El Radio Port\u00e1til Motorola <strong>APX 900<\/strong> est\u00e1 pensado para obras p\u00fablicas, servicios de gobierno y equipos educativos que requieren comunicaci\u00f3n esencial a un precio asequible. Ofrece funciones y caracter\u00edsticas centrales, con un dise\u00f1o centrado en la eficiencia, incluida la funci\u00f3n de conectividad inal\u00e1mbrica \u00ae Bluetooth .<\/p>\n<p>Un radio con semejantes prestaciones requiere un soporte de excelencia, por lo que tambi\u00e9n estamos presentando Device Management Services para su flota APX. Sea que necesite un servicio de mantenimiento integral permanente o simplemente una asistencia puntual para alguna cuesti\u00f3n de aprovisionamiento, tenemos el paquete de servicios ideal para usted.<\/p>\n<p>Obtendr\u00e1 el nivel de soporte que necesita para comunicaciones confiables y estables en toda su organizaci\u00f3n. Con Device Management Services para APX y <strong>APX 900<\/strong>, obtiene un nivel de conexi\u00f3n en el que puede confiar. Ahora, m\u00e1s que nunca.<\/p>\n<p>El APX 900 es un dispositivo de comunicaci\u00f3n muy utilizado en la industria minera. Su frecuencia de operaci\u00f3n en 800 MHz &#8211; VHF permite una \u00f3ptima cobertura en entornos desafiantes. Este equipo ofrece una comunicaci\u00f3n confiable y segura para garantizar la coordinaci\u00f3n y seguridad en las operaciones mineras. Su dise\u00f1o robusto y resistente lo hace ideal para soportar las condiciones extremas de la industria. El APX 900 es altamente vers\u00e1til y se adapta a las necesidades espec\u00edficas de la industria minera, brindando una soluci\u00f3n eficiente y confiable para comunicaciones cr\u00edticas.<\/p>\n<p>&nbsp;<\/p>\n<p>&nbsp;<\/p>\n<p>&nbsp;<\/p>\n","protected":false},"excerpt":{"rendered":"<h3>CARACTER\u00cdSTICAS Y BENEFICIOS DEL RADIO PORTATIL APX 900<\/h3>\n<ul>\n<li>Soluci\u00f3n de perilla doble<\/li>\n<li>Disponible en las bandas VHF, UHF (R1 y R2), 700\/800 MHz y 900 MHz<\/li>\n<li>Modos de funcionamiento:<\/li>\n<li>Troncalizado ASTRO\u00ae 25 digital encriptado o despejado<\/li>\n<li>MDC-1200 anal\u00f3gico y P25 digital<\/li>\n<li>Configuraci\u00f3n de sistema convencional<\/li>\n<li>Receptor digital de banda ancha y banda angosta (equivale a 6.25 kHz\/12.5 kHz\/25 kHz)\u00b9 \u2022 Se\u00f1alizaci\u00f3n digital integrada (ASTRO y ASTRO 25)<\/li>\n<li>B\u00fasqueda prioritaria inteligente \u2022 Disponible en modelos 2 y 3<\/li>\n<li>Perfiles de radio<\/li>\n<li>Lista de llamadas unificada<\/li>\n<li>Anuncio de voz programable por usuario<\/li>\n<li>Rellamada instant\u00e1nea<\/li>\n<li>Cumple con las especificaciones MIL-STD-810C, D, E, F y G vigentes<\/li>\n<li>Completo portafolio de accesorios; incluye dispositivos de audio, cargadores y bater\u00edas IMPRES\u00b2<\/li>\n<\/ul>\n<h3>CARACTER\u00cdSTICAS EST\u00c1NDAR<\/h3>\n<ul>\n<li>Bluetooth\u00ae inal\u00e1mbrico 4.0 (LE) para operaciones cr\u00edticas\u00b3<\/li>\n<li>Emergency Find Me<\/li>\n<li>Voz y datos ASTRO 25 integrados<\/li>\n<li>GPS\/GLONASS integrado para ubicaci\u00f3n\/seguimiento en exteriores<\/li>\n<li>Cifrado de privacidad digital avanzada (ADP) de clave \u00fanica<\/li>\n<li>Inmersi\u00f3n IP68 (2 metros, 2 horas)<\/li>\n<li>Bater\u00eda IMPRES (PMNN4491B)<\/li>\n<li>Se\u00f1alizaci\u00f3n digital integrada (ASTRO y ASTRO 25)<\/li>\n<li>Mensajer\u00eda de texto<\/li>\n<li>Licencia de software<\/li>\n<\/ul>\n<h3>PROGRAMACI\u00d3N<\/h3>\n<ul>\n<li>Emplea Software de programaci\u00f3n de radio (CPS) para Windows 7, 8 y 10 con Administraci\u00f3n de radio<\/li>\n<\/ul>\n<h3>CARACTER\u00cdSTICAS OPCIONALES<\/h3>\n<ul>\n<li>Cifrado de software AES de 256 bits (AES-256)<\/li>\n<li>Datos mejorados<\/li>\n<li>Supresor de ruido mejorado (altamente recomendable)<\/li>\n<li>Claves m\u00faltiples<\/li>\n<li>Programaci\u00f3n sobre Proyecto 25 (OTAP)<\/li>\n<li>Perilla de volumen RFID (accesorio \u00fanicamente)<\/li>\n<li>Perimetraje de misi\u00f3n cr\u00edtica<\/li>\n<li>Autenticaci\u00f3n P25<\/li>\n<li>Se\u00f1alizaci\u00f3n de tono digital<\/li>\n<li>Certificaci\u00f3n UL<\/li>\n<\/ul>\n<h2>Utilizado en las siguientes Faenas Mineras:<\/h2>\n<ul>\n<li>Codelco \u2013 Teniente<\/li>\n<li>Codelco \u2013 Los Andes<\/li>\n<li>Codelco \u2013 Ministro Hales<\/li>\n<li>Codelco \u2013 Radomiro Tomic<\/li>\n<li>Codelco \u2013 Chuquicamata Mina<\/li>\n<li>Codelco \u2013 Chuquicamata Subterraneo<\/li>\n<li>Codelco \u2013 Gabriela Mistral<\/li>\n<li>BHP \u2013 Spence<\/li>\n<li>BHP \u2013 Escondida<\/li>\n<li>Collahuasi<\/li>\n<li>Minera Los Pelambres<\/li>\n<\/ul>\n","protected":false},"featured_media":2084,"comment_status":"open","ping_status":"closed","template":"","meta":[],"product_brand":[],"product_cat":[16],"product_tag":[],"class_list":{"0":"post-2083","1":"product","2":"type-product","3":"status-publish","4":"has-post-thumbnail","6":"product_cat-portatiles","8":"first","9":"outofstock","10":"taxable","11":"shipping-taxable","12":"product-type-simple"},"_links":{"self":[{"href":"https:\/\/www.radiospro.cl\/tienda\/wp-json\/wp\/v2\/product\/2083","targetHints":{"allow":["GET"]}}],"collection":[{"href":"https:\/\/www.radiospro.cl\/tienda\/wp-json\/wp\/v2\/product"}],"about":[{"href":"https:\/\/www.radiospro.cl\/tienda\/wp-json\/wp\/v2\/types\/product"}],"replies":[{"embeddable":true,"href":"https:\/\/www.radiospro.cl\/tienda\/wp-json\/wp\/v2\/comments?post=2083"}],"wp:featuredmedia":[{"embeddable":true,"href":"https:\/\/www.radiospro.cl\/tienda\/wp-json\/wp\/v2\/media\/2084"}],"wp:attachment":[{"href":"https:\/\/www.radiospro.cl\/tienda\/wp-json\/wp\/v2\/media?parent=2083"}],"wp:term":[{"taxonomy":"product_brand","embeddable":true,"href":"https:\/\/www.radiospro.cl\/tienda\/wp-json\/wp\/v2\/product_brand?post=2083"},{"taxonomy":"product_cat","embeddable":true,"href":"https:\/\/www.radiospro.cl\/tienda\/wp-json\/wp\/v2\/product_cat?post=2083"},{"taxonomy":"product_tag","embeddable":true,"href":"https:\/\/www.radiospro.cl\/tienda\/wp-json\/wp\/v2\/product_tag?post=2083"}],"curies":[{"name":"wp","href":"https:\/\/api.w.org\/{rel}","templated":true}]}}