{"id":2076,"date":"2023-05-02T11:12:14","date_gmt":"2023-05-02T15:12:14","guid":{"rendered":"https:\/\/www.radiomotorola.cl\/tienda\/?post_type=product&#038;p=2076"},"modified":"2026-05-05T12:22:15","modified_gmt":"2026-05-05T16:22:15","slug":"mototrbo-r2","status":"publish","type":"product","link":"https:\/\/www.radiospro.cl\/tienda\/producto\/mototrbo-r2\/","title":{"rendered":"Radio Port\u00e1til Motorola MOTOTRBO R2"},"content":{"rendered":"<p>El <strong>Radio Motorola R2<\/strong> es una soluci\u00f3n de comunicaci\u00f3n de radio bidireccional de Motorola que ofrece una tecnolog\u00eda avanzada y confiable.<\/p>\n<p>Dise\u00f1ado para satisfacer las necesidades de las organizaciones, el <strong>Radio MOTOTRBO R2<\/strong> proporciona una comunicaci\u00f3n clara y segura en entornos de trabajo exigentes. Esta soluci\u00f3n de comunicaci\u00f3n ofrece una amplia gama de funciones y capacidades, incluyendo comunicaci\u00f3n de voz, mensajer\u00eda de texto y capacidades de datos. Con el <strong>Radio R2<\/strong>, las organizaciones pueden mejorar su eficiencia, coordinar tareas de manera m\u00e1s efectiva y garantizar la seguridad de su personal. Motorola es un l\u00edder de la industria en el campo de las comunicaciones de radio y el MOTOTRBO R2 demuestra su compromiso con la innovaci\u00f3n y la calidad. Ya sea en entornos industriales, comerciales o de seguridad p\u00fablica, el MOTOTRBO R2 es la elecci\u00f3n confiable para mantener una comunicaci\u00f3n clara y efectiva.<\/p>\n<p>&nbsp;<\/p>\n<p><img decoding=\"async\" class=\"aligncenter wp-image-4308 size-full\" src=\"https:\/\/www.radiospro.cl\/tienda\/wp-content\/uploads\/2023\/05\/F-4g3KIXcAAuqGp.jpg\" alt=\"Radio Motorola R2\" width=\"1200\" height=\"675\" srcset=\"https:\/\/www.radiospro.cl\/tienda\/wp-content\/uploads\/2023\/05\/F-4g3KIXcAAuqGp.jpg 1200w, https:\/\/www.radiospro.cl\/tienda\/wp-content\/uploads\/2023\/05\/F-4g3KIXcAAuqGp-300x169.jpg 300w, https:\/\/www.radiospro.cl\/tienda\/wp-content\/uploads\/2023\/05\/F-4g3KIXcAAuqGp-1024x576.jpg 1024w, https:\/\/www.radiospro.cl\/tienda\/wp-content\/uploads\/2023\/05\/F-4g3KIXcAAuqGp-768x432.jpg 768w, https:\/\/www.radiospro.cl\/tienda\/wp-content\/uploads\/2023\/05\/F-4g3KIXcAAuqGp-600x338.jpg 600w\" sizes=\"(max-width: 1200px) 100vw, 1200px\" \/><\/p>\n<h3>CONFIABLE EN TODO TIPO DE CLIMA<\/h3>\n<p>Con una clasificaci\u00f3n IP55 y cumpliendo con los requisitos Mil-Std-810 en 11 condiciones ambientales, el MOTOTRBO R2 est\u00e1 dise\u00f1ado para soportar diversos entornos de trabajo. \u00daselo con confianza en f\u00e1bricas polvorientas, jardines h\u00famedos y m\u00e1s; y con facilidad incluso con guantes. Dise\u00f1ado especialmente para soportar a los golpes y ca\u00eddas de un d\u00eda de trabajo activo, la durabilidad del MOTOTRBO R2 significa una comunicaci\u00f3n segura y r\u00e1pida cuando y donde lo necesite.<\/p>\n<h3>DELGADO Y LIGERO<\/h3>\n<p>No lidie con equipamiento anticuado, este radio es tan liviano como resistente, dise\u00f1ado para soportar las condiciones duras del trabajo cotidiano. Con un peso menor a 300 gr con una bater\u00eda de alta capacidad, el R2 soporta un riguroso Programa de Prueba de Vida Acelerada (ALT), que simula hasta 5 a\u00f1os de uso en el campo. Y cuando se conecta a un accesorio de audio, el robusto dise\u00f1o se extiende hasta la cubierta antipolvo, que gira para adaptarse al contorno del R2.<\/p>\n<h3>DURACI\u00d3N DE LA BATER\u00cdA PARA UN TURNO COMPLETO<\/h3>\n<p>La bater\u00eda delgada y de alta densidad del MOTOTRBO R2, no se agotar\u00e1 antes del cambio de turno. Y el R2 no lo tomar\u00e1 por sorpresa; presione el bot\u00f3n PTT para ver la luz LED, que parpadear\u00e1 en rojo para indicar un estado de carga de bater\u00eda baja.<\/p>\n<h3>DISTANCIA MEJORADA MOTOTRBO<\/h3>\n<p>R2 le ofrece claridad y supresi\u00f3n de ruido, pero \u00bfqu\u00e9 ocurre si su personal se encuentra disperso en un gran dep\u00f3sito o campo? Cuente con un alcance superior; la sensibilidad del receptor, las antenas de alta eficiencia y la alta inmunidad a las interferencias prometen un audio claro a larga distancia, incluso en entornos ruidosos.<\/p>\n<p>&nbsp;<\/p>\n<p>&nbsp;<\/p>\n<h3>ESCUCHE CLARAMENTE<\/h3>\n<p>Con los perfiles de audio seleccionables del Motorola MOTOTRBO R2 puede amplificar las frecuencias bajas, medias o altas para satisfacer sus preferencias auditivas y las necesidades del entorno. Junto con el fuerte parlante y la baja distorsi\u00f3n del R2, esta funci\u00f3n asegura que su mensaje llegue de forma fuerte y clara.<\/p>\n","protected":false},"excerpt":{"rendered":"<p>La radio MOTOTRBO R2, es un dispositivo de trabajo de alto nivel que une durabilidad y ergonom\u00eda para asegurar un manejo seguro y sencillo. Con un alcance superior, audio configurable y una integraci\u00f3n \u00f3ptima, el R2 es un complemento de confianza para una jornada laboral ininterrumpida.<\/p>\n<p>&nbsp;<\/p>\n<h2>Caracter\u00edsticas<\/h2>\n<ul>\n<li>VHF o UHF (seleccione al hacer el pedido)<\/li>\n<li>16 canales<\/li>\n<li>Bot\u00f3n grande y texturizado de \u00abpulsar para hablar\u00bb para facilitar su uso<\/li>\n<li>Resistencia IP54 a la entrada de polvo y agua<\/li>\n<li>LED tricolor<\/li>\n<li>Llamada de grupo<\/li>\n<li>2 botones programables<\/li>\n<li>Emergencia digital<\/li>\n<li>Llamada de grupo<\/li>\n<li>Llamada privada<\/li>\n<li>ID de pulsar para hablar (PTT)<\/li>\n<li>Exploraci\u00f3n de canales<\/li>\n<li>Privacidad b\u00e1sica<\/li>\n<li>Capacidad de VOX<\/li>\n<li>Trabajador solitario<\/li>\n<li>Anuncio de voz<\/li>\n<li>Temporizador de alquiler<\/li>\n<li>\n<table style=\"height: 565px;\" border=\"0\" width=\"403\" cellspacing=\"0\" cellpadding=\"0\">\n<colgroup>\n<col width=\"201\" \/>\n<col width=\"96\" \/><\/colgroup>\n<tbody>\n<tr>\n<td class=\"xl103\" width=\"201\" height=\"25\">Sistemas<\/td>\n<td align=\"left\" valign=\"top\" width=\"96\"><img decoding=\"async\" src=\"data:image\/png;base64,iVBORw0KGgoAAAANSUhEUgAAADIAAAA4CAYAAAC\/pKvXAAAAAXNSR0IArs4c6QAAAIRlWElmTU0AKgAAAAgABQESAAMAAAABAAEAAAEaAAUAAAABAAAASgEbAAUAAAABAAAAUgEoAAMAAAABAAIAAIdpAAQAAAABAAAAWgAAAAAAAACWAAAAAQAAAJYAAAABAAOgAQADAAAAAQABAACgAgAEAAAAAQAAADKgAwAEAAAAAQAAADgAAAAATS3B4AAAAAlwSFlzAAAXEgAAFxIBZ5\/SUgAAAElJREFUaAXt0DEBAAAAwqD1T20ND4hAYcCAAQMGDBgwYMCAAQMGDBgwYMCAAQMGDBgwYMCAAQMGDBgwYMCAAQMGDBgwYMDA+8AAK\/gAAfFzMvMAAAAASUVORK5CYII=\" alt=\"http:\/\/www.yaesu.com\/ProductModelNumbers\/VX-8DR.gif\" width=\"24\" height=\"27\" \/><\/p>\n<table cellspacing=\"0\" cellpadding=\"0\">\n<tbody>\n<tr>\n<td class=\"xl106\" width=\"96\" height=\"25\"><\/td>\n<\/tr>\n<\/tbody>\n<\/table>\n<\/td>\n<\/tr>\n<tr>\n<td class=\"xl104\" height=\"17\">Analog Conventional<\/td>\n<td class=\"xl105\">Si<\/td>\n<\/tr>\n<tr>\n<td class=\"xl104\" height=\"17\">Digital Conventional<\/td>\n<td class=\"xl105\">Si<\/td>\n<\/tr>\n<tr>\n<td class=\"xl104\" height=\"17\">IP Site Connect<\/td>\n<td class=\"xl105\">Si<\/td>\n<\/tr>\n<tr>\n<td class=\"xl104\" height=\"17\">Capacity Plus *<\/td>\n<td class=\"xl105\">Opcional<\/td>\n<\/tr>\n<tr>\n<td class=\"xl104\" height=\"17\">Linked Capacity Plus<\/td>\n<td class=\"xl105\">N\/A<\/td>\n<\/tr>\n<tr>\n<td class=\"xl104\" height=\"17\">Connect Plus<\/td>\n<td class=\"xl105\">N\/A<\/td>\n<\/tr>\n<tr>\n<td class=\"xl104\" height=\"17\">Capacity Max<\/td>\n<td class=\"xl105\">N\/A<\/td>\n<\/tr>\n<tr>\n<td class=\"xl107\" height=\"17\">*Capacity Plus un sitio, m\u00e1ximo dos repetidores<\/td>\n<td class=\"xl102\"><\/td>\n<\/tr>\n<\/tbody>\n<\/table>\n<\/li>\n<\/ul>\n<p>&nbsp;<\/p>\n<p>Incluye: Incluye Bater\u00eda (PMNN4598), cargador r\u00e1pido (<a href=\"https:\/\/www.radiospro.cl\/tienda\/producto\/wpln4137-base-cargador-rapido-necesita-fuente-de-alimentacion-epnn7991\/\">WPLN4137<\/a>), antena standard VHF -UHF, belt clip (<a href=\"https:\/\/www.radiospro.cl\/tienda\/producto\/pmln7008-clip-para-cinturon-25\/\">PMLN7008<\/a>), gu\u00eda de usuario.<\/p>\n<p><strong>NOTA<\/strong>:\u00a0<span style=\"color: #ff0000;\"><strong>Este modelo reemplaza al modelo <a href=\"https:\/\/www.radiospro.cl\/tienda\/producto\/dep450\/\">DEP450<\/a>.<\/strong><\/span><\/p>\n<p>&nbsp;<\/p>\n","protected":false},"featured_media":2078,"comment_status":"closed","ping_status":"closed","template":"","meta":[],"product_brand":[],"product_cat":[16],"product_tag":[],"class_list":{"0":"post-2076","1":"product","2":"type-product","3":"status-publish","4":"has-post-thumbnail","6":"product_cat-portatiles","8":"first","9":"instock","10":"sale","11":"taxable","12":"shipping-taxable","13":"purchasable","14":"product-type-variable"},"_links":{"self":[{"href":"https:\/\/www.radiospro.cl\/tienda\/wp-json\/wp\/v2\/product\/2076","targetHints":{"allow":["GET"]}}],"collection":[{"href":"https:\/\/www.radiospro.cl\/tienda\/wp-json\/wp\/v2\/product"}],"about":[{"href":"https:\/\/www.radiospro.cl\/tienda\/wp-json\/wp\/v2\/types\/product"}],"replies":[{"embeddable":true,"href":"https:\/\/www.radiospro.cl\/tienda\/wp-json\/wp\/v2\/comments?post=2076"}],"wp:featuredmedia":[{"embeddable":true,"href":"https:\/\/www.radiospro.cl\/tienda\/wp-json\/wp\/v2\/media\/2078"}],"wp:attachment":[{"href":"https:\/\/www.radiospro.cl\/tienda\/wp-json\/wp\/v2\/media?parent=2076"}],"wp:term":[{"taxonomy":"product_brand","embeddable":true,"href":"https:\/\/www.radiospro.cl\/tienda\/wp-json\/wp\/v2\/product_brand?post=2076"},{"taxonomy":"product_cat","embeddable":true,"href":"https:\/\/www.radiospro.cl\/tienda\/wp-json\/wp\/v2\/product_cat?post=2076"},{"taxonomy":"product_tag","embeddable":true,"href":"https:\/\/www.radiospro.cl\/tienda\/wp-json\/wp\/v2\/product_tag?post=2076"}],"curies":[{"name":"wp","href":"https:\/\/api.w.org\/{rel}","templated":true}]}}