{"id":2016,"date":"2021-09-15T03:20:20","date_gmt":"2021-09-15T03:20:20","guid":{"rendered":"https:\/\/www.radiomotorola.cl\/tienda\/?post_type=product&#038;p=2016"},"modified":"2026-03-06T09:57:57","modified_gmt":"2026-03-06T13:57:57","slug":"ion","status":"publish","type":"product","link":"https:\/\/www.radiospro.cl\/tienda\/producto\/ion\/","title":{"rendered":"MOTOTRBO Ion UHF"},"content":{"rendered":"<p>MOTOTRBO Ion es nuestro primer dispositivo de comunicaci\u00f3n apto para empresas que cuenta con funciones de voz y datos de banda ancha siempre a punto. Combina el famoso rendimiento de PTT, un ecosistema de aplicaciones abierto en la Plataforma Android, con el acceso a nuestro ecosistema tecnol\u00f3gico unificado, que dispone de soluciones de an\u00e1lisis y seguridad de v\u00eddeo, opciones \u00fanicas de seguridad de red, o potentes y novedosos serviciosd de software y tecnolog\u00eda, como los asistentes virtuales inteligentes.<\/p>\n<p>Gracias a Radio Ion, los equipos permanecen conectados entre diferentes redes y dispositivos. Los datos y flujos de trabajo<br \/>\nempresariales m\u00e1s importantes se unifican y se simplifican, y las capacidades funcionales que necesita su personal para operar de<br \/>\nforma \u00f3ptima siempre estar\u00e1n a punto<\/p>\n<p>El Radio Motorola MOTOTRBO Ion UHF es una soluci\u00f3n de comunicaci\u00f3n de vanguardia dise\u00f1ada para ofrecer un rendimiento excepcional en entornos exigentes. Con su tecnolog\u00eda innovadora y su dise\u00f1o robusto, el Ion UHF proporciona una comunicaci\u00f3n confiable y eficiente para una amplia gama de aplicaciones industriales. Con la capacidad de operar en la banda UHF, el Ion UHF ofrece una cobertura amplia y una mayor penetraci\u00f3n de se\u00f1al, lo que lo convierte en una opci\u00f3n ideal para entornos en los que la comunicaci\u00f3n es cr\u00edtica. Ya sea en la industria de la construcci\u00f3n, la miner\u00eda o la log\u00edstica, el Radio Ion UHF es la soluci\u00f3n perfecta para mantener a los equipos conectados y seguros en todo momento.<\/p>\n<p><iframe title=\"Conozca los detalles del nuevo MOTOTRBO Ion\" width=\"640\" height=\"360\" src=\"https:\/\/www.youtube.com\/embed\/PgQXNAAc3VA?feature=oembed\" frameborder=\"0\" allow=\"accelerometer; autoplay; clipboard-write; encrypted-media; gyroscope; picture-in-picture; web-share\" referrerpolicy=\"strict-origin-when-cross-origin\" allowfullscreen><\/iframe><\/p>\n","protected":false},"excerpt":{"rendered":"<h2>CARACTERISTICAS DE MOTOTRBO ION MOTOROLA<\/h2>\n<ul>\n<li>Conexi\u00f3n Bluetooth 5.0<\/li>\n<li>Sistema operativo Android 10<\/li>\n<li>Acceso al ecosistema de Motorola<\/li>\n<li>Triple capa de seguridad: dispositivo, aplicaciones y datos<\/li>\n<li>Pantalla t\u00e1ctil ultrarresistente de 4\u201d<\/li>\n<li>Pantalla superior LCD 1,05\u201d<\/li>\n<li>C\u00e1mara de 13 megap\u00edxeles integrada<\/li>\n<li>Bater\u00eda inteligente impress 2<\/li>\n<li>Supresi\u00f3n de ruido adaptativa<\/li>\n<li>Banda de frecuencias UHF (400 \u2013 527 MHZ)<\/li>\n<li>Memoria de 4 GB<\/li>\n<li>3G\/4G LTE<\/li>\n<li>Wi-Fi<\/li>\n<li>GPS \/ GLONASS \/ BeiDou \/ Galileo<\/li>\n<li>Certificaci\u00f3n IP68<\/li>\n<\/ul>\n<p>&nbsp;<\/p>\n<p>&nbsp;<\/p>\n","protected":false},"featured_media":2019,"comment_status":"closed","ping_status":"closed","template":"","meta":[],"product_brand":[],"product_cat":[16],"product_tag":[],"class_list":{"0":"post-2016","1":"product","2":"type-product","3":"status-publish","4":"has-post-thumbnail","6":"product_cat-portatiles","8":"first","9":"outofstock","10":"sale","11":"taxable","12":"shipping-taxable","13":"purchasable","14":"product-type-simple"},"_links":{"self":[{"href":"https:\/\/www.radiospro.cl\/tienda\/wp-json\/wp\/v2\/product\/2016","targetHints":{"allow":["GET"]}}],"collection":[{"href":"https:\/\/www.radiospro.cl\/tienda\/wp-json\/wp\/v2\/product"}],"about":[{"href":"https:\/\/www.radiospro.cl\/tienda\/wp-json\/wp\/v2\/types\/product"}],"replies":[{"embeddable":true,"href":"https:\/\/www.radiospro.cl\/tienda\/wp-json\/wp\/v2\/comments?post=2016"}],"wp:featuredmedia":[{"embeddable":true,"href":"https:\/\/www.radiospro.cl\/tienda\/wp-json\/wp\/v2\/media\/2019"}],"wp:attachment":[{"href":"https:\/\/www.radiospro.cl\/tienda\/wp-json\/wp\/v2\/media?parent=2016"}],"wp:term":[{"taxonomy":"product_brand","embeddable":true,"href":"https:\/\/www.radiospro.cl\/tienda\/wp-json\/wp\/v2\/product_brand?post=2016"},{"taxonomy":"product_cat","embeddable":true,"href":"https:\/\/www.radiospro.cl\/tienda\/wp-json\/wp\/v2\/product_cat?post=2016"},{"taxonomy":"product_tag","embeddable":true,"href":"https:\/\/www.radiospro.cl\/tienda\/wp-json\/wp\/v2\/product_tag?post=2016"}],"curies":[{"name":"wp","href":"https:\/\/api.w.org\/{rel}","templated":true}]}}