{"id":1832,"date":"2021-09-07T19:32:30","date_gmt":"2021-09-07T19:32:30","guid":{"rendered":"https:\/\/www.radiomotorola.cl\/tienda\/?post_type=product&#038;p=1832"},"modified":"2025-11-07T14:16:45","modified_gmt":"2025-11-07T18:16:45","slug":"mag-one-a8","status":"publish","type":"product","link":"https:\/\/www.radiospro.cl\/tienda\/producto\/mag-one-a8\/","title":{"rendered":"PORTATIL MAG ONE A8"},"content":{"rendered":"<h2>\u00bfQuiere eliminar de sus operaciones los costos de llamadas?<\/h2>\n<p>No busque m\u00e1s. El radio port\u00e1til Mag One A8 de Motorola es la soluci\u00f3n ideal para uso en hoteles, restaurantes, comercios, industrias de servicio y coordinaci\u00f3n de eventos.<\/p>\n","protected":false},"excerpt":{"rendered":"<h2>MAG ONE A8<\/h2>\n<p>Incluye antena PMAD4051 \u00f3 <a href=\"https:\/\/www.radiospro.cl\/tienda\/producto\/pmae4020-antena-uhf-450-470mhz-9-cm\/\">PMAE4020<\/a>, bater\u00eda, cargador y clip.<\/p>\n<p>Caracter\u00edsticas<\/p>\n<p>Para aplicaciones COMERCIALES\/INDUSTRIALES<br \/>\nCompacto y muy ligero solo pesa 350g.<br \/>\n16 canales<br \/>\nEspaciamiento de canales 12.5\/25 kHz<br \/>\nPotencia en UHF de 4 watts<br \/>\nMedidor de bater\u00eda (LED\/TONO)<br \/>\nSelector rotativo de canales<br \/>\nAhorrador de bater\u00eda<br \/>\nOperaci\u00f3n mediante repetidor o de radio a radio<br \/>\nPotencia de audio de 500 Watts<br \/>\nLed bicolor<br \/>\n2 botones laterales programables<br \/>\nRastreo<br \/>\nConector para accesorios de audio<br \/>\nBater\u00eda de alta duraci\u00f3n (8 horas en uso)<br \/>\nLimitador de tiempo de transmisi\u00f3n<br \/>\nMonitoreo permanente<br \/>\nEliminaci\u00f3n de canal ruidoso<br \/>\nIndicador de bater\u00eda baja<br \/>\nSilenciamiento comprimido \/ normal<br \/>\nBloqueo de canal ocupado<br \/>\nLimitador de canal ocupado<br \/>\nTonos subaudibles PL \/ DPL<br \/>\nDimensiones: 107X58X37mm<br \/>\nPrueba de vida acelerada Motorola bajo est\u00e1ndares militares MIL-STD-810<br \/>\nC\/D\/E\/F<br \/>\nCumple norma IP54 sellado contra polvo y humedad<\/p>\n<p><span style=\"color: #ff0000;\"><strong>NOTA<\/strong>: <strong>Este equipo de radio ha sido descontinuado y reemplazado por <span style=\"color: #003366;\"><a style=\"color: #003366;\" href=\"https:\/\/www.radiospro.cl\/tienda\/producto\/dep250\/\">DEP250<\/a><\/span><\/strong> o <\/span><strong><a href=\"https:\/\/www.radiospro.cl\/tienda\/producto\/vx80\/\">VX-80<\/a><\/strong><\/p>\n","protected":false},"featured_media":1833,"comment_status":"open","ping_status":"closed","template":"","meta":[],"product_brand":[],"product_cat":[16],"product_tag":[],"class_list":{"0":"post-1832","1":"product","2":"type-product","3":"status-publish","4":"has-post-thumbnail","6":"product_cat-portatiles","8":"first","9":"outofstock","10":"taxable","11":"shipping-taxable","12":"product-type-simple"},"_links":{"self":[{"href":"https:\/\/www.radiospro.cl\/tienda\/wp-json\/wp\/v2\/product\/1832","targetHints":{"allow":["GET"]}}],"collection":[{"href":"https:\/\/www.radiospro.cl\/tienda\/wp-json\/wp\/v2\/product"}],"about":[{"href":"https:\/\/www.radiospro.cl\/tienda\/wp-json\/wp\/v2\/types\/product"}],"replies":[{"embeddable":true,"href":"https:\/\/www.radiospro.cl\/tienda\/wp-json\/wp\/v2\/comments?post=1832"}],"wp:featuredmedia":[{"embeddable":true,"href":"https:\/\/www.radiospro.cl\/tienda\/wp-json\/wp\/v2\/media\/1833"}],"wp:attachment":[{"href":"https:\/\/www.radiospro.cl\/tienda\/wp-json\/wp\/v2\/media?parent=1832"}],"wp:term":[{"taxonomy":"product_brand","embeddable":true,"href":"https:\/\/www.radiospro.cl\/tienda\/wp-json\/wp\/v2\/product_brand?post=1832"},{"taxonomy":"product_cat","embeddable":true,"href":"https:\/\/www.radiospro.cl\/tienda\/wp-json\/wp\/v2\/product_cat?post=1832"},{"taxonomy":"product_tag","embeddable":true,"href":"https:\/\/www.radiospro.cl\/tienda\/wp-json\/wp\/v2\/product_tag?post=1832"}],"curies":[{"name":"wp","href":"https:\/\/api.w.org\/{rel}","templated":true}]}}