{"id":1772,"date":"2020-09-08T18:51:54","date_gmt":"2020-09-08T18:51:54","guid":{"rendered":"https:\/\/www.radiomotorola.cl\/tienda\/?post_type=product&#038;p=1772"},"modified":"2026-03-06T09:57:54","modified_gmt":"2026-03-06T13:57:54","slug":"dep250","status":"publish","type":"product","link":"https:\/\/www.radiospro.cl\/tienda\/producto\/dep250\/","title":{"rendered":"DEP250 VHF UHF"},"content":{"rendered":"<p>Presentamos el radio port\u00e1til digital Motorola <strong>DEP250<\/strong> de Motorola, la soluci\u00f3n ideal para quienes buscan un equipo econ\u00f3mico y duradero. Dise\u00f1ado para ofrecer un rendimiento excepcional, destaca por su antena de calidad que asegura una excelente recepci\u00f3n y transmisi\u00f3n de se\u00f1ales. Este radio es perfecto para entornos exigentes, garantizando una comunicaci\u00f3n clara y confiable.<\/p>\n<p>Una de las caracter\u00edsticas m\u00e1s destacadas es su compatibilidad con sistemas IP Site Connect, lo que permite la interconexi\u00f3n de m\u00faltiples sitios, ampliando su alcance y versatilidad. Con esta radio, disfrutar\u00e1s de una herramienta robusta que se adapta a tus necesidades de comunicaci\u00f3n, sin comprometer tu presupuesto.<\/p>\n<p>No esperes m\u00e1s para mejorar tu comunicaci\u00f3n con el radio dep250, la opci\u00f3n perfecta para profesionales que valoran la calidad y la eficiencia.<\/p>\n<p>El Radio Motorola DEP250 es un radio digital VHF UHF que ofrece comunicaciones claras y confiables en entornos profesionales. Con su dise\u00f1o robusto y resistente, el DEP250 es ideal para su uso en sectores como la seguridad, la construcci\u00f3n y los servicios de emergencia. Este dispositivo vers\u00e1til tambi\u00e9n cuenta con la capacidad de operar en modo anal\u00f3gico, lo que lo hace compatible con radios anal\u00f3gicos existentes. Ya sea que necesite comunicarse en modo digital o anal\u00f3gico, el Motorola DEP250 Analogo \/ Digital ofrece un rendimiento excepcional y una calidad de audio superior.<\/p>\n<p>&nbsp;<\/p>\n<p>&nbsp;<\/p>\n","protected":false},"excerpt":{"rendered":"<p>Port\u00e1til <strong>DEP250<\/strong> Motorola\u00a0 es una nueva gama de radios digitales de nivel b\u00e1sico y muy pr\u00e1cticos para profesionales que quieran comunicarse m\u00e1s f\u00e1cilmente y con mayor eficiencia.<\/p>\n<h2>Caracter\u00edsticas<\/h2>\n<p>\u2022 Comunicaciones de voz anal\u00f3gicas\/digitales<br \/>\n\u2022 Anuncio de voz<br \/>\n\u2022 Modo directo de capacidad dual<br \/>\n\u2022 Mensajer\u00eda de texto preprogramada<br \/>\n\u2022 Transmit Interrupt (decodificaci\u00f3n \u00fanicamente)<br \/>\n\u2022 Cumple con los est\u00e1ndares de Radio M\u00f3vil Digital (DMR)<br \/>\n\u2022 Clasificaci\u00f3n IP54<\/p>\n<p>&nbsp;<\/p>\n<p>&nbsp;<\/p>\n","protected":false},"featured_media":1771,"comment_status":"closed","ping_status":"closed","template":"","meta":[],"product_brand":[],"product_cat":[16],"product_tag":[],"class_list":{"0":"post-1772","1":"product","2":"type-product","3":"status-publish","4":"has-post-thumbnail","6":"product_cat-portatiles","8":"first","9":"instock","10":"sale","11":"taxable","12":"shipping-taxable","13":"purchasable","14":"product-type-variable"},"_links":{"self":[{"href":"https:\/\/www.radiospro.cl\/tienda\/wp-json\/wp\/v2\/product\/1772","targetHints":{"allow":["GET"]}}],"collection":[{"href":"https:\/\/www.radiospro.cl\/tienda\/wp-json\/wp\/v2\/product"}],"about":[{"href":"https:\/\/www.radiospro.cl\/tienda\/wp-json\/wp\/v2\/types\/product"}],"replies":[{"embeddable":true,"href":"https:\/\/www.radiospro.cl\/tienda\/wp-json\/wp\/v2\/comments?post=1772"}],"wp:featuredmedia":[{"embeddable":true,"href":"https:\/\/www.radiospro.cl\/tienda\/wp-json\/wp\/v2\/media\/1771"}],"wp:attachment":[{"href":"https:\/\/www.radiospro.cl\/tienda\/wp-json\/wp\/v2\/media?parent=1772"}],"wp:term":[{"taxonomy":"product_brand","embeddable":true,"href":"https:\/\/www.radiospro.cl\/tienda\/wp-json\/wp\/v2\/product_brand?post=1772"},{"taxonomy":"product_cat","embeddable":true,"href":"https:\/\/www.radiospro.cl\/tienda\/wp-json\/wp\/v2\/product_cat?post=1772"},{"taxonomy":"product_tag","embeddable":true,"href":"https:\/\/www.radiospro.cl\/tienda\/wp-json\/wp\/v2\/product_tag?post=1772"}],"curies":[{"name":"wp","href":"https:\/\/api.w.org\/{rel}","templated":true}]}}