{"id":155,"date":"2020-03-24T14:17:23","date_gmt":"2020-03-24T14:17:23","guid":{"rendered":"https:\/\/www.radiomotorola.cl\/tienda\/producto\/pmad4087-antena-vhf-para-microfono-de-seguridad-publica-136-153-mhz-intrinsecamente-segura-fm\/"},"modified":"2025-01-13T12:19:56","modified_gmt":"2025-01-13T16:19:56","slug":"pmad4087-antena-vhf-para-microfono-de-seguridad-publica-136-153-mhz-intrinsecamente-segura-fm","status":"publish","type":"product","link":"https:\/\/www.radiospro.cl\/tienda\/producto\/pmad4087-antena-vhf-para-microfono-de-seguridad-publica-136-153-mhz-intrinsecamente-segura-fm\/","title":{"rendered":"PMAD4087 &#8211; Antena VHF para micr\u00f3fono de seguridad p\u00fablica, 136-153 MHZ &#8211; Intr\u00ednsecamente Segura (FM)"},"content":{"rendered":"<p>Antena Compatible con:      DGP6100         <\/p>\n","protected":false},"excerpt":{"rendered":"<p>Antena Compatible con: DGP6100<\/p>\n","protected":false},"featured_media":213,"comment_status":"open","ping_status":"closed","template":"","meta":[],"product_brand":[],"product_cat":[214],"product_tag":[],"class_list":{"0":"post-155","1":"product","2":"type-product","3":"status-publish","4":"has-post-thumbnail","6":"product_cat-antenas","8":"first","9":"outofstock","10":"sale","11":"taxable","12":"shipping-taxable","13":"purchasable","14":"product-type-simple"},"_links":{"self":[{"href":"https:\/\/www.radiospro.cl\/tienda\/wp-json\/wp\/v2\/product\/155","targetHints":{"allow":["GET"]}}],"collection":[{"href":"https:\/\/www.radiospro.cl\/tienda\/wp-json\/wp\/v2\/product"}],"about":[{"href":"https:\/\/www.radiospro.cl\/tienda\/wp-json\/wp\/v2\/types\/product"}],"replies":[{"embeddable":true,"href":"https:\/\/www.radiospro.cl\/tienda\/wp-json\/wp\/v2\/comments?post=155"}],"wp:featuredmedia":[{"embeddable":true,"href":"https:\/\/www.radiospro.cl\/tienda\/wp-json\/wp\/v2\/media\/213"}],"wp:attachment":[{"href":"https:\/\/www.radiospro.cl\/tienda\/wp-json\/wp\/v2\/media?parent=155"}],"wp:term":[{"taxonomy":"product_brand","embeddable":true,"href":"https:\/\/www.radiospro.cl\/tienda\/wp-json\/wp\/v2\/product_brand?post=155"},{"taxonomy":"product_cat","embeddable":true,"href":"https:\/\/www.radiospro.cl\/tienda\/wp-json\/wp\/v2\/product_cat?post=155"},{"taxonomy":"product_tag","embeddable":true,"href":"https:\/\/www.radiospro.cl\/tienda\/wp-json\/wp\/v2\/product_tag?post=155"}],"curies":[{"name":"wp","href":"https:\/\/api.w.org\/{rel}","templated":true}]}}