{"id":135,"date":"2020-03-21T18:56:56","date_gmt":"2020-03-21T18:56:56","guid":{"rendered":"https:\/\/www.radiomotorola.cl\/tienda\/?post_type=product&#038;p=135"},"modified":"2026-03-06T09:57:53","modified_gmt":"2026-03-06T13:57:53","slug":"vx80","status":"publish","type":"product","link":"https:\/\/www.radiospro.cl\/tienda\/producto\/vx80\/","title":{"rendered":"VX80 Radio Port\u00e1til Vertex Standard"},"content":{"rendered":"<p>Radio Port\u00e1til Vertex Standard VX80 El Radio Port\u00e1til Vertex Standard VX80 es un dispositivo de comunicaci\u00f3n de alta calidad dise\u00f1ado para satisfacer las necesidades de comunicaci\u00f3n en entornos profesionales. Con su dise\u00f1o robusto y duradero, el VX80 es capaz de resistir condiciones adversas y garantizar una comunicaci\u00f3n confiable en todo momento. El Vertex Standard VX80 ofrece una amplia gama de caracter\u00edsticas y funcionalidades avanzadas. Con su potente transmisor y receptor, este radio port\u00e1til proporciona una excelente calidad de audio y una cobertura de largo alcance, lo cual es especialmente beneficioso en entornos de trabajo extensos o en \u00e1reas con obst\u00e1culos. Adem\u00e1s, el VX80 cuenta con una interfaz intuitiva y f\u00e1cil de usar, lo que facilita su operaci\u00f3n, incluso para aquellos usuarios menos familiarizados con los dispositivos de comunicaci\u00f3n. Tambi\u00e9n ofrece opciones de personalizaci\u00f3n y programaci\u00f3n, lo que permite adaptarlo a las necesidades espec\u00edficas de cada usuario o grupo de trabajo. En resumen, el Radio Port\u00e1til Vertex Standard VX80 es una elecci\u00f3n confiable y eficiente para aquellos que requieren una comunicaci\u00f3n fluida y efectiva en entornos profesionales exigentes. Su rendimiento, durabilidad y funcionalidades avanzadas lo convierten en una opci\u00f3n ideal para una variedad de aplicaciones.<\/p>\n<p style=\"font-weight: 400;\"><strong>COMPACTO Y DISCRETO<\/strong><br \/>\nEl tama\u00f1o compacto y discreto del <strong>VX80<\/strong> permite al usuario integrar el radio a las operaciones de su empresa sin problemas.<\/p>\n<p style=\"font-weight: 400;\"><strong>SIMPLE Y CONFIABLE<\/strong><br \/>\nEl radio <strong>VX80<\/strong> es f\u00e1cil de usar y muy confiable para que est\u00e9 siempre en contacto con su equipo.<\/p>\n<p style=\"font-weight: 400;\"><strong>NUNCA M\u00c1S VUELVA A PERDER UNA LLAMADA<\/strong><br \/>\nLas opciones de b\u00fasqueda y b\u00fasqueda prioritaria le permiten programar y configurar sus radios para omitir canales para que pueda comunicarse r\u00e1pidamente utilizando el canal correcto.<\/p>\n<p style=\"font-weight: 400;\"><strong>ANUNCIO DE CANAL<\/strong><br \/>\nAl alternar canales, el radio anuncia el canal actual. El usuario puede alternar canales sin tener que mirar el radio, lo que mejora su productividad.<\/p>\n<p style=\"font-weight: 400;\"><strong>AUDIO FUERTE Y CLARO<\/strong><br \/>\nEl altavoz de 1 vatio le garantiza que las comunicaciones importantes se oigan siempre con claridad aun en entornos ruidosos.<\/p>\n<p style=\"font-weight: 400;\"><strong>CANALES F\u00c1CILES DE PROGRAMAR<\/strong><br \/>\nLos canales pueden ser almacenados por software de programaci\u00f3n.<\/p>\n<p style=\"font-weight: 400;\"><strong>SOLUCIONES DE BATER\u00cdA DE ION DE LITIO<\/strong><br \/>\nCon una autonom\u00eda de hasta 10 horas de conversaci\u00f3n, tanto usted como su equipo pueden completar su turno de trabajo con la tranquilidad de saber que nunca se quedar\u00e1n sin bater\u00eda.<\/p>\n","protected":false},"excerpt":{"rendered":"<p>El radio <strong>VX80<\/strong> es una herramienta de comunicaci\u00f3n rentable pensada tanto para usuarios novatos como de nivel intermedio. Se trata de un radio port\u00e1til con todas las caracter\u00edsticas necesarias para garantizar una comunicaci\u00f3n confiable a un precio asequible.<\/p>\n<h2>CARACTER\u00cdSTICAS VX80<\/h2>\n<p>Indicador de estado de bater\u00eda<br \/>\nModo de ahorro de bater\u00eda<br \/>\nComunicaci\u00f3n directa<br \/>\nCodificaci\u00f3n\/Decodificaci\u00f3n CTCSS\/DCS<br \/>\nAnuncio de canal<br \/>\nVOX interno (transmisi\u00f3n activada por voz)<br \/>\nConector para accesorios de 2 pines<br \/>\nBloqueo de canal ocupado (BCLO)<\/p>\n","protected":false},"featured_media":134,"comment_status":"closed","ping_status":"closed","template":"","meta":[],"product_brand":[],"product_cat":[16],"product_tag":[],"class_list":{"0":"post-135","1":"product","2":"type-product","3":"status-publish","4":"has-post-thumbnail","6":"product_cat-portatiles","8":"first","9":"instock","10":"sale","11":"taxable","12":"shipping-taxable","13":"purchasable","14":"product-type-variable"},"_links":{"self":[{"href":"https:\/\/www.radiospro.cl\/tienda\/wp-json\/wp\/v2\/product\/135","targetHints":{"allow":["GET"]}}],"collection":[{"href":"https:\/\/www.radiospro.cl\/tienda\/wp-json\/wp\/v2\/product"}],"about":[{"href":"https:\/\/www.radiospro.cl\/tienda\/wp-json\/wp\/v2\/types\/product"}],"replies":[{"embeddable":true,"href":"https:\/\/www.radiospro.cl\/tienda\/wp-json\/wp\/v2\/comments?post=135"}],"wp:featuredmedia":[{"embeddable":true,"href":"https:\/\/www.radiospro.cl\/tienda\/wp-json\/wp\/v2\/media\/134"}],"wp:attachment":[{"href":"https:\/\/www.radiospro.cl\/tienda\/wp-json\/wp\/v2\/media?parent=135"}],"wp:term":[{"taxonomy":"product_brand","embeddable":true,"href":"https:\/\/www.radiospro.cl\/tienda\/wp-json\/wp\/v2\/product_brand?post=135"},{"taxonomy":"product_cat","embeddable":true,"href":"https:\/\/www.radiospro.cl\/tienda\/wp-json\/wp\/v2\/product_cat?post=135"},{"taxonomy":"product_tag","embeddable":true,"href":"https:\/\/www.radiospro.cl\/tienda\/wp-json\/wp\/v2\/product_tag?post=135"}],"curies":[{"name":"wp","href":"https:\/\/api.w.org\/{rel}","templated":true}]}}