{"id":125,"date":"2020-03-21T18:42:28","date_gmt":"2020-03-21T18:42:28","guid":{"rendered":"https:\/\/www.radiomotorola.cl\/tienda\/?post_type=product&#038;p=125"},"modified":"2026-03-06T09:58:08","modified_gmt":"2026-03-06T13:58:08","slug":"dgm5500e","status":"publish","type":"product","link":"https:\/\/www.radiospro.cl\/tienda\/producto\/dgm5500e\/","title":{"rendered":"DGM5500e"},"content":{"rendered":"<p>Vers\u00e1til y potente, MOTOTRBO combina lo mejor de la funcionalidad de radio de dos v\u00edas con los \u00faltimos avances en tecnolog\u00eda digital. Los radios Motorola <strong>DGM5500e<\/strong>\u00a0integran voz y datos sin limitaci\u00f3n; ofrecen funciones optimizadas f\u00e1ciles de usar, y aportan beneficios de operaciones empresariales cr\u00edticas, como Bluetooth\u00ae integrado y Audio Inteligente.<\/p>\n<p>Desde los choferes de servicios de entrega que zigzaguean por la cuidad hasta el equipo de higiene urbana que limpia las calles, sus empleados trabajan de forma m\u00e1s inteligente y segura con el radio movil\u00a0<strong>DGM5500e<\/strong>.<\/p>\n<p>Este dispositivo m\u00f3vil con todas las funciones transforma su empresa al ofrecer comunicaciones de voz y datos sin igual, con audio y datos Bluetooth integrados, Tambi\u00e9n obtendr\u00e1 un audio de la mejor calidad, que incluye audio inteligente y una funci\u00f3n personalizable de anuncios de voz.<\/p>\n","protected":false},"excerpt":{"rendered":"<h2><b>Caracter\u00edsticas<\/b><strong> DGM5500e<\/strong><\/h2>\n<ul>\n<li>Niveles de potencia 1-25W, 25-45W (VHF); 1-25W, 25-40W (UHF)<\/li>\n<li>Rango de frecuencia VHF: 136-174 MHz, UHF: 403-470 MHz<\/li>\n<li>Bluetooth integrado de datos y audio<\/li>\n<li>Se\u00f1alizaci\u00f3n de emergencia<\/li>\n<li>Voz y datos integrados<\/li>\n<li>Canal de memoria<\/li>\n<li>Llamada individual<\/li>\n<li>PC programable<\/li>\n<li>Prioridad, Eliminaci\u00f3n del canal de ruidos, Conversaci\u00f3n grupal<\/li>\n<li>Botones programables<\/li>\n<li>Indicador de potencia de se\u00f1al<\/li>\n<li>Se\u00f1alizaci\u00f3n MDC, Quik-Call II<\/li>\n<li>Compatible con mensajer\u00eda de texto<\/li>\n<\/ul>\n<p>&nbsp;<\/p>\n","protected":false},"featured_media":123,"comment_status":"open","ping_status":"closed","template":"","meta":[],"product_brand":[],"product_cat":[27],"product_tag":[40,23],"class_list":{"0":"post-125","1":"product","2":"type-product","3":"status-publish","4":"has-post-thumbnail","6":"product_cat-moviles","7":"product_tag-dgm","8":"product_tag-uhf","10":"first","11":"instock","12":"sale","13":"taxable","14":"shipping-taxable","15":"purchasable","16":"product-type-variable"},"_links":{"self":[{"href":"https:\/\/www.radiospro.cl\/tienda\/wp-json\/wp\/v2\/product\/125","targetHints":{"allow":["GET"]}}],"collection":[{"href":"https:\/\/www.radiospro.cl\/tienda\/wp-json\/wp\/v2\/product"}],"about":[{"href":"https:\/\/www.radiospro.cl\/tienda\/wp-json\/wp\/v2\/types\/product"}],"replies":[{"embeddable":true,"href":"https:\/\/www.radiospro.cl\/tienda\/wp-json\/wp\/v2\/comments?post=125"}],"wp:featuredmedia":[{"embeddable":true,"href":"https:\/\/www.radiospro.cl\/tienda\/wp-json\/wp\/v2\/media\/123"}],"wp:attachment":[{"href":"https:\/\/www.radiospro.cl\/tienda\/wp-json\/wp\/v2\/media?parent=125"}],"wp:term":[{"taxonomy":"product_brand","embeddable":true,"href":"https:\/\/www.radiospro.cl\/tienda\/wp-json\/wp\/v2\/product_brand?post=125"},{"taxonomy":"product_cat","embeddable":true,"href":"https:\/\/www.radiospro.cl\/tienda\/wp-json\/wp\/v2\/product_cat?post=125"},{"taxonomy":"product_tag","embeddable":true,"href":"https:\/\/www.radiospro.cl\/tienda\/wp-json\/wp\/v2\/product_tag?post=125"}],"curies":[{"name":"wp","href":"https:\/\/api.w.org\/{rel}","templated":true}]}}