{"id":121,"date":"2020-03-21T18:31:38","date_gmt":"2020-03-21T18:31:38","guid":{"rendered":"https:\/\/www.radiomotorola.cl\/tienda\/?post_type=product&#038;p=121"},"modified":"2026-03-06T09:58:08","modified_gmt":"2026-03-06T13:58:08","slug":"dgm8000e","status":"publish","type":"product","link":"https:\/\/www.radiospro.cl\/tienda\/producto\/dgm8000e\/","title":{"rendered":"DGM8000e"},"content":{"rendered":"<p>Vers\u00e1til y potente, MOTOTRBO combina lo mejor de la funcionalidad de radio de dos v\u00edas con los \u00faltimos avances en tecnolog\u00eda digital. Las Radios Motorola <strong>DGM8000e <\/strong>integran voz y datos sin limitaci\u00f3n; ofrecen funciones optimizadas f\u00e1ciles de usar, y aportan beneficios de operaciones empresariales cr\u00edticas, como Bluetooth\u00ae integrado y Audio Inteligente.<\/p>\n<h3>CONECTIVIDAD<\/h3>\n<p>La radio base Motorola <strong>DGM8000e <\/strong>y pertenecen a una familia de radios digitales est\u00e1ndar DMR que ofrece voz y datos de misi\u00f3n cr\u00edtica. La funcionalidad de audio Bluetooth\u00ae le permite hablar sin cables, la funci\u00f3n Wi-Fi integrada posibilita la administraci\u00f3n remota y las capacidades de ubicaci\u00f3n y seguimiento tanto para interiores como para exteriores le proporcionan un inmejorable nivel de visibilidad de sus recursos. Su compatibilidad con soluciones de troncalizaci\u00f3n y tecnolog\u00eda anal\u00f3gica existente le permite mantener a su organizaci\u00f3n conectada a medida que se expande.<\/p>\n<h3>SEGURIDAD<\/h3>\n<p>Proteja a su personal con tecnolog\u00eda PTT receptiva. El bot\u00f3n de emergencia saliente de los radios <strong>DGM8000e <\/strong>permite pedir ayuda con solo un toque; emplea Transmit Interrupt para interrumpir la comunicaci\u00f3n de otros trabajadores si fuese necesario. Adem\u00e1s, cuenta con un aceler\u00f3metro integrado que puede detectar si usted se cae y pedir ayuda autom\u00e1ticamente. El radio es sometido a pruebas de conformidad con los est\u00e1ndares militares y cuenta con certificaci\u00f3n de impermeabilidad IP68&#8230; no le fallar\u00e1 nunca.<\/p>\n<h3>PRODUCTIVIDAD<\/h3>\n<p>La mensajer\u00eda de texto y la administraci\u00f3n de \u00f3rdenes de trabajo simplifican las comunicaciones m\u00e1s complejas, y las capacidades de datos admiten aplicaciones avanzadas. Con amplificador de audio redise\u00f1ado, estos radios permiten o\u00edr la voz m\u00e1s fuerte y con mayor claridad, con cancelaci\u00f3n de ruido industrial que mejora la inteligibilidad. Adem\u00e1s, lo \u00faltimo en tecnolog\u00eda de administraci\u00f3n de energ\u00eda ofrece hasta 27 horas de autonom\u00eda de bater\u00eda para tres turnos de trabajo completos, y el receptor mejorado extiende el alcance en hasta un 8%.<\/p>\n","protected":false},"excerpt":{"rendered":"<h2><b>Caracter\u00edsticas<\/b><strong> DGM8000e<\/strong><\/h2>\n<ul>\n<li>Niveles de potencia 1-25W, 25-45W (VHF); 1-25W, 25-40W (UHF)<\/li>\n<li>Rango de frecuencia VHF: 136-174 MHz, UHF: 403-470 MHz<\/li>\n<li><strong>GPS integrado<\/strong><\/li>\n<li>Bluetooth integrado de datos y audio<\/li>\n<li>Se\u00f1alizaci\u00f3n de emergencia<\/li>\n<li>Voz y datos integrados<\/li>\n<li>Canal de memoria<\/li>\n<li>Llamada individual<\/li>\n<li>PC programable<\/li>\n<li>Prioridad, Eliminaci\u00f3n del canal de ruidos, Conversaci\u00f3n grupal<\/li>\n<li>Botones programables<\/li>\n<li>Indicador de potencia de se\u00f1al<\/li>\n<li>Se\u00f1alizaci\u00f3n MDC, Quik-Call II<\/li>\n<li>Compatible con mensajer\u00eda de texto<\/li>\n<\/ul>\n<p>&nbsp;<\/p>\n","protected":false},"featured_media":119,"comment_status":"open","ping_status":"closed","template":"","meta":[],"product_brand":[],"product_cat":[27],"product_tag":[40,23],"class_list":{"0":"post-121","1":"product","2":"type-product","3":"status-publish","4":"has-post-thumbnail","6":"product_cat-moviles","7":"product_tag-dgm","8":"product_tag-uhf","10":"first","11":"instock","12":"sale","13":"taxable","14":"shipping-taxable","15":"purchasable","16":"product-type-variable"},"_links":{"self":[{"href":"https:\/\/www.radiospro.cl\/tienda\/wp-json\/wp\/v2\/product\/121","targetHints":{"allow":["GET"]}}],"collection":[{"href":"https:\/\/www.radiospro.cl\/tienda\/wp-json\/wp\/v2\/product"}],"about":[{"href":"https:\/\/www.radiospro.cl\/tienda\/wp-json\/wp\/v2\/types\/product"}],"replies":[{"embeddable":true,"href":"https:\/\/www.radiospro.cl\/tienda\/wp-json\/wp\/v2\/comments?post=121"}],"wp:featuredmedia":[{"embeddable":true,"href":"https:\/\/www.radiospro.cl\/tienda\/wp-json\/wp\/v2\/media\/119"}],"wp:attachment":[{"href":"https:\/\/www.radiospro.cl\/tienda\/wp-json\/wp\/v2\/media?parent=121"}],"wp:term":[{"taxonomy":"product_brand","embeddable":true,"href":"https:\/\/www.radiospro.cl\/tienda\/wp-json\/wp\/v2\/product_brand?post=121"},{"taxonomy":"product_cat","embeddable":true,"href":"https:\/\/www.radiospro.cl\/tienda\/wp-json\/wp\/v2\/product_cat?post=121"},{"taxonomy":"product_tag","embeddable":true,"href":"https:\/\/www.radiospro.cl\/tienda\/wp-json\/wp\/v2\/product_tag?post=121"}],"curies":[{"name":"wp","href":"https:\/\/api.w.org\/{rel}","templated":true}]}}