{"id":108,"date":"2020-03-20T23:43:16","date_gmt":"2020-03-20T23:43:16","guid":{"rendered":"https:\/\/www.radiomotorola.cl\/tienda\/?post_type=product&#038;p=108"},"modified":"2026-03-06T09:57:57","modified_gmt":"2026-03-06T13:57:57","slug":"dem500","status":"publish","type":"product","link":"https:\/\/www.radiospro.cl\/tienda\/producto\/dem500\/","title":{"rendered":"Radio Motorola DEM500 VHF"},"content":{"rendered":"<p>El poder de las comunicaciones digitales ahora est\u00e1 a su alcance. Los radios Motorola <strong>DEM500 VHF<\/strong> son compactos y<b>\u00a0<\/b>eficientes<b>,\u00a0<\/b>lo cual permite que los trabajadores puedan permanecer conectados, ya sea cuando est\u00e9n recogiendo cargas o transportando pasajeros. Como parte de la familia de radios MOTOTRBO, el radio m\u00f3vil <strong>DEM500<\/strong> ofrece la mejor tecnolog\u00eda de radio digital con caracter\u00edsticas tales como funcionalidad de sistemas de voz integrados, el doble de capacidad de llamadas y comunicaciones de voz m\u00e1s claras. Gracias a la funci\u00f3n de audio inteligente, los conductores no necesitan ajustar el volumen del radio para evitar perderse una llamada, ya que el radio supervisa el ruido de fondo y se ajusta autom\u00e1ticamente.<\/p>\n<p>Para aquellos que todav\u00eda utilizan el modo anal\u00f3gico, el radio <strong>DEM500<\/strong> permite actualizar al modo digital seg\u00fan su propio ritmo y presupuesto, gracias a una escalabilidad simple que permite agregar funciones y caracter\u00edsticas. Este radio tambi\u00e9n es compatible con las caracter\u00edsticas MOTOTRBO avanzadas esenciales para la empresa, como la funci\u00f3n Transmit Interrupt que permite priorizar las comunicaciones cr\u00edticas.<\/p>\n<p>Cuando de capacidad de sistemas de voz digitales asequible se trata, el radio MOTOTRBO <strong>DEM500<\/strong> cumple su funci\u00f3n con claridad y facilidad.<\/p>\n","protected":false},"excerpt":{"rendered":"<h2><b>PRINCIPALES CARACTERISTICAS DEM500<\/b><\/h2>\n<p><b>Funcionalidad Transmit Interrupt<\/b>\u00a0-permite que un usuario interrumpa una conversaci\u00f3n de radio para transmitir una comunicaci\u00f3n cr\u00edtica en el momento y lugar necesarios.<\/p>\n<p><b>Compatible con el conjunto de aplicaciones de administraci\u00f3n de radio<\/b>\u00a0&#8211; programe sus radios con rapidez y eficacia mediante la herramienta de administraci\u00f3n de radio. Los radios se pueden programar en lotes seg\u00fan una plantilla estandarizada, lo que garantiza resultados sin errores y un rendimiento \u00f3ptimo.<\/p>\n<p><b>Programaci\u00f3n remota (OTAP)\u00a0<\/b>&#8211; administra, escribe y lee hasta 5.000 configuraciones de radio por aire.<\/p>\n<p><b>Audio inteligente<\/b>\u00a0\u2013 el volumen del radio se ajusta autom\u00e1ticamente para compensar el ruido de fondo y, de esta forma, evitar que los trabajadores deban ajustar el volumen de su radio para evitar perder llamadas en condiciones de mucho ruido y molestar a otros cuando se alejan a lugares menos ruidosos.<\/p>\n<p><b>Privacidad mejorada<\/b>\u00a0&#8211; codificaci\u00f3n integrada para mayor seguridad.<\/p>\n<p><b>Audio IMPRES\u2122<\/b>\u00a0&#8211; ya sea un murmullo durante una operaci\u00f3n encubierta en un callej\u00f3n oscuro o en un contexto con mucho ruido en donde se deben dar \u00f3rdenes, como en un incendio, los accesorios de audio IMPRES tienen un volumen alto y son claros, tanto en modo anal\u00f3gico como digital.<\/p>\n<p><b>Funcionalidad de los sistemas\u00a0<\/b>&#8211; experimente la cobertura de gran alcance de MOTOTRBO. IP Site Connect utiliza Internet para extender la cobertura y crear una red de \u00e1rea amplia, mientras que el enlace troncal de sitio individual Capacity Plus expande la capacidad a m\u00e1s de 1.000 usuarios sin agregar frecuencias nuevas.<\/p>\n<p><b>Con calificaci\u00f3n IP54<\/b>\u00a0\u2013 protege su radio de la lluvia intensa.<\/p>\n<h3>Principales caracter\u00edsticas t\u00e9cnicas<\/h3>\n<ul>\n<li>Modo dual digital<\/li>\n<li>Comunicaciones de voz<\/li>\n<li>Pantalla alfanum\u00e9rica<\/li>\n<li>Audio Inteligente<\/li>\n<li>Privacidad b\u00e1sica<\/li>\n<li>Audio IMPRES\u2122<\/li>\n<li>Modo directo de capacidad dual (solo en versi\u00f3n digital)<\/li>\n<li>Anuncio por voz<\/li>\n<li>Cumple con los est\u00e1ndares de Radio M\u00f3vil Digital (DMR)<\/li>\n<li>Cumple con las reglas de Narrowbanding<\/li>\n<li>Clasificaci\u00f3n IP54<\/li>\n<li>Apto para sistemas convencionales (solo IPSC).<\/li>\n<li>Canales: 128 canales Anal\u00f3gica o Digital<\/li>\n<li>Alta potencia: 45w<\/li>\n<li>Frecuencia: 136-174 mHz VHF<\/li>\n<li>Peso: 1.3 kg.<\/li>\n<\/ul>\n<p>&nbsp;<\/p>\n<p>&nbsp;<\/p>\n","protected":false},"featured_media":110,"comment_status":"open","ping_status":"closed","template":"","meta":[],"product_brand":[],"product_cat":[27],"product_tag":[34,39,20],"class_list":{"0":"post-108","1":"product","2":"type-product","3":"status-publish","4":"has-post-thumbnail","6":"product_cat-moviles","7":"product_tag-25w","8":"product_tag-dem500","9":"product_tag-vhf","11":"first","12":"instock","13":"sale","14":"taxable","15":"shipping-taxable","16":"purchasable","17":"product-type-simple"},"_links":{"self":[{"href":"https:\/\/www.radiospro.cl\/tienda\/wp-json\/wp\/v2\/product\/108","targetHints":{"allow":["GET"]}}],"collection":[{"href":"https:\/\/www.radiospro.cl\/tienda\/wp-json\/wp\/v2\/product"}],"about":[{"href":"https:\/\/www.radiospro.cl\/tienda\/wp-json\/wp\/v2\/types\/product"}],"replies":[{"embeddable":true,"href":"https:\/\/www.radiospro.cl\/tienda\/wp-json\/wp\/v2\/comments?post=108"}],"wp:featuredmedia":[{"embeddable":true,"href":"https:\/\/www.radiospro.cl\/tienda\/wp-json\/wp\/v2\/media\/110"}],"wp:attachment":[{"href":"https:\/\/www.radiospro.cl\/tienda\/wp-json\/wp\/v2\/media?parent=108"}],"wp:term":[{"taxonomy":"product_brand","embeddable":true,"href":"https:\/\/www.radiospro.cl\/tienda\/wp-json\/wp\/v2\/product_brand?post=108"},{"taxonomy":"product_cat","embeddable":true,"href":"https:\/\/www.radiospro.cl\/tienda\/wp-json\/wp\/v2\/product_cat?post=108"},{"taxonomy":"product_tag","embeddable":true,"href":"https:\/\/www.radiospro.cl\/tienda\/wp-json\/wp\/v2\/product_tag?post=108"}],"curies":[{"name":"wp","href":"https:\/\/api.w.org\/{rel}","templated":true}]}}