{"id":107,"date":"2020-03-20T23:37:19","date_gmt":"2020-03-20T23:37:19","guid":{"rendered":"https:\/\/www.radiomotorola.cl\/tienda\/?post_type=product&#038;p=107"},"modified":"2025-11-07T17:05:35","modified_gmt":"2025-11-07T21:05:35","slug":"dgp8550e","status":"publish","type":"product","link":"https:\/\/www.radiospro.cl\/tienda\/producto\/dgp8550e\/","title":{"rendered":"Radio Motorola DGP 8550e VHF o UHF"},"content":{"rendered":"<p>Desde el trabajador de f\u00e1brica que produce componentes al personal en ruta que realiza reparaciones, el <strong>radio motorola DGP 8550e<\/strong>\u00a0transformar su empresa y lograr que las comunicaciones entre los empleados sean m\u00e1s inteligentes y seguras. Nuestra alta calidad de audio y capacidades inigualables de datos transforman al trabajador m\u00f3vil como nunca antes se vio.<\/p>\n<p>El radio port\u00e1til <strong>DGP8550<\/strong>\u00a0ofrece comunicaciones de voz y datos inigualables con audio y datos por Bluetooth\u00ae integrado, GPS integrado y audio de la mejor calidad que incluye Audio Inteligente y anuncio de voz personalizable.<\/p>\n<p>El radio <strong>DGP8550<\/strong>\u00a0est\u00e1 disponible en bandas de frecuencia UHF y VHF e incluye soporte para hasta 1000 canales, tres botones programables, bot\u00f3n de emergencia, especificaciones IP57 para sumergibilidad y opci\u00f3n de seguridad intr\u00ednseca FM.<\/p>\n<p><strong>Audio de la mejor calidad<\/strong><br \/>\nPotente altavoz frontal y funci\u00f3n de audio inteligente que ajusta autom\u00e1ticamente el volumen del radio seg\u00fan el nivel de ruido del ambiente.<\/p>\n<p><strong>GPS integrado<\/strong><br \/>\nLocalice equipos de trabajo m\u00f3viles con el GPS integrado.<\/p>\n<p><strong>Audio y datos por Bluetooth\u00ae integrado<\/strong><br \/>\nEst\u00e1 integrado al radio y permite la conectividad con accesorios inal\u00e1mbricos, incluidos los exclusivos auriculares inal\u00e1mbricos para uso cr\u00edtico de Motorola, dise\u00f1ados para ofrecer comunicaciones resistentes y confiables. Comparta f\u00e1cilmente informaci\u00f3n en tiempo real con solo conectar los radios con dispositivos de datos compatibles con Bluetooth\u00ae.<\/p>\n<p><strong>Aplicaciones de datos que mejoran la productividad<\/strong><br \/>\nIncluye el programa de desarrollo de aplicaciones m\u00e1s grande de la industria, que ofrece una amplia variedad de aplicaciones personalizadas: rastreo de ubicaci\u00f3n, datos de Bluetooth\u00ae, puertas de enlace de correo electr\u00f3nico, despacho, telefon\u00eda, trabajador accidentado, administraci\u00f3n de \u00f3rdenes de trabajo.<\/p>\n<p><strong>Mensajer\u00eda de texto<\/strong><br \/>\nUtilice la mensajer\u00eda de texto cuando se requiera discreci\u00f3n o deban realizarse comunicaciones de rutina sin interrumpir a trabajadores o invitados.<\/p>\n<h2><strong>CALIDAD DE AUDIO SUPERIOR A LA ESPERADA EN LOS EQUIPOS<\/strong><\/h2>\n<p>En lo que a claridad de audio respecta, la calidad de la tecnolog\u00eda digital es indiscutible. Los radios port\u00e1tiles le ofrecen rendimiento de audio digital en toda su \u00e1rea de cobertura, adem\u00e1s de exclusivas funcionalidades que ayudar\u00e1n a sus empleados a escuchar y ser escuchados m\u00e1s claramente, independientemente del entorno en el que se encuentren.<\/p>\n<p>La funci\u00f3n de Audio Inteligente autom\u00e1ticamente ajusta el volumen del radio seg\u00fan el ruido de fondo, de modo tal que el trabajador no tenga que estar constantemente ajustando el volumen de su radio para evitar perder llamadas en entornos altamente ruidosos o molestar a los dem\u00e1s al ingresar en \u00e1reas silenciosas. La funci\u00f3n optimizada de supresi\u00f3n de ruido de fondo ayuda a filtrar el ruido externo no deseado, incluso el ruido de maquinaria pesada y motores en marcha.<\/p>\n<p>La funci\u00f3n de audio Bluetooth\u00ae viene integrada al radio, de modo que no se requiere adaptador alguno para el uso de accesorios inal\u00e1mbricos. Adem\u00e1s, los accesorios de audio IMPRES\u2122 optimizan la funci\u00f3n de supresi\u00f3n de ruido y mejoran la inteligibilidad de la voz, experimentando as\u00ed los accesorios m\u00e1s inteligentes de su clase.<\/p>\n","protected":false},"excerpt":{"rendered":"<h2><strong>Caracteristicas<\/strong><\/h2>\n<ul>\n<li>Canales: 1000<\/li>\n<li>Frecuencia: VHF 136-174 MHz, UHF, 403-512 MHz<\/li>\n<li>Ergon\u00f3mico y ligero<\/li>\n<li>Potencia:\u00a0 VHF 5 watts, VHF 4 watts<\/li>\n<li>Pantalla alfanum\u00e9rica de alta definici\u00f3n<\/li>\n<li>Audio y datos v\u00eda Bluetooth\u2122<\/li>\n<li>GPS integrado<\/li>\n<li>Certificado como intr\u00ednsecamente seguro con bater\u00eda FM<\/li>\n<li>Bot\u00f3n para emergencias<\/li>\n<li>Conector IP57 para accesorios<\/li>\n<li>Eliminaci\u00f3n de canal no deseado o ruidoso<\/li>\n<li>Potencia de audio de 500 mWatts<\/li>\n<li>Alarma de bater\u00eda baja<\/li>\n<li>Prueba de vida acelerada Motorola ALTTM: lluvia, polvo, salitre, choque de temperaturas, impacto, vibraci\u00f3n, radiaci\u00f3n solar<\/li>\n<li>Cumple con 11 est\u00e1ndares militares MIL-STD-810 C\/D\/E\/F\/G<\/li>\n<li><\/li>\n<\/ul>\n<h2><strong>DGP8550e <\/strong><strong>Certificada como intr\u00ednsecamente segura<\/strong><\/h2>\n<p>Certificada como intr\u00ednsecamente segura mediante la aprobaci\u00f3n FM cuando se compra y equipa con una\u00a0bater\u00eda FM\u00a0para el uso en ambientes peligrosos.<\/p>\n<h2>Utilizado en las siguientes Faenas Mineras:<\/h2>\n<ul>\n<li>Quebrada Blanca (QB) con Licencia Capacity Max<\/li>\n<li>Centinela con Licencia Capacity Max<\/li>\n<li>Kinross La Coipa<\/li>\n<li>Minera Zaldivar<\/li>\n<li>Goldfields Salares Norte<\/li>\n<li>Pucobre El Espino<\/li>\n<li>Mantos Verdes<\/li>\n<li>Lomas Bayas<\/li>\n<\/ul>\n<p><strong><span style=\"color: #ff0000;\">\u00a0<\/span><\/strong><\/p>\n","protected":false},"featured_media":106,"comment_status":"open","ping_status":"closed","template":"","meta":[],"product_brand":[],"product_cat":[16],"product_tag":[],"class_list":{"0":"post-107","1":"product","2":"type-product","3":"status-publish","4":"has-post-thumbnail","6":"product_cat-portatiles","8":"first","9":"outofstock","10":"taxable","11":"shipping-taxable","12":"product-type-simple"},"_links":{"self":[{"href":"https:\/\/www.radiospro.cl\/tienda\/wp-json\/wp\/v2\/product\/107","targetHints":{"allow":["GET"]}}],"collection":[{"href":"https:\/\/www.radiospro.cl\/tienda\/wp-json\/wp\/v2\/product"}],"about":[{"href":"https:\/\/www.radiospro.cl\/tienda\/wp-json\/wp\/v2\/types\/product"}],"replies":[{"embeddable":true,"href":"https:\/\/www.radiospro.cl\/tienda\/wp-json\/wp\/v2\/comments?post=107"}],"wp:featuredmedia":[{"embeddable":true,"href":"https:\/\/www.radiospro.cl\/tienda\/wp-json\/wp\/v2\/media\/106"}],"wp:attachment":[{"href":"https:\/\/www.radiospro.cl\/tienda\/wp-json\/wp\/v2\/media?parent=107"}],"wp:term":[{"taxonomy":"product_brand","embeddable":true,"href":"https:\/\/www.radiospro.cl\/tienda\/wp-json\/wp\/v2\/product_brand?post=107"},{"taxonomy":"product_cat","embeddable":true,"href":"https:\/\/www.radiospro.cl\/tienda\/wp-json\/wp\/v2\/product_cat?post=107"},{"taxonomy":"product_tag","embeddable":true,"href":"https:\/\/www.radiospro.cl\/tienda\/wp-json\/wp\/v2\/product_tag?post=107"}],"curies":[{"name":"wp","href":"https:\/\/api.w.org\/{rel}","templated":true}]}}