{"id":103,"date":"2020-03-20T23:27:16","date_gmt":"2020-03-20T23:27:16","guid":{"rendered":"https:\/\/www.radiomotorola.cl\/tienda\/?post_type=product&#038;p=103"},"modified":"2025-11-07T17:06:10","modified_gmt":"2025-11-07T21:06:10","slug":"dgp5550e","status":"publish","type":"product","link":"https:\/\/www.radiospro.cl\/tienda\/producto\/dgp5550e\/","title":{"rendered":"DGP5550e VHF UHF"},"content":{"rendered":"<p>CONECTIVIDAD<\/p>\n<p>Los radios MOTOTRBO Series <strong>DGP5550e<\/strong>\u00a0y pertenecen a una familia de radios digitales est\u00e1ndar DMR que ofrece voz y datos de misi\u00f3n cr\u00edtica. La funcionalidad de audio Bluetooth\u00ae le permite hablar sin cables, la funci\u00f3n Wi-Fi integrada posibilita la administraci\u00f3n remota y las capacidades de ubicaci\u00f3n y seguimiento tanto para interiores como para exteriores le proporcionan un inmejorable nivel de visibilidad de sus recursos. Su compatibilidad con soluciones de troncalizaci\u00f3n y tecnolog\u00eda anal\u00f3gica existente le permite mantener a su organizaci\u00f3n conectada a medida que se expande.<\/p>\n<p>SEGURIDAD<\/p>\n<p>Proteja a su personal con tecnolog\u00eda PTT receptiva. El bot\u00f3n de emergencia saliente de los radios de las Series MOTOTRBO DGP5550e permite pedir ayuda con solo un toque; emplea Transmit Interrupt para interrumpir la comunicaci\u00f3n de otros trabajadores si fuese necesario. Adem\u00e1s, cuenta con un aceler\u00f3metro integrado que puede detectar si usted se cae y pedir ayuda autom\u00e1ticamente. El radio es sometido a pruebas de conformidad con los est\u00e1ndares militares y cuenta con certificaci\u00f3n de impermeabilidad IP68&#8230; no le fallar\u00e1 nunca.<\/p>\n<p>PRODUCTIVIDAD<\/p>\n<p>La mensajer\u00eda de texto y la administraci\u00f3n de \u00f3rdenes de trabajo simplifican las comunicaciones m\u00e1s complejas, y las capacidades de datos admiten aplicaciones avanzadas. Con amplificador de audio redise\u00f1ado, estos radios permiten o\u00edr la voz m\u00e1s fuerte y con mayor claridad, con cancelaci\u00f3n de ruido industrial que mejora la inteligibilidad. Adem\u00e1s, lo \u00faltimo en tecnolog\u00eda de administraci\u00f3n de energ\u00eda ofrece hasta 27 horas de autonom\u00eda de bater\u00eda para tres turnos de trabajo completos, y el receptor mejorado extiende el alcance en hasta un 8%.<\/p>\n","protected":false},"excerpt":{"rendered":"<p>Esta evoluci\u00f3n din\u00e1mica de los radios digitales de dos v\u00edas MOTOTRBO lo ayuda a mejorar su conectividad, seguridad y productividad. Las Series\u00a0<strong>DGP5550e<\/strong>\u00a0 han sido dise\u00f1adas para el profesional especializado que se niega a ceder. Con voz y datos de alto desempe\u00f1o integrados y funciones avanzadas para operaci\u00f3n eficiente, estos radios de pr\u00f3xima generaci\u00f3n ofrecen de conectividad total para su organizaci\u00f3n.<\/p>\n<p>Vea las nuevas caracter\u00edsticas de estos radios de pr\u00f3xima generaci\u00f3n:<\/p>\n<h2>Caracter\u00edsticas DGP5550e<\/h2>\n<ul>\n<li>Aceler\u00f3metro integrado para la funci\u00f3n Trabajador Accidentado opcional<\/li>\n<li>Bluetooth\u00ae 4.0<\/li>\n<li>Seguimiento y ubicaci\u00f3n en interiores<\/li>\n<li>Wi-Fi integrado<\/li>\n<li>Actualizaciones de software por aire<\/li>\n<li>Calidad de audio mejorada<\/li>\n<li>Capacidad de ampliaci\u00f3n mejorada<\/li>\n<li>Bater\u00eda de mayor duraci\u00f3n (hasta 29 horas)<\/li>\n<li>Mayor alcance (hasta un 8%)<\/li>\n<li>Mayor resistencia al agua (IP68)<\/li>\n<\/ul>\n<p>&nbsp;<\/p>\n<h2><strong>DGP5550e Certificada como intr\u00ednsecamente segura<\/strong><\/h2>\n<p>Certificada como intr\u00ednsecamente segura mediante la aprobaci\u00f3n FM cuando se compra y equipa con una\u00a0bater\u00eda FM\u00a0para el uso en ambientes peligrosos.<\/p>\n<p>&nbsp;<\/p>\n","protected":false},"featured_media":102,"comment_status":"open","ping_status":"closed","template":"","meta":[],"product_brand":[],"product_cat":[16],"product_tag":[],"class_list":{"0":"post-103","1":"product","2":"type-product","3":"status-publish","4":"has-post-thumbnail","6":"product_cat-portatiles","8":"first","9":"outofstock","10":"taxable","11":"shipping-taxable","12":"product-type-simple"},"_links":{"self":[{"href":"https:\/\/www.radiospro.cl\/tienda\/wp-json\/wp\/v2\/product\/103","targetHints":{"allow":["GET"]}}],"collection":[{"href":"https:\/\/www.radiospro.cl\/tienda\/wp-json\/wp\/v2\/product"}],"about":[{"href":"https:\/\/www.radiospro.cl\/tienda\/wp-json\/wp\/v2\/types\/product"}],"replies":[{"embeddable":true,"href":"https:\/\/www.radiospro.cl\/tienda\/wp-json\/wp\/v2\/comments?post=103"}],"wp:featuredmedia":[{"embeddable":true,"href":"https:\/\/www.radiospro.cl\/tienda\/wp-json\/wp\/v2\/media\/102"}],"wp:attachment":[{"href":"https:\/\/www.radiospro.cl\/tienda\/wp-json\/wp\/v2\/media?parent=103"}],"wp:term":[{"taxonomy":"product_brand","embeddable":true,"href":"https:\/\/www.radiospro.cl\/tienda\/wp-json\/wp\/v2\/product_brand?post=103"},{"taxonomy":"product_cat","embeddable":true,"href":"https:\/\/www.radiospro.cl\/tienda\/wp-json\/wp\/v2\/product_cat?post=103"},{"taxonomy":"product_tag","embeddable":true,"href":"https:\/\/www.radiospro.cl\/tienda\/wp-json\/wp\/v2\/product_tag?post=103"}],"curies":[{"name":"wp","href":"https:\/\/api.w.org\/{rel}","templated":true}]}}