{"id":1809,"date":"2020-09-16T19:16:33","date_gmt":"2020-09-16T19:16:33","guid":{"rendered":"https:\/\/www.radiomotorola.cl\/tienda\/request-quote\/"},"modified":"2026-03-29T09:06:53","modified_gmt":"2026-03-29T13:06:53","slug":"request-quote","status":"publish","type":"page","link":"https:\/\/www.radiospro.cl\/tienda\/request-quote\/","title":{"rendered":"Solicitud de Presupuesto"},"content":{"rendered":"\n<div class=\"woocommerce ywraq-wrapper ywraq-empty\">\n\t\t\t<div id=\"yith-ywraq-message\"><div class=\"ywraq-question-message\">\n\t<\/div>\n<\/div>\n\t\t\n\t\t\t\t<div class=\"ywraq-form-table-wrapper vertical\">\n\t\t\t<div class=\"ywraq-before-form\">\n\t<p class=\"ywraq_list_empty_message\">Tu lista est\u00e1 vac\u00eda, a\u00f1ade productos a la lista para enviar una solicitud<p><p class=\"return-to-shop\"><a class=\"button wc-backward\" href=\"https:\/\/www.radiospro.cl\/tienda\/home\/\">Volver a la tienda<\/a><\/p><\/div>\n\t\t\t\t\t<\/div>\n\t<\/div>\n\n","protected":false},"excerpt":{"rendered":"","protected":false},"author":1,"featured_media":0,"parent":0,"menu_order":0,"comment_status":"closed","ping_status":"closed","template":"","meta":{"footnotes":""},"class_list":["post-1809","page","type-page","status-publish","hentry"],"_links":{"self":[{"href":"https:\/\/www.radiospro.cl\/tienda\/wp-json\/wp\/v2\/pages\/1809","targetHints":{"allow":["GET"]}}],"collection":[{"href":"https:\/\/www.radiospro.cl\/tienda\/wp-json\/wp\/v2\/pages"}],"about":[{"href":"https:\/\/www.radiospro.cl\/tienda\/wp-json\/wp\/v2\/types\/page"}],"author":[{"embeddable":true,"href":"https:\/\/www.radiospro.cl\/tienda\/wp-json\/wp\/v2\/users\/1"}],"replies":[{"embeddable":true,"href":"https:\/\/www.radiospro.cl\/tienda\/wp-json\/wp\/v2\/comments?post=1809"}],"version-history":[{"count":5,"href":"https:\/\/www.radiospro.cl\/tienda\/wp-json\/wp\/v2\/pages\/1809\/revisions"}],"predecessor-version":[{"id":5033,"href":"https:\/\/www.radiospro.cl\/tienda\/wp-json\/wp\/v2\/pages\/1809\/revisions\/5033"}],"wp:attachment":[{"href":"https:\/\/www.radiospro.cl\/tienda\/wp-json\/wp\/v2\/media?parent=1809"}],"curies":[{"name":"wp","href":"https:\/\/api.w.org\/{rel}","templated":true}]}}