{"id":1687,"date":"2020-06-25T19:49:54","date_gmt":"2020-06-25T19:49:54","guid":{"rendered":"https:\/\/www.radiomotorola.cl\/tienda\/?page_id=1687"},"modified":"2024-05-29T16:41:10","modified_gmt":"2024-05-29T20:41:10","slug":"como-comprar","status":"publish","type":"page","link":"https:\/\/www.radiospro.cl\/tienda\/como-comprar\/","title":{"rendered":"\u00bfComo comprar?"},"content":{"rendered":"<p><strong><u>POLITICAS DE COMPRA<\/u><\/strong><\/p>\n<p>El procedimiento de compra en <a href=\"https:\/\/www.radiospro.cl\">https:\/\/www.radiospro.cl\/<\/a> es bastante simple y expedito, pero es esencial saber con exactitud el equipo de radio o accesorio que quieras comprar. Entre las buenas pr\u00e1cticas para tener una compra sin problemas, te recomendamos lo siguiente:<\/p>\n<ol>\n<li>Identificar con claridad el equipo de radio que necesitas comprar, indicando si es un equipo VHF o UHF.<\/li>\n<li>Identificar con claridad el accesorio que quieras comprar o tener claridad para que modelo de radio necesitas ese accesorio.<\/li>\n<li>Una vez definido ambos puntos, puedes contactar a un vendedor a trav\u00e9s de los distintos medios de contacto, ya sea a trav\u00e9s de correo electr\u00f3nico (<a href=\"mailto:ventas@radiospro.cl\">ventas@radiospro.cl<\/a>) o a trav\u00e9s del formulario de contacto.<\/li>\n<li>Tambi\u00e9n puedes comprar a trav\u00e9s de la tienda en l\u00ednea\u00a0 y rellenar el formulario de contacto que se encuentra en cada producto.<\/li>\n<\/ol>\n<p><strong><u>PAGO DE PRODUCTOS<\/u><\/strong><\/p>\n<p><strong>Pago contado:<\/strong><\/p>\n<p>Se realiza a trav\u00e9s de transferencia a la cuenta corriente de nuestra empresa:<\/p>\n<p>PROCOMIT SPA &#8211; 76981092-7<br \/>\nBanco Santander<br \/>\nCta Corriente: 74134327<br \/>\nenviar comprobante de transferencia a:\u00a0contacto@procomit.cl<br \/>\nIndicar \u00abN\u00famero de Cotizaci\u00f3n XX\u00bb<\/p>\n<p><strong>Orden de compra y cr\u00e9dito<\/strong><\/p>\n<p>Para la gesti\u00f3n de ordenes de compra es requisito una evaluaci\u00f3n comercial por parte de nuestra empresa hacia el cliente, se solicita una serie de documentos para su evaluaci\u00f3n y posterior aprobaci\u00f3n.<\/p>\n<p><strong>Documentos requeridos:<\/strong><\/p>\n<ul>\n<li>Escritura de Constituci\u00f3n de Sociedad, Certificado Vigencia y Poderes.<\/li>\n<li>RUT de Empresa y del Representante Legal (Fotocopias).<\/li>\n<li>6 \u00faltimos Pagos de I.V.A.<\/li>\n<li>\u00daltima Declaraci\u00f3n de Renta.<\/li>\n<\/ul>\n<p><strong>POLITICAS DE DESPACHO<\/strong><\/p>\n<p>El despacho se realiza a trav\u00e9s de empresa interna y se cuenta con despacho gratis por compras sobre <strong>$200.000 IVA incluido<\/strong>. Si la compra es menor a ese valor, se considera un valor de despacho de $10.000.<\/p>\n<p>El tiempo de despacho es variable, pero se estima entre 1 a 3 d\u00edas h\u00e1biles. Una vez procesada la compra se enviar\u00e1 un n\u00famero de seguimiento de su compra, para su revisi\u00f3n.<\/p>\n<p><strong>GARANTIA <\/strong><\/p>\n<p>Los equipos de radio cuentan con garant\u00eda de f\u00e1brica de 2 a\u00f1os, esta garant\u00eda s\u00f3lo cubre fallas de f\u00e1bricas y no da\u00f1os por mal uso.<\/p>\n<p>Los accesorios cuentan con garant\u00eda de f\u00e1brica de 6 meses, esta garant\u00eda s\u00f3lo cubre fallas de f\u00e1bricas y no da\u00f1os por mal uso.<\/p>\n","protected":false},"excerpt":{"rendered":"<p>Compra en linea y recibe los productos en tu casa u oficina.<\/p>\n","protected":false},"author":1,"featured_media":0,"parent":0,"menu_order":0,"comment_status":"closed","ping_status":"closed","template":"","meta":{"footnotes":""},"class_list":["post-1687","page","type-page","status-publish","hentry"],"_links":{"self":[{"href":"https:\/\/www.radiospro.cl\/tienda\/wp-json\/wp\/v2\/pages\/1687","targetHints":{"allow":["GET"]}}],"collection":[{"href":"https:\/\/www.radiospro.cl\/tienda\/wp-json\/wp\/v2\/pages"}],"about":[{"href":"https:\/\/www.radiospro.cl\/tienda\/wp-json\/wp\/v2\/types\/page"}],"author":[{"embeddable":true,"href":"https:\/\/www.radiospro.cl\/tienda\/wp-json\/wp\/v2\/users\/1"}],"replies":[{"embeddable":true,"href":"https:\/\/www.radiospro.cl\/tienda\/wp-json\/wp\/v2\/comments?post=1687"}],"version-history":[{"count":0,"href":"https:\/\/www.radiospro.cl\/tienda\/wp-json\/wp\/v2\/pages\/1687\/revisions"}],"wp:attachment":[{"href":"https:\/\/www.radiospro.cl\/tienda\/wp-json\/wp\/v2\/media?parent=1687"}],"curies":[{"name":"wp","href":"https:\/\/api.w.org\/{rel}","templated":true}]}}